{"id":94,"date":"2023-07-11T10:55:46","date_gmt":"2023-07-11T10:55:46","guid":{"rendered":"http:\/\/193.194.89.177\/lobem_wp\/?page_id=94"},"modified":"2023-07-11T10:55:47","modified_gmt":"2023-07-11T10:55:47","slug":"encadrement-de-magister","status":"publish","type":"page","link":"https:\/\/lobem.usthb.dz\/index.php\/encadrement-de-magister\/","title":{"rendered":"Encadrement de Magister"},"content":{"rendered":"\n<p><\/p>\n\n\n\n<h1>&nbsp;<\/h1>\n\n\n\n<hr class=\"wp-block-separator has-alpha-channel-opacity\"\/>\n\n\n\n<ol>\n<li>Labidi Naciba sur&nbsp;: Ecologie, biologie et exploitation du thon rouge Thunnus thynnus (Linn\u00e9, 1758) des c\u00f4tes alg\u00e9riennes. Soutenance Juillet 2011. Promoteur Nouar<\/li>\n\n\n\n<li>Benbartaoui F. sur&nbsp;: Biologie de la reproduction et indices d\u2019exploitation de deux esp\u00e8ces de crevette Aristeus antennatus (Risso, 1816) et Parapenaeus longirostris (Lucas, 1846) dans la r\u00e9gion d\u2019Alger. Travaux en cours. Promoteur Nouar<\/li>\n\n\n\n<li>Lamri Lynda sur&nbsp;: Contribution \u00e0 l\u2019\u00e9tude de la carpe commune, Cyprinus carpio&nbsp;: la syst\u00e9matique, l\u2019\u00e9cologie et quelques aspects de sa biologie. Soutenance en f\u00e9vrier 2012. Promoteur Harchouche<\/li>\n\n\n\n<li>Djouahra Chafika sur Contribution \u00e0 l\u2019\u00e9tude des Sparid\u00e9s du genre Diplodus dans la r\u00e9gion d\u2019Alger&nbsp;: syst\u00e9matique, \u00e9cologie et biologie de Diplodus sargus (Linn\u00e9, 1758). Soutenance en avril 2012. Promoteur Harchouche<\/li>\n\n\n\n<li>Boufersaoui Samira sur&nbsp;: Contribution \u00e0 l\u2019\u00e9tude du Sparid\u00e9 Pagellus acarne (Risso, 1826) dans la r\u00e9gion d\u2019Alger&nbsp;: la structure des peuplements associ\u00e9s, les indices de reproduction, la croissance et l\u2019exploitation. Soutenance en octobre 2012. Promoteur Harchouche<\/li>\n\n\n\n<li>Rouidi Samir sur&nbsp;: Contribution \u00e0 l\u2019\u00e9tude du pageot rose (Pagellus erythrinus) dans la r\u00e9gion de Jijel&nbsp;: les associations ichtyologiques, la biologie et l\u2019exploitation. Soutenu en Mai 2011. Promoteur Harchouche<\/li>\n\n\n\n<li>Zouaoui Samah sur&nbsp;: Contribution \u00e0 l\u2019\u00e9tude de la bogue (Boops boops) dans la r\u00e9gion d\u2019Alger&nbsp;: la structure des peuplements associ\u00e9s, la biologie et l\u2019exploitation. (Etudiante en situation d\u2019abondant). Promoteur Harchouche<\/li>\n\n\n\n<li>Meghouche Mohamed Amine (ENSSMAL) sur&nbsp;: Le gros yeux Pagellus bogaraveo (Br\u00fcnnich, 1768) de la r\u00e9gion alg\u00e9roise et du Cap Djenet&nbsp;: les peuplements associ\u00e9s, la croissance et l\u2019exploitation. Soutenance pr\u00e9vue en Octobre 2013). Promoteur Harchouche<\/li>\n\n\n\n<li>Kheloui Hana (ENSSMAL) sur&nbsp;: Ecologie, croissance et exploitation d\u2019un repr\u00e9sentant des Triglidae, le grondin&nbsp;: Chelidonichthys lucernus (Linnaeus, 1758) des c\u00f4tes alg\u00e9riennes. Soutenance pr\u00e9vue en Octobre 2013 Promoteur Harchouche<\/li>\n\n\n\n<li>Meghouche Mohamed Amine (ENSSMAL) sur&nbsp;: Le gros yeux Pagellus bogaraveo (Br\u00fcnnich, 1768) de la r\u00e9gion alg\u00e9roise et du Cap Djenet&nbsp;: les peuplements associ\u00e9s, la croissance et l\u2019exploitation. Soutenu le 18\/12\/2014.<\/li>\n\n\n\n<li>Kheloui Hana (ENSSMAL) sur&nbsp;: Ecologie, croissance et exploitation d\u2019un repr\u00e9sentant des Triglidae, le grondin&nbsp;: Chelidonichthys lucernus (Linnaeus, 1758) des c\u00f4tes alg\u00e9riennes. Soutenu le 18\/12\/2014<\/li>\n\n\n\n<li>Betatache n\u00e9e Alik Ourida (Universit\u00e9 de B\u00e9ja\u00efa 2012) sur&nbsp;: Biologie de la reproduction et dynamique du merlu, Merluccius merlucius (Linnaeus, 1758) de la c\u00f4te-Est alg\u00e9rienne. Soutenance pr\u00e9vue pour octobre 2015.<\/li>\n<\/ol>\n","protected":false},"excerpt":{"rendered":"<p>&nbsp;<\/p>\n","protected":false},"author":1,"featured_media":0,"parent":0,"menu_order":0,"comment_status":"closed","ping_status":"closed","template":"","meta":[],"_links":{"self":[{"href":"https:\/\/lobem.usthb.dz\/index.php\/wp-json\/wp\/v2\/pages\/94"}],"collection":[{"href":"https:\/\/lobem.usthb.dz\/index.php\/wp-json\/wp\/v2\/pages"}],"about":[{"href":"https:\/\/lobem.usthb.dz\/index.php\/wp-json\/wp\/v2\/types\/page"}],"author":[{"embeddable":true,"href":"https:\/\/lobem.usthb.dz\/index.php\/wp-json\/wp\/v2\/users\/1"}],"replies":[{"embeddable":true,"href":"https:\/\/lobem.usthb.dz\/index.php\/wp-json\/wp\/v2\/comments?post=94"}],"version-history":[{"count":1,"href":"https:\/\/lobem.usthb.dz\/index.php\/wp-json\/wp\/v2\/pages\/94\/revisions"}],"predecessor-version":[{"id":96,"href":"https:\/\/lobem.usthb.dz\/index.php\/wp-json\/wp\/v2\/pages\/94\/revisions\/96"}],"wp:attachment":[{"href":"https:\/\/lobem.usthb.dz\/index.php\/wp-json\/wp\/v2\/media?parent=94"}],"curies":[{"name":"wp","href":"https:\/\/api.w.org\/{rel}","templated":true}]}}