{"id":90,"date":"2023-07-11T10:23:41","date_gmt":"2023-07-11T10:23:41","guid":{"rendered":"http:\/\/193.194.89.177\/lobem_wp\/?page_id=90"},"modified":"2023-07-11T11:14:55","modified_gmt":"2023-07-11T11:14:55","slug":"encadrement-de-master","status":"publish","type":"page","link":"https:\/\/lobem.usthb.dz\/index.php\/encadrement-de-master\/","title":{"rendered":"Encadrement de Master"},"content":{"rendered":"\n<p><\/p>\n\n\n\n<h1>&nbsp;<\/h1>\n\n\n\n<ol>\n<li>Metref Sofiane et Laterchi Youcef sur&nbsp;: Croissance de la saupe Sarpa salpa dans la r\u00e9gion alg\u00e9roise. Soutenance Juin 2013. Promoteur Nouar<\/li>\n\n\n\n<li>Larbi Mouloud et Hamouche Haroun sur&nbsp;: R\u00e9gime alimentaire de Euthynnus alletteratus (Rafinesque, 1810) des c\u00f4tes alg\u00e9riennes. Soutenance Juin 2013. Promoteur Nouar<\/li>\n\n\n\n<li>Chedad Imen et Rabia Marwa sur&nbsp;: D\u00e9termination de l\u2019\u00e2ge et de la croissance du sparid\u00e9 Pagellus acarne (Risso, 1826) de la r\u00e9gion centre alg\u00e9rienne. Soutenance Juin 2013. Promoteur Harchouche<\/li>\n\n\n\n<li>Meziane Lamia et Bouaza Karima sur&nbsp;: Dynamique des populations de Microchirus azevia (Sol\u00e9id\u00e9, Pleuronectiforme) des eaux alg\u00e9riennes. Soutenance Juin 2013. Promoteur Alili<\/li>\n\n\n\n<li>Laidaoui Fatiha et Zergane Amina sur&nbsp;: L\u2019\u00e9tude de la gam\u00e9togen\u00e8se chez les poissons T\u00e9l\u00e9ost\u00e9ens&nbsp;: folliculogen\u00e8se et vitellogen\u00e8se. Soutenance Juin 2013. Promoteur Zerouali Khodja<\/li>\n\n\n\n<li>Benmalek Yamina&nbsp;; Bouguendoura Amina et Djouahra Nassima sur&nbsp;: L\u2019\u00e9tude de la gam\u00e9togen\u00e8se chez les poissons T\u00e9l\u00e9ost\u00e9ens&nbsp;: spermatogen\u00e8se. Soutenance Juin 2013. Promoteur Zerouali Khodja<\/li>\n\n\n\n<li>Bouabdellah Sihem &amp; Kechida Achour sur&nbsp;: Etude de la croissance de la saupe Sarpa salpa Linnaeus, 1758 des c\u00f4tes alg\u00e9riennes. Soutenance Juin 2012. Promoteur Nouar<\/li>\n\n\n\n<li>Aissa Asma sur&nbsp;: Le sar Diplodus vulgaris (Geoffrey St. Hilaire, 1817)&nbsp;: Indices de reproduction et \u00e9tude de la f\u00e9condit\u00e9. Soutenance Juin 2012. Promoteur Harchouche<\/li>\n\n\n\n<li>Azzouz Mechri Lamia et Ghomrani Amina&nbsp;: Contribution \u00e0 l\u2019\u00e9tude de la biologie de la reproduction Scorpaena notata (Rafinesque. 1810) de la famille des Scorpaenid\u00e9s de la c\u00f4te alg\u00e9roise. Soutenance Juin 2012. Promoteur Zerouali Khodja<\/li>\n\n\n\n<li>Lamouri Walid et Malek Amina sur&nbsp;: Dynamique des populations d\u2019un poisson plat&nbsp;: Bothus podas podas (Bothid\u00e9, Pleuronectiforme) des eaux alg\u00e9riennes. Soutenance Juin 2012. Promoteur Alili<\/li>\n\n\n\n<li>Boulkaraa Sarah &amp; Chouli Amina sur&nbsp;: Etude de la reproduction de la seiche Sepia officinalis Linnaeus, 1758 dans la r\u00e9gion alg\u00e9roise. Soutenance Juin 2011. Promoteur Nouar<\/li>\n\n\n\n<li>Kermezli Fouzia &amp; Makhlouf Ahlem sur&nbsp;: La structure du tractus digestif et le r\u00e9gime alimentaire du thon rouge Thunnus thynnus (Linn\u00e9, 1758) des c\u00f4tes alg\u00e9riennes. Soutenance Juin 2011. Promoteur Nouar<\/li>\n\n\n\n<li>Almani Naima et Salhi Fouad sur&nbsp;: Structure histologique des ovaires et f\u00e9condit\u00e9 du sar Diplodus vulgaris (Geoffrey St. Hilaire, 1817), poisson Sparidae des eaux de la r\u00e9gion centre de l\u2019Alg\u00e9rie. Soutenance Juin 2011. Promoteur Harchouche<\/li>\n\n\n\n<li>Lamri Khedidja et Sehili Nesrine sur&nbsp;: Le r\u00e9gime alimentaire de Scorpaena notata (Teleostei, Scorpaenidae) pendant les saisons hivernale et printani\u00e8re dans la r\u00e9gion d\u2019Alger. Soutenance Juin 2011. Promoteur Zerouali Khodja<\/li>\n\n\n\n<li>Benina Rachid et Sayah-Djebour Rachid sur&nbsp;: Aspect anatomo-histologique du tractus digestif de Scorpaena notata (Teleostei, Scorpaenidae). Soutenance Juin 2011. Promoteur Zerouali Khodja<\/li>\n\n\n\n<li>Hadjam Sihem et Abdellaoui Hadjer sur \u00ab&nbsp;Vitrification, nouvelle technique et PMA&nbsp;\u00bb. Soutenance Juin 2011. Promoteur Zerouali Khodja<\/li>\n\n\n\n<li>Benalia Khadija Ismahane et Kefil Hassina sur&nbsp;: Croissance et exploitation de la baudroie Lophius budegessa Spinola, 1807 des c\u00f4tes alg\u00e9riennes. Soutenance Juin 2014.<\/li>\n\n\n\n<li>Mellak Lilia et Cherguit Meriem sur&nbsp;: Caract\u00e9ristiques de la maturit\u00e9 sexuelle et indices de f\u00e9condit\u00e9 du sar Diplodus vulgaris (Geoffrey St. Hilaire, 1817) des c\u00f4tes alg\u00e9riennes. Soutenance en juin 2014.<\/li>\n\n\n\n<li>Bakira Nesrine et SOUIDI Nassima sur&nbsp;: Examen morphom\u00e9trique des otolithes de trois esp\u00e8ces de sparid\u00e9s de la r\u00e9gion alg\u00e9roise&nbsp;: Pagellus acarne (Risso, 1826), Pagrus pagrus (Linnaeus, 1758) et Lithognathus mormyrus (Linnaeus, 1758). Soutenance en juin 2014.<\/li>\n\n\n\n<li>Benmalek Yamina, Bouguendoura Amina et Djouahra Nassima sur&nbsp;: L\u2019\u00e9tude de la gam\u00e9togen\u00e8se chez les poissons T\u00e9l\u00e9ost\u00e9ens&nbsp;: spermatogen\u00e8se. Soutenance Juin 2013.<\/li>\n\n\n\n<li>Lehoual Manel sur&nbsp;: Contribution \u00e0 l\u2019\u00e9tude de la reproduction d\u2019un poisson T\u00e9l\u00e9ost\u00e9en, la mustelle blanche. Soutenance Juin 2014.<\/li>\n\n\n\n<li>Birrou Nouara et Rabiai Badredine sur&nbsp;: Contribution \u00e0 l\u2019\u00e9tude de la dynamique d\u2019une population de Lepidorhombus boscii (Risso, 1810) [Poisson, Pleuronectiforme, Scophthalmid\u00e9] des eaux alg\u00e9riennes. Soutenance en juin 2015.<\/li>\n\n\n\n<li>Cherguit Meriem et Djadi Wissam sur&nbsp;: Biologie et Dynamique des populations de Microchirus azevia (Sol\u00e9id\u00e9, Pleuronectiformes) des eaux alg\u00e9riennes. Soutenance Juin 2013.<\/li>\n<\/ol>\n","protected":false},"excerpt":{"rendered":"<p>&nbsp;<\/p>\n","protected":false},"author":1,"featured_media":0,"parent":0,"menu_order":0,"comment_status":"closed","ping_status":"closed","template":"","meta":[],"_links":{"self":[{"href":"https:\/\/lobem.usthb.dz\/index.php\/wp-json\/wp\/v2\/pages\/90"}],"collection":[{"href":"https:\/\/lobem.usthb.dz\/index.php\/wp-json\/wp\/v2\/pages"}],"about":[{"href":"https:\/\/lobem.usthb.dz\/index.php\/wp-json\/wp\/v2\/types\/page"}],"author":[{"embeddable":true,"href":"https:\/\/lobem.usthb.dz\/index.php\/wp-json\/wp\/v2\/users\/1"}],"replies":[{"embeddable":true,"href":"https:\/\/lobem.usthb.dz\/index.php\/wp-json\/wp\/v2\/comments?post=90"}],"version-history":[{"count":1,"href":"https:\/\/lobem.usthb.dz\/index.php\/wp-json\/wp\/v2\/pages\/90\/revisions"}],"predecessor-version":[{"id":92,"href":"https:\/\/lobem.usthb.dz\/index.php\/wp-json\/wp\/v2\/pages\/90\/revisions\/92"}],"wp:attachment":[{"href":"https:\/\/lobem.usthb.dz\/index.php\/wp-json\/wp\/v2\/media?parent=90"}],"curies":[{"name":"wp","href":"https:\/\/api.w.org\/{rel}","templated":true}]}}