{"id":82,"date":"2023-07-11T10:13:52","date_gmt":"2023-07-11T10:13:52","guid":{"rendered":"http:\/\/193.194.89.177\/lobem_wp\/?page_id=82"},"modified":"2023-07-11T10:17:18","modified_gmt":"2023-07-11T10:17:18","slug":"encadrement-de-licence","status":"publish","type":"page","link":"https:\/\/lobem.usthb.dz\/index.php\/encadrement-de-licence\/","title":{"rendered":"Encadrement de Licence"},"content":{"rendered":"\n<p><\/p>\n\n\n\n<h1>&nbsp;<\/h1>\n\n\n\n<ol>\n<li>Cherguit Meriem et Djadi Wissam sur&nbsp;: Biologie et \u00e9cologie des Bothid\u00e9s (Poissons, Pleuronectiformes) des eaux alg\u00e9riennes. Soutenance Juin 2013. Promoteur Alili<\/li>\n\n\n\n<li>Adjou Taous et Zidouni Djihen sur&nbsp;: L\u2019hermaphrodisme chez les poissons T\u00e9l\u00e9ost\u00e9ens. Soutenance Juin 2013. Promoteur Zerouali-Khodja<\/li>\n\n\n\n<li>Bentafat Hadjar et Sifi Ibtissam sur&nbsp;: Inventaire des esp\u00e8ces de la famille des Scombridae des c\u00f4tes alg\u00e9riennes. Soutenance Juin 2013. Promoteur Nouar<\/li>\n\n\n\n<li>Fodeila Meriem et Bouziane Djahida sur&nbsp;: Les crevettes des c\u00f4tes alg\u00e9riennes. Soutenance Juin 2013. Promoteur Nouar<\/li>\n\n\n\n<li>Rabiai Badraddine &amp; Zouaoui Walid Rafik. Relations biom\u00e9triques de la saupe Sarpa salpa Linnaeus, 1758 dans la r\u00e9gion alg\u00e9roise. Soutenance Juin 2012. Promoteur Nouar<\/li>\n\n\n\n<li>Tafiani Nour El Houda Maroua et Meziane Khadidja&nbsp;: Les esp\u00e8ces de crevettes des c\u00f4tes alg\u00e9riennes. Juin 2015.<\/li>\n\n\n\n<li>Lounis Celia et Mehenni Lilya \u00e9tudiantes sur&nbsp;: Les esp\u00e8ces de Mollusques C\u00e9phalopodes des c\u00f4tes alg\u00e9riennes. Juin 2015.<\/li>\n\n\n\n<li>Bennadji Samia et Mehalli Nora sur&nbsp;: Initiation des techniques histologiques dans le traitement des gonades de poissons. Soutenance Juin 2012. Promoteur Zerouali-Khodja<\/li>\n\n\n\n<li>Bennouar Im\u00e8ne et Kefil Hassina sur&nbsp;: Biologie et dynamique des populations d\u2019une esp\u00e8ce de Scophthalmid\u00e9&nbsp;: Lepidorhombus boscii (Poisson, T\u00e9l\u00e9ost\u00e9en, Pleuronectiforme) des eaux alg\u00e9riennes. Soutenance Juin 2012. Promoteur Alili<\/li>\n\n\n\n<li>Belkhalfa Insaf &amp; Sellam Louiza Nesrine. Etude de la reproduction de la seiche Sepia officinalis Linnaeus, 1758 dans la r\u00e9gion alg\u00e9roise. Soutenance Juin 2011. Promoteur Nouar<\/li>\n\n\n\n<li>Ghazi Ibtissem &amp; Laslaoui Amina. Etude du r\u00e9gime alimentaire de la seiche Sepia officinalis Linnaeus, 1758 dans la r\u00e9gion alg\u00e9roise. Soutenance Juin 2011. Promoteur Nouar<\/li>\n\n\n\n<li>Chehri Rokia &amp; Chehri Zineb. Etude pr\u00e9liminaire du r\u00e9gime alimentaire de la saupe Sarpa salpa Linnaeus, 1758 dans la r\u00e9gion alg\u00e9roise. Soutenance Juin 2011. Promoteur Nouar<\/li>\n\n\n\n<li>Derouiche F. et Baba I. sur&nbsp;: Croissance de Pegusa nasuta (Poisson, Sol\u00e9id\u00e9) des eaux alg\u00e9riennes. Soutenance Juin 2011. Promoteur Alili<\/li>\n\n\n\n<li>El Relam R. et Bouzandour W. sur&nbsp;: Relations biom\u00e9triques chez une esp\u00e8ce de poissons plats d\u2019Alg\u00e9rie&nbsp;: Bathysolea profundicola (Sol\u00e9id\u00e9, T\u00e9l\u00e9ost\u00e9en). Soutenance Juin 2011. Promoteur Alili<\/li>\n\n\n\n<li>Bahbah Lamia et Bensari Bilel sur&nbsp;: Etude de quelques indices de la biologie d\u2019une esp\u00e8ce de Scombridea Euthynnus alletteratus (Rafinesque, 1810) des c\u00f4tes alg\u00e9riennes. Soutenance Juin 2015.<\/li>\n\n\n\n<li>Ellaham Nourhane et Laguel Ibtissem sur&nbsp;: Biologie de la baudroie Lophius budegessa Spinola, 1807 des c\u00f4tes alg\u00e9riennes. Soutenance Juin 2014.<\/li>\n\n\n\n<li>Benamzal Meriem et Hariadi Dalila sur&nbsp;: Contribution \u00e0 la connaissance de la biologie du bogue (Boops boops, Linn\u00e9 1758)&nbsp;: f\u00e9condit\u00e9 et condition. Juin 2015.<\/li>\n\n\n\n<li>Boutouta Naziha et Salhi Safia sur&nbsp;: Initiation \u00e0 l\u2019\u00e9tude du r\u00e9gime alimentaire du bogue (Boops boops, Linn\u00e9 1758) dans la r\u00e9gion d\u2019Alger&nbsp;: calcul de quelques indices. Soutenance Juin 2014.<\/li>\n\n\n\n<li>Boudia Amina et Ouahdi Sofia sur&nbsp;: Contribution \u00e0 la connaissance de la biologie du bogue (Boops boops, Linn\u00e9 1758) dans la r\u00e9gion d\u2019Alger&nbsp;: indices de reproduction et condition. Soutenance Juin 2014.<\/li>\n\n\n\n<li>Azoug Ayoub &amp; Sni Hadjar sur&nbsp;: Contribution \u00e0 l\u2019\u00e9tude de la croissance et de la dynamique de population de la mustelle blanche, Phycis blenno\u00efdes (Br\u00fcnnich, 1768). Juin 2015.<\/li>\n\n\n\n<li>Belaid Sid Ali et Ould Mammar Yasmine sur&nbsp;: Les poisons venimeux de la famille des Scorpaenid\u00e9s et leurs effets toxiques sur l\u2019homme. Soutenance Juin 2014.<\/li>\n\n\n\n<li>Ferhat Soumia et Lachab Lynda sur&nbsp;: Contribution \u00e0 l\u2019\u00e9tude du r\u00e9gime alimentaire de la mustelle blanche, Phycis blenno\u00efdes (Br\u00fcnnich, 1768), de la famille des Gadidae. Soutenance Juin 2014.<\/li>\n\n\n\n<li>Erjil Amel et Moussanef Im\u00e8ne sur&nbsp;: Syst\u00e9matique et biologie des Scophthalmid\u00e9s (Poissons, T\u00e9l\u00e9ost\u00e9ens, Pleuronectiformes) des eaux alg\u00e9riennes. Juin 2015.<\/li>\n\n\n\n<li>Meziane Lamia et Bouaza Karima. sur&nbsp;: Biologie et \u00e9cologie des Bothid\u00e9s (Poissons, Pleuronectiformes) des eaux alg\u00e9riennes. Soutenance Juin 2013.<\/li>\n\n\n\n<li>Atyaoui Nassima et Cherani Nihad sur&nbsp;: Indices de reproduction des esp\u00e8ces fr\u00e9quentes de Sol\u00e9id\u00e9s (Poissons, T\u00e9l\u00e9ost\u00e9ens, Pleuronectiformes) des eaux alg\u00e9riennes. Soutenance Juin 2014.<\/li>\n\n\n\n<li>Nedjai Abderrazak et Ouakli Zineb sur&nbsp;: Relations biom\u00e9triques des esp\u00e8ces fr\u00e9quentes de Sol\u00e9id\u00e9s (Poissons, T\u00e9l\u00e9ost\u00e9ens, Pleuronectiformes) des eaux alg\u00e9riennes. Soutenance Juin 2014.<\/li>\n\n\n\n<li>Encadrement de M\u00e9moire de Licence en Oc\u00e9anologie Biologique et Environnement Marin sur&nbsp;: Synth\u00e8se bibliographique et notions g\u00e9n\u00e9rales sur la biologie d\u2019une esp\u00e8ce de Scombridea Euthynnus alletteratus (Rafinesque, 1810) des c\u00f4tes alg\u00e9riennes. Soutenance Juin 2014.<\/li>\n<\/ol>\n","protected":false},"excerpt":{"rendered":"<p>&nbsp;<\/p>\n","protected":false},"author":1,"featured_media":0,"parent":0,"menu_order":0,"comment_status":"closed","ping_status":"closed","template":"","meta":[],"_links":{"self":[{"href":"https:\/\/lobem.usthb.dz\/index.php\/wp-json\/wp\/v2\/pages\/82"}],"collection":[{"href":"https:\/\/lobem.usthb.dz\/index.php\/wp-json\/wp\/v2\/pages"}],"about":[{"href":"https:\/\/lobem.usthb.dz\/index.php\/wp-json\/wp\/v2\/types\/page"}],"author":[{"embeddable":true,"href":"https:\/\/lobem.usthb.dz\/index.php\/wp-json\/wp\/v2\/users\/1"}],"replies":[{"embeddable":true,"href":"https:\/\/lobem.usthb.dz\/index.php\/wp-json\/wp\/v2\/comments?post=82"}],"version-history":[{"count":1,"href":"https:\/\/lobem.usthb.dz\/index.php\/wp-json\/wp\/v2\/pages\/82\/revisions"}],"predecessor-version":[{"id":84,"href":"https:\/\/lobem.usthb.dz\/index.php\/wp-json\/wp\/v2\/pages\/82\/revisions\/84"}],"wp:attachment":[{"href":"https:\/\/lobem.usthb.dz\/index.php\/wp-json\/wp\/v2\/media?parent=82"}],"curies":[{"name":"wp","href":"https:\/\/api.w.org\/{rel}","templated":true}]}}