{"id":77,"date":"2023-07-11T10:05:35","date_gmt":"2023-07-11T10:05:35","guid":{"rendered":"http:\/\/193.194.89.177\/lobem_wp\/?page_id=77"},"modified":"2023-07-11T10:05:36","modified_gmt":"2023-07-11T10:05:36","slug":"communications-nationales","status":"publish","type":"page","link":"https:\/\/lobem.usthb.dz\/index.php\/communications-nationales\/","title":{"rendered":"Communications nationales"},"content":{"rendered":"\n<p><\/p>\n\n\n\n<h1>&nbsp;<\/h1>\n\n\n\n<ol>\n<li>Djouahra C. et Harchouche K. (2013) &#8211; R\u00e9partition et faune associ\u00e9e du genre Diplodus (Poisson Sparid\u00e9s) des c\u00f4tes alg\u00e9riennes. Journ\u00e9es du 39\u00e9me anniversaire de la cr\u00e9ation de l\u2019USTHB. Universit\u00e9 des Sciences et de la Technologie Houari Boumediene. Facult\u00e9 des Sciences Biologiques. 28-30 Avril 2013.<\/li>\n\n\n\n<li>Rouidi S. et Harchouche K. (2013) &#8211; Etude de la reproduction du pageot rose Pagellus erythrinus (Linnaeus, 1758) dans la r\u00e9gion de Jijel. Journ\u00e9es du 39\u00e9me anniversaire de la cr\u00e9ation de l\u2019USTHB. Universit\u00e9 des Sciences et de la Technologie Houari Boumediene. Facult\u00e9 des Sciences Biologiques. 28-30 Avril 2013.<\/li>\n\n\n\n<li>Boufersaoui S., Chedad I., Rabia M.&nbsp;et Harchouche K. (2013) &#8211; \u00c9tude de l\u2019\u00e2ge et des relations biom\u00e9triques de Pagellus acarne (Risso, 1826) des c\u00f4tes centrales de l\u2019Alg\u00e9rie. Journ\u00e9es du 39\u00e9me anniversaire de la cr\u00e9ation de l\u2019USTHB. Facult\u00e9 des Sciences Biologiques. 28-30 Avril 2013.<\/li>\n\n\n\n<li>Meghouche M.&nbsp;A. et Harchouche K. (2013) &#8211; \u00c9tude pr\u00e9liminaire de la r\u00e9partition de Pagellus bogaraveo (Br\u00fcnnich, 1768) des c\u00f4tes alg\u00e9riennes. Journ\u00e9es du 39\u00e9me anniversaire de la cr\u00e9ation de l\u2019USTHB. Facult\u00e9 des Sciences Biologiques. 28-30 Avril 2013<\/li>\n\n\n\n<li>Kheloui H. et Harchouche K. (2013) &#8211; \u00c9tude pr\u00e9liminaire de la r\u00e9partition d\u2019un repr\u00e9sentant des Triglidae, le Grondin&nbsp;: Chelidonichthys lucernus (Linnaeus ,1758) des c\u00f4tes alg\u00e9riennes. Journ\u00e9es du 39\u00e9me anniversaire de la cr\u00e9ation de l\u2019USTHB. Facult\u00e9 des Sciences Biologiques. 28-30 Avril 2013<\/li>\n\n\n\n<li>Alili D.E. et Harchouche K. (2013) &#8211; Film Scientifique&nbsp;: Equilibre Fragile. Version fran\u00e7aise&nbsp;: cha\u00eene \u00ab&nbsp;Plan\u00e8te Oc\u00e9an&nbsp;\u00bb, Cin\u00e9 K. Journ\u00e9es du 39\u00e9me anniversaire de la cr\u00e9ation de l\u2019USTHB. Facult\u00e9 des Sciences Biologiques. 28-30 Avril 2013.<\/li>\n\n\n\n<li>Mokrane Z. et Zerouali-Khodja F., 2013. Relation entre la structure et le fonctionnement du tractus digestif de Scorpaena notata de la c\u00f4te alg\u00e9roise. Journ\u00e9es du 39\u00e8me Anniversaire de la cr\u00e9ation de l\u2019USTHB, \u00e0 la FSB,<\/li>\n\n\n\n<li>Alili D. E., Lamouri W. et Malek A., 2013. Param\u00e8tres de croissance et d\u2019exploitation de Bothus podas podas (Delaroche, 1809) [Pleuronectiforme, Bothid\u00e9] des eaux alg\u00e9riennes. Communication 39i\u00e8me Anniversaire de l\u2019USTHB, 25 avril 2013, Salle Avicenne, FSB, USTHB.<\/li>\n\n\n\n<li>Alili D. E., 2013. Un \u00e9quilibre fragile. Pr\u00e9sentation d\u2019un film documentaire scientifique. 39i\u00e8me Anniversaire de l\u2019USTHB, 25 avril 2013, Salle Avicenne, FSB, USTHB.<\/li>\n\n\n\n<li>Alili D.E. et Harchouche K., 2012. Les probl\u00e8mes de la p\u00eache en Alg\u00e9rie&nbsp;: constat et propositions. 38\u00e8me anniversaire de la cr\u00e9ation de l\u2019USTHB et 50\u00e8me anniversaire de l\u2019ind\u00e9pendance de l\u2019Alg\u00e9rie. FSB, Avril 2012.<\/li>\n\n\n\n<li>Djouahra C. et Harchouche K., 2012. Habitudes alimentaires de Diplodus vulgaris (Poisson Sparid\u00e9s), dans la r\u00e9gion d\u2019Alger. 38\u00e8me anniversaire de la cr\u00e9ation de l\u2019USTHB et 50\u00e8me anniversaire de l\u2019ind\u00e9pendance de l\u2019Alg\u00e9rie. FSB, Avril 2012.<\/li>\n\n\n\n<li>Rouidi S. et Harchouche K., 2012. Composition du r\u00e9gime alimentaire du pageot rose Pagellus erythrinus (Linnaeus, 1758) dans la r\u00e9gion de Jijel. 38\u00e8me anniversaire de la cr\u00e9ation de l\u2019USTHB et 50\u00e8me anniversaire de l\u2019ind\u00e9pendance de l\u2019Alg\u00e9rie. FSB, Avril 2012.<\/li>\n\n\n\n<li>Alili D.E. et Harchouche K., 2011. Poissons v\u00e9n\u00e9neux des c\u00f4tes alg\u00e9riennes&nbsp;: origine et cons\u00e9quences. Communication au 37\u00e8me anniversaire de la cr\u00e9ation de l\u2019USTHB. FSB, du 24 au 28 Avril 2011.<\/li>\n\n\n\n<li>Rouidi S. et Harchouche K., 2011. Analyse de la faune associ\u00e9e \u00e0 Pagellus erythrinus (Linneaus, 1758) et structure des peuplements dans les c\u00f4tes alg\u00e9riennes. Communication au 37\u00e8me anniversaire de la cr\u00e9ation de l\u2019USTHB. FSB, du 24 au 28 Avril 2011.<\/li>\n\n\n\n<li>Djouahra C. et Harchouche K., 2011. Contribution \u00e0 la syst\u00e9matique des sparid\u00e9s du genre Diplodus dans la r\u00e9gion d\u2019Alger. Communication au 37\u00e8me anniversaire de la cr\u00e9ation de l\u2019USTHB. FSB, du 24 au 28 Avril 2011.<\/li>\n\n\n\n<li>Alili D. E., 2013. Les ports de p\u00eache de Cherchell \u00e0 Tigzirt&nbsp;: infrastructures, embarcations et engins de p\u00eache. 39i\u00e8me Anniversaire de l\u2019USTHB, 25 avril 2013, Salle Avicenne, FSB, USTHB<\/li>\n\n\n\n<li>Alili D.E. et Harchouche K., 2011. Poissons v\u00e9n\u00e9neux des c\u00f4tes alg\u00e9riennes&nbsp;: origine et cons\u00e9quences. Communication au 37\u00e8me anniversaire de la cr\u00e9ation de l\u2019USTHB. FSB, du 24 au 28 Avril 2011.<\/li>\n<\/ol>\n","protected":false},"excerpt":{"rendered":"<p>&nbsp;<\/p>\n","protected":false},"author":1,"featured_media":0,"parent":0,"menu_order":0,"comment_status":"closed","ping_status":"closed","template":"","meta":[],"_links":{"self":[{"href":"https:\/\/lobem.usthb.dz\/index.php\/wp-json\/wp\/v2\/pages\/77"}],"collection":[{"href":"https:\/\/lobem.usthb.dz\/index.php\/wp-json\/wp\/v2\/pages"}],"about":[{"href":"https:\/\/lobem.usthb.dz\/index.php\/wp-json\/wp\/v2\/types\/page"}],"author":[{"embeddable":true,"href":"https:\/\/lobem.usthb.dz\/index.php\/wp-json\/wp\/v2\/users\/1"}],"replies":[{"embeddable":true,"href":"https:\/\/lobem.usthb.dz\/index.php\/wp-json\/wp\/v2\/comments?post=77"}],"version-history":[{"count":1,"href":"https:\/\/lobem.usthb.dz\/index.php\/wp-json\/wp\/v2\/pages\/77\/revisions"}],"predecessor-version":[{"id":79,"href":"https:\/\/lobem.usthb.dz\/index.php\/wp-json\/wp\/v2\/pages\/77\/revisions\/79"}],"wp:attachment":[{"href":"https:\/\/lobem.usthb.dz\/index.php\/wp-json\/wp\/v2\/media?parent=77"}],"curies":[{"name":"wp","href":"https:\/\/api.w.org\/{rel}","templated":true}]}}