{"id":71,"date":"2023-07-11T10:00:18","date_gmt":"2023-07-11T10:00:18","guid":{"rendered":"http:\/\/193.194.89.177\/lobem_wp\/?page_id=71"},"modified":"2023-07-11T10:00:20","modified_gmt":"2023-07-11T10:00:20","slug":"communications-internationales","status":"publish","type":"page","link":"https:\/\/lobem.usthb.dz\/index.php\/communications-internationales\/","title":{"rendered":"Communications internationales"},"content":{"rendered":"\n<p><\/p>\n\n\n\n<h1>&nbsp;<\/h1>\n\n\n\n<ol>\n<li>Nouar A. &amp; Labidi N., 2013. Croissance du thon rouge Thunnus thynnus (Linnaeus, 1758) des c\u00f4tes alg\u00e9riennes Communication au 40\u00e8me Congr\u00e8s de la CIESM pr\u00e9vu \u00e0 Marseille en novembre 2013.<\/li>\n\n\n\n<li>Nouar A., 2013. Indices d\u2019exploitation de la crevette rouge Aristeus antennatus (Risso, 1816) de la r\u00e9gion alg\u00e9roise. Communication soumise Forum organis\u00e9 par l\u2019AFH, Association Fran\u00e7aise d\u2019Halieutique. Espace Condorcet, Pessac (19-21 Juin 2013).<\/li>\n\n\n\n<li>Ainouche N. &amp; Nouar A., 2013. Faune associ\u00e9e \u00e0 Lophius budegessa des c\u00f4tes alg\u00e9riennes. Communication soumise au 4\u00e8me Congr\u00e8s International des Populations et des Communaut\u00e9s Animales. CIPCA4, du 19 au 21 Novembre 2013, Taghit (B\u00e9char), Alg\u00e9rie.<\/li>\n\n\n\n<li>Boufersaoui S. et Harchouche K. (2013) &#8211; \u00c9valuation halieutique par l\u2019approche structurale&nbsp;: application au stock du pageot blanc Pagellus acarne (Risso, 1826) des c\u00f4tes centrales d\u2019Alg\u00e9rie. Espace Condorcet, Pessac (19-21 Juin 2013). Forum organis\u00e9 par l\u2019AFH, Association Fran\u00e7aise d\u2019Halieutique.<\/li>\n\n\n\n<li>Harchouche K. et Rouidi S. (2013) &#8211; Ichtyofaune associ\u00e9e au pageot rose, Pagellus erythrinus (Linneaus, 1758) dans les eaux alg\u00e9riennes. Espace Condorcet, Pessac (19-21 Juin 2013). Forum organis\u00e9 par l\u2019AFH, Association Fran\u00e7aise d\u2019Halieutique.<\/li>\n\n\n\n<li>Djouahra C. et Harchouche K. (2013) &#8211; Reproduction de Diplodus vulgaris (poisson sparid\u00e9s) des c\u00f4tes Alg\u00e9riennes. Le 4\u00e8me Congr\u00e8s International des Populations et des Communaut\u00e9s Animales. CIPCA4. Du 19 au 21 Novembre 2013. Taghit (B\u00e9char). Alg\u00e9rie.<\/li>\n\n\n\n<li>Nouar A., 2012. F\u00e9condit\u00e9s de la rascasse du fond Helicolenus dactylopterus dactylopterus (Delaroche, 1809) des fonds chalutables alg\u00e9riens. 3\u00e8me Congr\u00e8s Franco-Maghr\u00e9bin de Zoologie et d\u2019Ichtyologie, 6 -10 Novembre 2012 &#8211; Marrakech \u2013 Maroc<\/li>\n\n\n\n<li>Cherabi O. &amp; Nouar A., 2012. Etude comparative des \u00e9l\u00e9ments du squelette c\u00e9phalique de deux esp\u00e8ces de poisson de l\u2019ordre des Gadiformes&nbsp;: Merluccius merluccius (Linnaeus, 1758) et Phycis phycis (Linnaeus, 1766). 3\u00e8me Congr\u00e8s Franco-Maghr\u00e9bin de Zoologie et d\u2019Ichtyologie, 6-10 Novembre 2012, Marrakech, Maroc.<\/li>\n\n\n\n<li>Boufersaoui S. et Harchouche K., 2012. Ecologie et fonctionnement des \u00e9cosyst\u00e8mes d\u2019int\u00e9r\u00eat halieutique&nbsp;: structure des peuplements associ\u00e9s au pageot blanc, Pagellus acarne (Risso, 1826) des eaux alg\u00e9riennes. 3\u00e8me Congr\u00e8s Franco-Maghr\u00e9bin de Zoologie et d\u2019Ichtyologie, 6-10 Novembre 2012, Marrakech, Maroc.<\/li>\n\n\n\n<li>Zerouali-Khodja F., 2012. Habitudes alimentaires et digestion enzymatique chez la petite rascasse, Scorpaena notata, de la c\u00f4te alg\u00e9roise. 3\u00e8me Congr\u00e8s Franco-Maghr\u00e9bin de Zoologie et d\u2019Ichtyologie, 6-10 Novembre 2012, Marrakech, Maroc.<\/li>\n\n\n\n<li>Nouar A. et Aissat F., 2011. Croissance, mortalit\u00e9s et exploitation du rouget de vase Mullus barbatus Linnaeus, 1758 de la r\u00e9gion d\u2019Alger (Alg\u00e9rie centrale). Communication au Congr\u00e8s International sur Changement climatique, alimentation, p\u00eache et \u00e9cosyst\u00e8mes du 19 au 21 mai 2011 \u00e0 Agadir, Maroc.<\/li>\n\n\n\n<li>Nouar A. &amp; Labidi N., 2011. Croissance du thon rouge Thunnus thynnus (Linnaeus, 1758) des c\u00f4tes alg\u00e9riennes. Communication aux 13\u00e8mes Journ\u00e9es Tunisiennes des Sciences de la Mer et de la 2\u00e8me Rencontre Tuniso-Fran\u00e7aise d\u2019Ichtyologie, Mahdia (Tunisie), 26-29 novembre 2011.<\/li>\n\n\n\n<li>Nouar A. &amp; Labidi N., 2011. Sex-ratio et maturit\u00e9 sexuelle du thon rouge Thunnus thynnus (Linnaeus, 1758) des c\u00f4tes alg\u00e9riennes. Communication aux 13\u00e8mes Journ\u00e9es, Mahdia, 26-29 novembre 2011.<\/li>\n\n\n\n<li>Zerouali-Khodja F., 2011. F\u00e9condit\u00e9 et capacit\u00e9 de reproduction de la rascasse brune, Scorpaena porcus de la c\u00f4te alg\u00e9roise. Communication aux 13\u00e8mes Journ\u00e9es Tunisiennes des Sciences de la Mer et de la 2\u00e8me Rencontre Tuniso-Fran\u00e7aise d\u2019Ichtyologie, Mahdia (Tunisie), 26-29 novembre 2011.<\/li>\n\n\n\n<li>Mokrane Z. &amp; Zerouali-Khodja F., 2011. Biologie de la reproduction de la rascasse brune, Scorpaena porcus (Linnaeus, 1758) de la r\u00e9gion centre alg\u00e9rienne. Congr\u00e8s International sur le Changement climatique, Agriculture, Alimentation, P\u00eache et Ecosyst\u00e8mes (19 au 21 mai 2011, Agadir, Maroc).<\/li>\n\n\n\n<li>Nouar A. &amp; Ainouche N., 2014. Indices de croissance et d\u2019exploitation de la baudroie Lophius budegassa Spinola, 1807 des c\u00f4tes alg\u00e9riennes. Com. au 9\u00e8me Congr\u00e8s Maghr\u00e9bin de L\u2019Association Tunisienne des Sciences de la mer (ATSmer) organis\u00e9 en Tunisie (Sousse) du 20 au 23 d\u00e9c. 2014.<\/li>\n\n\n\n<li>Nouar A. &amp; Kennouche H., 2015. R\u00e9partitions et faune associ\u00e9e de Sepia officinalis Linnaeus, 1758 des fonds chalutables des c\u00f4tes alg\u00e9riennes. Com. au Congr\u00e8s 116\u00e8mes Journ\u00e9es Annuelles de la Soci\u00e9t\u00e9 de Zoologie de France \u00e0 Bordeaux 16-20 sept. 2015.&nbsp;<br><img decoding=\"async\" loading=\"lazy\" alt=\"-\" height=\"11\" src=\"http:\/\/193.194.89.178\/lobem\/local\/cache-vignettes\/L8xH11\/puce-32883.gif?1558450660\" width=\"8\">&nbsp;Kennouche H. &amp; Nouar A., 2014. Growth and spawn period of Sepia officinalis, Linnaeus, 1758 in regions of algiers (centre of Algeria). Article soumis pour publication.<\/li>\n\n\n\n<li>Kennouche H. &amp; Nouar A., 2013. R\u00e9gime alimentaire de la crevette rouge Aristeus antennatus (Risso, 1816) (Decapoda, Penaeoidea) dans la r\u00e9gion alg\u00e9roise (Alg\u00e9rie centre). Crustaceana 86 (5) 553-563. DOI :10.1163\/15685403-00003189.<\/li>\n\n\n\n<li>Nouar A. &amp; Aissat F., 2014. Indices biologiques et d\u2019exploitation du rouget de vase Mullus barbatus Linnaeus, 1758 de la r\u00e9gion d\u2019Alger (Alg\u00e9rie centrale). Com. au Congr\u00e8s International sur Estuaires et Aires Marines C\u00f4ti\u00e8res Prot\u00e9g\u00e9es (ECPA) 4-6 nov.2014, Turquie (Izmir).<\/li>\n\n\n\n<li>Nouar A., 2014. Le salaire du p\u00eacheur pour les 3 activit\u00e9s de p\u00eache en Alg\u00e9rie. Communication orale lors des journ\u00e9es du 40\u00e8me anniversaire de l\u2019USTHB\/FSB. Avril 2014.<\/li>\n\n\n\n<li>Harchouche K., 2014. Analyse dynamique de l\u2019\u00e9tat du stock d\u2019un poisson Centracanthidae (Spicara maena, Linnaeus, 1758) dans la r\u00e9gion centre de l\u2019Alg\u00e9rie. International Congress on \u201cEstuaries &amp; Coastal Protected Areas\u201c ECPA 2014 &#8220;Estuaires et Aires Marines C\u00f4ti\u00e8res Prot\u00e9g\u00e9es&#8221; 04 &#8211; 06 November 2014, Izmir \u2013 TURKEY.<\/li>\n\n\n\n<li>Boufersaoui S., Aissani S., Elleboode R., Harchouche K &amp; Mahe K., 2015. La daurade marbr\u00e9e (Lithognathus mormyrus, Linnaeus, 1758) des c\u00f4tes centrales de l\u2019Alg\u00e9rie (M\u00e9diterran\u00e9e du Sud-Ouest)&nbsp;: description des otolithes, \u00e2ge et croissance. Sixi\u00e8mes rencontres de l\u2019ichtyologie en France Paris 24-27 mars 2015.<\/li>\n\n\n\n<li>Harchouche K. &amp; Kheloui H., 2015. \u2019\u2019Le grondin\u2019\u2019 Chelidonichthys lucerna (linnaeus, 1758) poisson Triglidae&nbsp;: structure des peuplements associ\u00e9s dans les eaux alg\u00e9riennes. Com. au Congr\u00e8s 116\u00e8mes Journ\u00e9es Annuelles de la Soci\u00e9t\u00e9 de Zoologie de France \u00e0 Bordeaux 16-20 sept. 2015.<\/li>\n\n\n\n<li>Alili D.E., Bouaza K. et Meziane L. et Harchouche K., 2014. Dynamique des populations de Microchirus azevia (Capello, 1867) [Pleuronectiforme, Soleide] des eaux algeriennes. Com. au 9\u00e8me Congr\u00e8s Maghr\u00e9bin de L\u2019Association Tunisienne des Sciences de la mer (ATSmer) organis\u00e9 en Tunisie (Sousse) du 20 au 23 d\u00e9cembre 2014.<\/li>\n\n\n\n<li>Alili D.E. et Harchouche K., 2015. Les dons de la mer et la sant\u00e9 humaine. Les journ\u00e9es du 41\u00e8me anniversaire de l\u2019USTHB\/FSB. Avril 2015.<\/li>\n\n\n\n<li>Amira S. et Harchouche K., 2015. Impact de la mortalit\u00e9 par p\u00eache sur la biomasse exploitable du bogue, Boops boops (Linnaeus, 1758), de la r\u00e9gion centre alg\u00e9roise. Congr\u00e8s Boum\u00e8rdes 2015.<\/li>\n\n\n\n<li>Boufersaoui S. et Harchouche K., 2014. D\u00e9termination du diam\u00e8tre ovocytaire chez deux esp\u00e8ces de Sparid\u00e9s h\u00e9t\u00e9rochrones au moyen de l\u2019imagerie num\u00e9rique&nbsp;: Pagellus acarne (Risso, 1826) et Lithognathus mormyrus (Linnaeus, 1758) de la r\u00e9gion centre alg\u00e9rienne. Bulletin de l\u2019Institut National des Sciences et Technologies de la Mer (I.N.S.T.M.&nbsp;Salammb\u00f4). Actes des journ\u00e9es Tunisiennes des Sciences de la Mer (Mahdia Tunisie d\u00e9cembre 2013). p. 16-19.<\/li>\n\n\n\n<li>Alili D. E. et Harchouche K. (2014) &#8211; Inventaires et caract\u00e9ristiques ichtyologiques des esp\u00e8ces associ\u00e9es \u00e0 deux poissons cibles (Spicara maena et Pagellus acarne) dans les mises \u00e0 terre alg\u00e9riennes. Bulletin de l\u2019Institut National des Sciences et Technologies de la Mer (I.N.S.T.M.&nbsp;Salammb\u00f4). Actes des journ\u00e9es Tunisiennes des Sciences de la Mer (Mahdia Tunisie d\u00e9cembre 2013). p. 2-6.<\/li>\n\n\n\n<li>Boufersaoui S., Hentour A., Belaid H. et Harchouche K., 2014. Rendement maximal durable&nbsp;: diagnostic du stock du pageot blanc (Pagellus acarne, Risso, 1826) de la r\u00e9gion Centre alg\u00e9rienne. Proceedings of the 3rd international colloquium on &#8220;Biodiversity &amp; Coastal Ecosystem\u2019\u2019 BEL-03&#8221;. Oran-Algeria, 26-28 November 2013. Proceedings of BEL 03-2014. ISBN 978-975-7895-8-15. p. 438-444.<\/li>\n\n\n\n<li>Boufersaoui S. &amp; Harchouche K., 2015. Dynamique de la reproduction et f\u00e9condit\u00e9 de Pagellus acarne (Sparidae) de la r\u00e9gion Centre du littoral alg\u00e9rienne. Cybium 2015, 39(1)&nbsp;: 59-69.<\/li>\n\n\n\n<li>Djouahra C. et Harchouche K., 2013. R\u00e9partition et faune associ\u00e9e du genre Diplodus (Poisson Sparid\u00e9s) des c\u00f4tes alg\u00e9riennes. Journ\u00e9es du 39\u00e9me anniversaire de la cr\u00e9ation de l\u2019USTHB. Facult\u00e9 des Sciences Biologiques. 28-30 Avril 2013.<\/li>\n\n\n\n<li>Alili D.E. et Harchouche K., 2013. Film Scientifique&nbsp;: Equilibre Fragile. Version fran\u00e7aise&nbsp;: cha\u00eene \u00ab&nbsp;Plan\u00e8te Oc\u00e9an&nbsp;\u00bb, Cin\u00e9 K. Journ\u00e9es du 39\u00e9me anniversaire de la cr\u00e9ation de l\u2019USTHB. Facult\u00e9 des Sciences Biologiques. 28-30 Avril 2013.<\/li>\n\n\n\n<li>Kheloui H.et Harchouche K., 2013. \u00c9tude pr\u00e9liminaire de la r\u00e9partition d\u2019un repr\u00e9sentant des Triglidae, le Grondin&nbsp;: Chelidonichthys lucernus (Linnaeus ,1758) des c\u00f4tes alg\u00e9riennes. Journ\u00e9es du 39\u00e9me anniversaire de la cr\u00e9ation de l\u2019USTHB. Facult\u00e9 des Sciences Biologiques. 28-30 Avril 2013.<\/li>\n\n\n\n<li>Meghouche M.&nbsp;A. et Harchouche K., 2013. \u00c9tude pr\u00e9liminaire de la r\u00e9partition de Pagellus bogaraveo (Br\u00fcnnich, 1768) des c\u00f4tes alg\u00e9riennes. Journ\u00e9es du 39\u00e9me anniversaire de la cr\u00e9ation de l\u2019USTHB. Facult\u00e9 des Sciences Biologiques. 28-30 Avril 2013.<\/li>\n\n\n\n<li>Boufersaoui S., Chedad I., Rabia M.&nbsp;et Harchouche K., 2013. \u00c9tude de l\u2019\u00e2ge et des relations biom\u00e9triques de Pagellus acarne (Risso, 1826) des c\u00f4tes centrales de l\u2019Alg\u00e9rie. Journ\u00e9es du 39\u00e9me anniversaire de la cr\u00e9ation de l\u2019USTHB. Facult\u00e9 des Sciences Biologiques. 28-30 Avril 2013.<\/li>\n\n\n\n<li>Rouidi S. et Harchouche K., 2013. Etude de la reproduction du pageot rose Pagellus erythrinus (Linnaeus, 1758) dans la r\u00e9gion de Jijel. Journ\u00e9es du 39\u00e9me anniversaire de la cr\u00e9ation de l\u2019USTHB. Facult\u00e9 des Sciences Biologiques. 28-30 Avril 2013.<\/li>\n\n\n\n<li>Djouahra C. et Harchouche K., 2013. La nourriture du sar, Diplodus vulgaris (Sparidae), dans la r\u00e9gion alg\u00e9roise. Bulletin de l\u2019Institut National des Sciences et Technologies de la Mer (I.N.S.T.M.&nbsp;Salammb\u00f4). Num\u00e9ro Sp\u00e9cial (17)&nbsp;: Actes des 14\u00e8me journ\u00e9es Tunisiennes des Sciences de la Mer (Sousse, D\u00e9cembre 2012).<\/li>\n\n\n\n<li>Harchouche K. et Alili D.E., 2013. Inventaires et caract\u00e9ristiques ichtyologiques des esp\u00e8ces associ\u00e9es \u00e0 deux poissons cibles (Spicara maena et Pagellus acarne) dans les mises \u00e0 terre alg\u00e9riennes. Communication internationale et Actes sur Bulletin lors des XV Journ\u00e9es Tunisiennes des Sciences de la Mer et la 3\u00e8me Rencontre Tuniso-Fran\u00e7aise d\u2019Ichtyologie 14\u201317d\u00e9cembre 2013. Mahdia (Tunisie).<\/li>\n\n\n\n<li>Boufersaoui S. et Harchouche K. &#8211; D\u00e9termination du diam\u00e8tre ovocytaire chez deux esp\u00e8ces de sparid\u00e9s h\u00e9t\u00e9rochrones au moyen de l\u2019imagerie num\u00e9rique&nbsp;: Pagellus acarne (Risso, 1826) et Lithognathus mormyrus (Linnaeus, 1758)de la r\u00e9gion centre alg\u00e9rienne (Alg\u00e9rie). Communication internationale et Actes sur Bulletin lors des XV Journ\u00e9es Tunisiennes des Sciences de la Mer et la 3\u00e8me Rencontre Tuniso-Fran\u00e7aise d\u2019Ichtyologie 14\u201317d\u00e9cembre 2013. Mahdia (Tunisie).<\/li>\n\n\n\n<li>Boufersaoui S., Hentour A., Belaid H. et Harchouche K. &#8211; Rendement maximal durable&nbsp;: diagnostic du stock du pageot blanc (Pagellus acarne, Risso, 1826) de la r\u00e9gion centre alg\u00e9rienne. Communication lors du 3\u00e8me Colloque &#8220;Biodiversit\u00e9 et Ecosyst\u00e8me Littoraux BEL 03&#8221; les 26-28 Novembre 2013. Oran (Alg\u00e9rie).<\/li>\n\n\n\n<li>Djouahra C. et Harchouche K. (2014) &#8211; Croissance de Diplodus vulgaris (Poisson Sparides), dans La r\u00e9gion d\u2019Alger. Communication lors des journ\u00e9es du 40\u00e8me anniversaire de l\u2019USTHB\/FSB. Avril 2014.<\/li>\n\n\n\n<li>Amira S. et Harchouche K. (2014) &#8211; R\u00e9sultats pr\u00e9liminaires sur la p\u00eache au port de Bouharoun. Communication lors des journ\u00e9es du 40\u00e8me anniversaire de l\u2019USTHB\/FSB. Avril 2014.<\/li>\n\n\n\n<li>Boufersaoui S. et Harchouche K. (2014). Activit\u00e9 reproductrice et f\u00e9condit\u00e9 de Pagellus acarne de la r\u00e9gion centre alg\u00e9rienne. Cybium&nbsp;<br><img decoding=\"async\" loading=\"lazy\" alt=\"-\" height=\"11\" src=\"http:\/\/193.194.89.178\/lobem\/local\/cache-vignettes\/L8xH11\/puce-32883.gif?1558450660\" width=\"8\">&nbsp;Mokrane Z &amp; Zerouali-Khodja F., 2015. Reproductive biologie and fecondity of the black scorpion fish Scorpaena porcus (Linnaeus, 1758) at the algerian coast. Cah. Biol. Mar. (2015) 56&nbsp;: 1-12.<\/li>\n\n\n\n<li>Mokrane Z, Laribi H. et Zerouali-Khodja F., 2015. Diet in relation to the tract structure and the chitinolytic activity in scorpaena notata (Rafinesque, 1810) at the algerian coast. Article en cours de publication dans Cah. Biol. Mar.<\/li>\n\n\n\n<li>Zerouali-Khodja F &amp; Mokrane Z., 2014. Feeding strategy of scorpaena notata (rafinesque 1810) and scorpaena porcus (linnaeus, 1758) at coastal ecosystem Algerian. International Congress on \u201cEstuaries &amp; Coastal Protected Areas\u201c ECPA 2014 &#8220;Estuaires et Aires Marines C\u00f4ti\u00e8res Prot\u00e9g\u00e9es&#8221; 04 &#8211; 06 November 2014, Izmir \u2013 TURKEY.<\/li>\n\n\n\n<li>Zerouali-Khodja F &amp; Mokrane Z., 2015. Contribution \u00e0 l\u2019identification des esp\u00e8ces de poissons du genre Scorpaena de la c\u00f4te alg\u00e9rienne. Com. au Congr\u00e8s 116\u00e8mes Journ\u00e9es Annuelles de la Soci\u00e9t\u00e9 de Zoologie de France \u00e0 Bordeaux 16-20 sept. 2015.<\/li>\n\n\n\n<li>Zerouali-Khodja F &amp; Alioua Z., 2015. Nutrition d\u2019un poisson de la famille des Gadid\u00e9s, la mustelle blanche, Phycis blenno\u00efdes (Br\u00fcnnich, 1768) de la c\u00f4te alg\u00e9rienne. Com. au Congr\u00e8s 116\u00e8mes Journ\u00e9es Annuelles de la Soci\u00e9t\u00e9 de Zoologie de France \u00e0 Bordeaux 16-20 sept. 2015.<\/li>\n\n\n\n<li>Z. Mokrane, H. Laribi et F. Zerouali Khodja. Habitudes alimentaires et digestion enzymatique de la petite rascasse, Scorpaena notata de la c\u00f4te alg\u00e9roise. Article soumis pour publication dans le Bulletin de Zoologie de France ou Cybium.<\/li>\n\n\n\n<li>Zerouali Khodja F., 2013. Relation entre la structure et le fonctionnement du tractus digestif de Scorpaena notata de la c\u00f4te alg\u00e9roise. Communication aux Journ\u00e9es du 39i\u00e8me Anniversaire de l\u2019USTHB, 25 avril 2013, FSB, USTHB.<\/li>\n\n\n\n<li>Zerouali-Khodja F. et Mokrane Z. et 2014. Feeding strategy of Scorpaena notata (Rafinesque, 1810) and Scorpaena porcus (Linnaeus, 1758) at coastal ecosystem Algerian. Com. au Congr\u00e8s Internat. sur Estuaires et Aires Marines C\u00f4ti\u00e8res Prot\u00e9g\u00e9es (ECPA) 4-6 nov. 14, Turquie (Izmir).<\/li>\n\n\n\n<li>Mokrane Z., Laribi H. et Zerouali-Khodja F., 2014. Habitudes alimentaires et digestion enzymatique de la petite rascasse, Scorpaena notata de la c\u00f4te alg\u00e9roise. Article soumis au Journal of the marine biological association.<\/li>\n\n\n\n<li>Alili D. E., Lamouri W. et Malek A., 2013. Param\u00e8tres de croissance et d\u2019exploitation de Bothus podas podas (Delaroche, 1809) [Pleuronectiforme, Bothid\u00e9] des eaux alg\u00e9riennes. Communication aux Journ\u00e9es du 39i\u00e8me Anniversaire de l\u2019USTHB, 25 avril 2013, FSB, USTHB.<\/li>\n\n\n\n<li>Alili D. E., 2013. Les ports de p\u00eache de Cherchell \u00e0 Tigzirt&nbsp;: infrastructures, embarcations et engins de p\u00eache. Communication aux Journ\u00e9es du 39i\u00e8me Anniversaire de l\u2019USTHB, 25 avril 2013, FSB, USTHB.<\/li>\n\n\n\n<li>Alili D. E., 2013. Pr\u00e9sentation d\u2019un film documentaire scientifique&nbsp;: Un \u00e9quilibre fragile. Communication aux Journ\u00e9es du 39i\u00e8me Anniversaire de l\u2019USTHB, 25 avril 2013, FSB, USTHB.<\/li>\n\n\n\n<li>Alili D.E. et Harchouche K. (2014) &#8211; La Sardine en Alg\u00e9rie&nbsp;: raret\u00e9 et chert\u00e9. Communication lors des journ\u00e9es du 40\u00e8me anniversaire de l\u2019USTHB\/FSB. Avril 2014.<\/li>\n\n\n\n<li>Labidi N et Nouar A., 2013. Estimation de l\u2019\u00e2ge des sp\u00e9cimens de thon rouge Thunnus thynnus (Linnaeus, 1756) captur\u00e9s dans les eaux alg\u00e9riennes. ICCAT\/2013\/071.<\/li>\n\n\n\n<li>Labidi N et Nouar A., 2013. R\u00e9gime alimentaire de la thonine Euthynnus alletteratus (Rafinesque, 1810) des c\u00f4tes alg\u00e9riennes. 3\u00e8me Colloque International sur la Biodiversit\u00e9 et Ecosyst\u00e8mes Littoraux \/ 26, 27 et 28 novembre 2013, Oran, Alg\u00e9rie.<\/li>\n\n\n\n<li>Labidi N et Nouar A., 2012. Quelques indices de biologie du thon rouge Thunnus thynnus (Linnaeus, 1856) des c\u00f4tes alg\u00e9riennes. ICCAT\/2012\/128. en cours de publication.<\/li>\n\n\n\n<li>Neghli N et Nouar A., 2014. Sex-ratio et maturit\u00e9 sexuelle du thon rouge Thunnus thynnus (Linnaeus, 1758) des c\u00f4tes alg\u00e9riennes. Communication nationale, 40\u00e8me anniversaire de la cr\u00e9ation de l\u2019USTHB \/ 20, 24 avril 2014, Alger, Alg\u00e9rie.<\/li>\n\n\n\n<li>Neghli N et Nouar A., 2013. Estimation de l\u2019\u00e2ge des sp\u00e9cimens de thon rouge Thunnus thynnus (Linnaeus, 1756) captur\u00e9s dans les eaux alg\u00e9riennes. ICCAT\/2013\/071. Article soumis et accept\u00e9 (en cours de publication).<\/li>\n\n\n\n<li>BOUAZIZ A., NOUAR A.,&nbsp; BOUKAIS N., CHAIB C., MOULOUDJ S. (2016).&nbsp; Estimation of the exploitation level of saurel&nbsp;<em>Trachurus trachurus<\/em>&nbsp;(Linnaeus, 1758) along The Central Algerian Coast.<em>10<sup>\u00e8me&nbsp;<\/sup>Congr\u00e8s Maghr\u00e9bin des Sciences de la Mer et 5<sup>\u00e8me&nbsp;<\/sup>Congr\u00e8s Franco-Maghr\u00e9bine de&nbsp; Zoologie et d\u2019Ichtyologie<\/em>. F\u00e8z (Maroc)&nbsp;: 9 -10 D\u00e9cembre 2016.<\/li>\n\n\n\n<li>BOUAZIZ A., AZAOUI R., HATTOU I.,&nbsp; METTOUK H. (2017). Le point de r\u00e9f\u00e9rence biologique (F0.1) est-il vuln\u00e9rable \u00e0 la variation de la valeur de la mortalit\u00e9&nbsp; naturelle (M) ? Cas de la sardinelle de la r\u00e9gion centre de l\u2019Alg\u00e9rie.&nbsp;&nbsp;<em>3<sup>\u00e8me<\/sup>&nbsp;Colloque International Francophonie en Environnement et Sant\u00e9. Dunkerque (France)&nbsp;: 23 \u2013 25 octobre 2017.<\/em><\/li>\n\n\n\n<li>Faiza AISSAT, Sihem AKLI &amp; Ahmed NOUAR., 2017. Contribution \u00e0 l\u2019\u00e9tude de la contamination de la saupe&nbsp;<em>Sarpa salpa<\/em>&nbsp;et de la Posidonie&nbsp;<em>Posidonia oceanica<\/em>&nbsp;au niveau de Bou Ismail, Alg\u00e9rie. Communication \u00e0 la IV \u00e9me Rencontre Tuniso-Francaise d\u2019Ichtyologie, 18-20 Mars 2017\u00e0 Tunis (Tunisie).<\/li>\n\n\n\n<li>Bouaziz A., Kerzabi F., Bedjaoui I., Lamraoui S., 2018.&nbsp; Le point de r\u00e9f\u00e9rence biologique (F<sub>0.1<\/sub>) est-il vuln\u00e9rable \u00e0 la variation de la valeur de la mortalit\u00e9&nbsp; naturelle (M)&nbsp;? Cas de l\u2019anchois&nbsp;<em>Engraulis encrasicolus<\/em>&nbsp;(Linnaeus, 1758) de la r\u00e9gion centre de l\u2019Alg\u00e9rie.&nbsp;<em>6<sup>\u00e8me<\/sup>&nbsp;Congr\u00e8s franco\u2013tunisien de zoologie le 6<sup>\u00e8me&nbsp;<\/sup>Congr\u00e8s franco\u2013maghr\u00e9bin de zoologie, les 119<sup>\u00e8mes<\/sup>&nbsp;Journ\u00e9es annuelles de la Soci\u00e9t\u00e9 zoologique de France.<\/em><\/li>\n\n\n\n<li>Kennouche H et Nouar A. 2018&nbsp;. Param\u00e8tres d\u2019exploitation&nbsp; de&nbsp;<em>Sepia officinalis<\/em>&nbsp;L., 1758, de la r\u00e9gion alg\u00e9roise (Alg\u00e9rie centre). Colloque international&nbsp;&nbsp;<em>Approche \u00e9cosyst\u00e9mique en mer Mediterran\u00e9e&nbsp;: avanc\u00e9es et perspectives<\/em>, INAT Tunis&nbsp;24-26 avril 2018.<\/li>\n\n\n\n<li>Kennouche H., Nouar A., 2018. Contenus stomacaux de la seiche&nbsp;<em>Sepia officinalis<\/em>&nbsp;L., 1758, de la r\u00e9gion alg\u00e9roise. Workshop international sur la biodiversit\u00e9 et la gestion des \u00e9cosyst\u00e8mes exploit\u00e9s, ENSSMAL, 27 octobre 2018.<\/li>\n\n\n\n<li>Labidi<strong>&#8211;<\/strong>Neghli N, Neghli L, Nouar A.&nbsp;<strong>&#8211;<\/strong>&nbsp;Reproductive biology of little tunny,&nbsp;<em>Euthynnus alletteratus<\/em>&nbsp;(Rafinesque) from the Algerian coasts.<\/li>\n\n\n\n<li>Harchouche K.<sup><\/sup>et Boufekane B. (2019)- Statistical and biometric revision of morphometric characteristics in fish of the genus&nbsp;<em>Diplodus<\/em>&nbsp;(Sparidae) of the Algerian coast.&nbsp;2st International Conference on Data Science and Applications. ICONDATA 2019, October 03-06, 2019 in Edremit, Bal\u0131kesir, Turkey.<\/li>\n\n\n\n<li>Harchouche K. et<sup><\/sup>Kheloui H. (2019)- R\u00e9partition spatiotemporelle d&#8217;un&nbsp;<em>Triglidae<\/em>, C<em>helidonichthys lucerna&nbsp;<\/em>(linnaeus,1758) et analyse des communaut\u00e9s ichtyologiques associ\u00e9s dans les p\u00eacheries des eaux alg\u00e9riennes. Les 18\u00e8mes. journ\u00e9es Tunisiennes des sciences de la mer (ATSmer). Du 26 au 28 octobre 2019, Hot\u00eal Kelibia Beach,&nbsp; Kelibia, Tunisie.<\/li>\n\n\n\n<li>Boufekane B., Kelai E. et Harchouche K. -2019- Reproduction et f\u00e9condit\u00e9 du sar commun &nbsp;<em>Diplodus sargus sargus<\/em>&nbsp;(Linnaeus, 1758) (Sparidae) de la c\u00f4te centrale alg\u00e9rienne.&nbsp;<strong>XVI<\/strong>II<sup>\u00e8mes<\/sup>&nbsp;Journ\u00e9es Tunisiennes des Sciences de la Mer, ATSMer. 26<em>&nbsp;-28 octobre 2019, K\u00e9libia, Tunisie.<\/em><\/li>\n\n\n\n<li>Boufekane B., Kelai E. et Harchouche K. -2019- Etude de l&#8217;\u00e2ge et de la croissance et d\u00e9termination de l&#8217;\u00e9tat d&#8217;exploitation du sar commun,&nbsp;<em>Diplodus sargus sargus<\/em>&nbsp;(Actinopterygii: Perciforme: Sparidae) de la r\u00e9gion centre du littoral alg\u00e9rien. XVIII<sup>\u00e8mes<\/sup>&nbsp;Journ\u00e9es Tunisiennes des Sciences de la Mer, ATSMer. 26<em>&nbsp;-28 octobre 2019, K\u00e9libia, Tunisie.<\/em><\/li>\n\n\n\n<li>Kelai E., Boufekane B., Hamitouche A. Chebbout R., Bachari K. et Harchouche K. (2019)- Etude comparative de la qualit\u00e9 de la chair de la daurade royale sauvage et d&#8217;\u00e9levage&nbsp;<em>Sparus aurata<\/em>&nbsp;(Linn\u00e9, 1758) de la r\u00e9gion centre de la c\u00f4te alg\u00e9rienne.XVIII<sup>\u00e8mes<\/sup>&nbsp;Journ\u00e9es Tunisiennes des Sciences de la Mer, ATSMer. 26<em>&nbsp;-28 octobre 2019, K\u00e9libia, Tunisie.<\/em><\/li>\n<\/ol>\n","protected":false},"excerpt":{"rendered":"<p>&nbsp;<\/p>\n","protected":false},"author":1,"featured_media":0,"parent":0,"menu_order":0,"comment_status":"closed","ping_status":"closed","template":"","meta":[],"_links":{"self":[{"href":"https:\/\/lobem.usthb.dz\/index.php\/wp-json\/wp\/v2\/pages\/71"}],"collection":[{"href":"https:\/\/lobem.usthb.dz\/index.php\/wp-json\/wp\/v2\/pages"}],"about":[{"href":"https:\/\/lobem.usthb.dz\/index.php\/wp-json\/wp\/v2\/types\/page"}],"author":[{"embeddable":true,"href":"https:\/\/lobem.usthb.dz\/index.php\/wp-json\/wp\/v2\/users\/1"}],"replies":[{"embeddable":true,"href":"https:\/\/lobem.usthb.dz\/index.php\/wp-json\/wp\/v2\/comments?post=71"}],"version-history":[{"count":1,"href":"https:\/\/lobem.usthb.dz\/index.php\/wp-json\/wp\/v2\/pages\/71\/revisions"}],"predecessor-version":[{"id":73,"href":"https:\/\/lobem.usthb.dz\/index.php\/wp-json\/wp\/v2\/pages\/71\/revisions\/73"}],"wp:attachment":[{"href":"https:\/\/lobem.usthb.dz\/index.php\/wp-json\/wp\/v2\/media?parent=71"}],"curies":[{"name":"wp","href":"https:\/\/api.w.org\/{rel}","templated":true}]}}