{"id":66,"date":"2023-07-11T09:57:23","date_gmt":"2023-07-11T09:57:23","guid":{"rendered":"http:\/\/193.194.89.177\/lobem_wp\/?page_id=66"},"modified":"2023-07-11T09:57:24","modified_gmt":"2023-07-11T09:57:24","slug":"publications-nationales","status":"publish","type":"page","link":"https:\/\/lobem.usthb.dz\/index.php\/publications-nationales\/","title":{"rendered":"Publications nationales"},"content":{"rendered":"\n<p><\/p>\n\n\n\n<h1>&nbsp;<\/h1>\n\n\n\n<hr class=\"wp-block-separator has-alpha-channel-opacity\"\/>\n\n\n\n<ol>\n<li>Nouar A. et Aissat F., 2011. Faune associ\u00e9e au rouget de vase Mullus barbatus (Linnaeus, 1758) des c\u00f4tes alg\u00e9riennes. Bulletin Sp\u00e9cial du Centre National du D\u00e9veloppement des Ressources Biologiques (CNRDB), Alger.<\/li>\n\n\n\n<li>Harchouche K., 2011. Evaluation du niveau d\u2019exploitation du stock de Spicara maena (Poisson, Centracanthidae) dans la r\u00e9gion centre de l\u2019Alg\u00e9rie. Bulletin Sp\u00e9cial du Centre National du D\u00e9veloppement des Ressources Biologiques (CNRDB), Alger.<\/li>\n\n\n\n<li><strong>AMIRA SOUMIA AND HARCHOUCHE KAMEL<\/strong>.Inventory and stand structure of species associated with two target fish (<em>Spicara maena&nbsp;<\/em>and<em>&nbsp;Pagellus acarne<\/em>) in Algerian landings. Revue Bioc\u00e9nose. CERIST (2018).<\/li>\n<\/ol>\n","protected":false},"excerpt":{"rendered":"<p>&nbsp;<\/p>\n","protected":false},"author":1,"featured_media":0,"parent":0,"menu_order":0,"comment_status":"closed","ping_status":"closed","template":"","meta":[],"_links":{"self":[{"href":"https:\/\/lobem.usthb.dz\/index.php\/wp-json\/wp\/v2\/pages\/66"}],"collection":[{"href":"https:\/\/lobem.usthb.dz\/index.php\/wp-json\/wp\/v2\/pages"}],"about":[{"href":"https:\/\/lobem.usthb.dz\/index.php\/wp-json\/wp\/v2\/types\/page"}],"author":[{"embeddable":true,"href":"https:\/\/lobem.usthb.dz\/index.php\/wp-json\/wp\/v2\/users\/1"}],"replies":[{"embeddable":true,"href":"https:\/\/lobem.usthb.dz\/index.php\/wp-json\/wp\/v2\/comments?post=66"}],"version-history":[{"count":1,"href":"https:\/\/lobem.usthb.dz\/index.php\/wp-json\/wp\/v2\/pages\/66\/revisions"}],"predecessor-version":[{"id":68,"href":"https:\/\/lobem.usthb.dz\/index.php\/wp-json\/wp\/v2\/pages\/66\/revisions\/68"}],"wp:attachment":[{"href":"https:\/\/lobem.usthb.dz\/index.php\/wp-json\/wp\/v2\/media?parent=66"}],"curies":[{"name":"wp","href":"https:\/\/api.w.org\/{rel}","templated":true}]}}