{"id":62,"date":"2023-07-11T09:53:06","date_gmt":"2023-07-11T09:53:06","guid":{"rendered":"http:\/\/193.194.89.177\/lobem_wp\/?page_id=62"},"modified":"2023-07-11T09:53:07","modified_gmt":"2023-07-11T09:53:07","slug":"publications-internationales","status":"publish","type":"page","link":"https:\/\/lobem.usthb.dz\/index.php\/publications-internationales\/","title":{"rendered":"Publications internationales"},"content":{"rendered":"\n<p><\/p>\n\n\n\n<ol>\n<li>Kennouche H. &amp; Nouar A., 2013. R\u00e9gime alimentaire de la crevette rouge Aristeus antennatus (Risso, 1816) (Decapoda, Penaeoidea) dans la r\u00e9gion alg\u00e9roise (Alg\u00e9rie centre). Crustaceana 86 (5) 553-563. DOI :10.1163\/15685403-00003189.<\/li>\n\n\n\n<li>Mokrane Z. et Zerouali-Khodja F., 2012. Composition du r\u00e9gime alimentaire de Scorpaena porcus (linneaus, 1758) des c\u00f4tes alg\u00e9riennes&nbsp;\u00bb. Bull.Soc.zool.Fr., 2012, 136 (1-4).<\/li>\n\n\n\n<li>Harchouche K. et Djouahra C. \u2013 2012. Contribution a la connaissance des esp\u00e8ces du genre diplodus dans la region d\u2019Alger. Bulletin de l\u2019Institut National des Sciences et Technologies de la Mer (I.N.S.T.M.&nbsp;Salammb\u00f4). Num\u00e9ro Sp\u00e9cial (16)&nbsp;: Actes des XIII\u00e8me journ\u00e9es Tunisiennes des Sciences de la Mer (Mahdia).<\/li>\n\n\n\n<li>Nouar A., Kennouche H., Ainouche N. et Cartes J. P., 2011. Temporal changes in the diet of deep-water Penaeoidean shrimps (Parapenaeus longirostris and Aristeus antennatus) off Algeria (south-western Mediterranean). SCI. MAR., 75(2), 2011, 279-288. ISSN 0214-8358 doi&nbsp;: 10.3989\/scimar.2011.75n2279.<\/li>\n\n\n\n<li>Harchouche K., 2011. Croissance, exploitation et biomasses d\u2019un poisson Centracanthidae dans la r\u00e9gion centre de l\u2019Alg\u00e9rie&nbsp;: Spicara maena (Linnaeus, 1758). ICCAFFE 2011&nbsp;: Changement climatique, Agriculture, Alimentation, P\u00eache et Ecosyst\u00e8mes. 19 &#8211; 21 Mai 2011, Agadir (Maroc). Publication internationale soumise (Springer).<\/li>\n\n\n\n<li>Harchouche K., 2011. Mises \u00e0 terre et exploitation du pageot rose (Pagellus erythrinus, linnaeus, 1758) d\u00e9barqu\u00e9 \u00e0 la poissonnerie d\u2019Alger. Bulletin de l\u2019Institut National des Sciences et Technologies de la Mer (I.N.S.T.M.&nbsp;Salammb\u00f4). Num\u00e9ro Sp\u00e9cial (14)&nbsp;: Actes des XI\u00e8mes journ\u00e9es Tunisi\u00e8nnes des Sciences de la Mer (Nabeul Tunisie 19-22 d\u00e9cembre 2009). D\u00e9cembre 2010. p 113-118.<\/li>\n\n\n\n<li>Kennouche H. et Nouar A., 2016. Growth and spowning period of&nbsp;<em>Sepia officinalis<\/em>&nbsp;(L, 1758) in Algiers region (Centre of Algeria) \u00bb. Iranian Journal of Fisheries Sciences volume 15 num\u00e9ro 4.<\/li>\n\n\n\n<li>Labidi-Neghli N, Neghli L, Ouadah S, Nouar A. (2016)- Size distribution and biometric relationships of little tunny&nbsp;<em>Euthynnus alletteratus<\/em>&nbsp;from the Algerian coast. Research Inventy: International Journal of Engineering and Science Vol.6, Issue 11, PP -16-21<\/li>\n\n\n\n<li>Ainouche N. &amp; Nouar A., 2018. Trophic behavior and diet composition of the black anglerfish&nbsp;<em>Lophius budegassa&nbsp;<\/em>(Spinola, 1807) of the Algerian coast (Southwestern Mediterranean Sea). Cah. Biol. Mar. (2018) 59 : 441-449.<\/li>\n\n\n\n<li>Amira S.,Alioua Z., Harchouche K. (2018). Gonadal development and fecundity of bogue&nbsp;<em>Boops boops&nbsp;<\/em>(Linnaeus, 1758) (Sparidae) on the central Algerian coast. Turkish Journal of Zoology. Volume 43: 12-29 issue 1 \u00a9 T\u00dcB\u0130TAK. ISSN 1300-0179 \u2022 E-ISSN 1303-6114&nbsp;; DOI:10.3906 \/zoo-1805-44. http:\/\/journals.tubitak.gov.tr\/zoology.<\/li>\n\n\n\n<li>Alioua, Z., Amira,<strong>&nbsp;S.,<\/strong>&nbsp;Derbal, F., Rachedi, M., Bahbah, L., Bensari, B., Zerouali-Khodja, F. (2018). Diet composition and trophic level of greater forkbeard Phycis blennoides (Gadiform: Phycidae) from the Algerian coast. Croatian Journal of Fisheries, 76, 135-144. DOI:10.2478\/cjf-2018-0017. IF&nbsp;: 0.45<\/li>\n<\/ol>\n","protected":false},"excerpt":{"rendered":"","protected":false},"author":1,"featured_media":0,"parent":0,"menu_order":0,"comment_status":"closed","ping_status":"closed","template":"","meta":[],"_links":{"self":[{"href":"https:\/\/lobem.usthb.dz\/index.php\/wp-json\/wp\/v2\/pages\/62"}],"collection":[{"href":"https:\/\/lobem.usthb.dz\/index.php\/wp-json\/wp\/v2\/pages"}],"about":[{"href":"https:\/\/lobem.usthb.dz\/index.php\/wp-json\/wp\/v2\/types\/page"}],"author":[{"embeddable":true,"href":"https:\/\/lobem.usthb.dz\/index.php\/wp-json\/wp\/v2\/users\/1"}],"replies":[{"embeddable":true,"href":"https:\/\/lobem.usthb.dz\/index.php\/wp-json\/wp\/v2\/comments?post=62"}],"version-history":[{"count":1,"href":"https:\/\/lobem.usthb.dz\/index.php\/wp-json\/wp\/v2\/pages\/62\/revisions"}],"predecessor-version":[{"id":64,"href":"https:\/\/lobem.usthb.dz\/index.php\/wp-json\/wp\/v2\/pages\/62\/revisions\/64"}],"wp:attachment":[{"href":"https:\/\/lobem.usthb.dz\/index.php\/wp-json\/wp\/v2\/media?parent=62"}],"curies":[{"name":"wp","href":"https:\/\/api.w.org\/{rel}","templated":true}]}}