{"id":59,"date":"2023-07-11T09:49:54","date_gmt":"2023-07-11T09:49:54","guid":{"rendered":"http:\/\/193.194.89.177\/lobem_wp\/?page_id=59"},"modified":"2023-07-11T11:19:35","modified_gmt":"2023-07-11T11:19:35","slug":"halieutique","status":"publish","type":"page","link":"https:\/\/lobem.usthb.dz\/index.php\/halieutique\/","title":{"rendered":"Halieutique"},"content":{"rendered":"\n<h3>Biologie, \u00e9cologie et exploitation de quelques esp\u00e8ces de Crustac\u00e9s D\u00e9capodes, Mollusques C\u00e9phalopodes et Poissons. Evaluation et gestion des stocks.<\/h3>\n\n\n\n<p>Nom Pr\u00e9nomGrade ActuelSp\u00e9cialit\u00e9AdresseFonction<\/p>\n\n\n\n<p>NOUAR AhmedProf, DRHalieutiquenouarahmed@live.frChef<\/p>\n\n\n\n<p>HARCHOUCHE KamelProf, DRHalieutiqueharchouchek@yahoo.frMembre<\/p>\n\n\n\n<p>ZEROUALI-KHODJA FatihaProf, DRReproductionfatiha_alg@yahoo.frMembre<\/p>\n\n\n\n<p>ALILI Djamel EddineMAA, CRHalieutiquealilidje@yahoo.frMembre<\/p>\n\n\n\n<p>LABIDI NacibaARHalieutiqueduchesse@yahoo.frMembre<\/p>\n\n\n\n<p>ROUIDI SamirARHalieutiquesamir_mer87@hotmail.comMembre<\/p>\n\n\n\n<h2>Articles de cette rubrique<\/h2>\n\n\n\n<h3><a href=\"http:\/\/193.194.89.177\/lobem_wp\/index.php\/publications-internationales\/\">Publications Internationales<\/a><\/h3>\n\n\n\n<h3><a href=\"http:\/\/193.194.89.177\/lobem_wp\/index.php\/publications-nationales\/\">Publications Nationales<\/a><\/h3>\n\n\n\n<h3><a href=\"http:\/\/193.194.89.177\/lobem_wp\/index.php\/communications-internationales\/\">Communications Internationales<\/a><a href=\"https:\/\/lobem.usthb.dz\/node\/25\"><\/a><\/h3>\n\n\n\n<h3><a href=\"http:\/\/193.194.89.177\/lobem_wp\/index.php\/communications-nationales\/\">Communications Nationales<\/a><\/h3>\n\n\n\n<h3><a href=\"http:\/\/193.194.89.177\/lobem_wp\/index.php\/encadrement-de-licence-2\/\">Encadrement de Licence<\/a><\/h3>\n\n\n\n<h3><a href=\"http:\/\/193.194.89.177\/lobem_wp\/index.php\/encadrement-de-master\/\">Encadrement de Master<\/a><\/h3>\n\n\n\n<h3><a href=\"https:\/\/lobem.usthb.dz\/node\/29\">Encadrement de Magister<\/a><\/h3>\n\n\n\n<h3><a href=\"http:\/\/193.194.89.177\/lobem_wp\/index.php\/encadrement-de-doctorat\/\">Encadrement de Doctorat<\/a><\/h3>\n","protected":false},"excerpt":{"rendered":"<p>Biologie, \u00e9cologie et exploitation de quelques esp\u00e8ces de Crustac\u00e9s D\u00e9capodes, Mollusques C\u00e9phalopodes et Poissons. Evaluation et gestion des stocks. Nom Pr\u00e9nomGrade ActuelSp\u00e9cialit\u00e9AdresseFonction NOUAR AhmedProf, DRHalieutiquenouarahmed@live.frChef HARCHOUCHE KamelProf, DRHalieutiqueharchouchek@yahoo.frMembre ZEROUALI-KHODJA FatihaProf, DRReproductionfatiha_alg@yahoo.frMembre ALILI Djamel EddineMAA, CRHalieutiquealilidje@yahoo.frMembre LABIDI NacibaARHalieutiqueduchesse@yahoo.frMembre ROUIDI SamirARHalieutiquesamir_mer87@hotmail.comMembre Articles <span class=\"readmore\"><a href=\"https:\/\/lobem.usthb.dz\/index.php\/halieutique\/\">Continue Reading<\/a><\/span><\/p>\n","protected":false},"author":1,"featured_media":0,"parent":0,"menu_order":0,"comment_status":"closed","ping_status":"closed","template":"","meta":[],"_links":{"self":[{"href":"https:\/\/lobem.usthb.dz\/index.php\/wp-json\/wp\/v2\/pages\/59"}],"collection":[{"href":"https:\/\/lobem.usthb.dz\/index.php\/wp-json\/wp\/v2\/pages"}],"about":[{"href":"https:\/\/lobem.usthb.dz\/index.php\/wp-json\/wp\/v2\/types\/page"}],"author":[{"embeddable":true,"href":"https:\/\/lobem.usthb.dz\/index.php\/wp-json\/wp\/v2\/users\/1"}],"replies":[{"embeddable":true,"href":"https:\/\/lobem.usthb.dz\/index.php\/wp-json\/wp\/v2\/comments?post=59"}],"version-history":[{"count":15,"href":"https:\/\/lobem.usthb.dz\/index.php\/wp-json\/wp\/v2\/pages\/59\/revisions"}],"predecessor-version":[{"id":109,"href":"https:\/\/lobem.usthb.dz\/index.php\/wp-json\/wp\/v2\/pages\/59\/revisions\/109"}],"wp:attachment":[{"href":"https:\/\/lobem.usthb.dz\/index.php\/wp-json\/wp\/v2\/media?parent=59"}],"curies":[{"name":"wp","href":"https:\/\/api.w.org\/{rel}","templated":true}]}}