{"id":43,"date":"2023-07-09T09:43:47","date_gmt":"2023-07-09T09:43:47","guid":{"rendered":"http:\/\/193.194.89.177\/lobem_wp\/?page_id=43"},"modified":"2023-10-02T11:22:41","modified_gmt":"2023-10-02T11:22:41","slug":"accueil","status":"publish","type":"page","link":"https:\/\/lobem.usthb.dz\/index.php\/accueil\/","title":{"rendered":"Accueil"},"content":{"rendered":"\n<p><\/p>\n\n\n\n<p><strong>Directeur du laboratoire\u00a0:<\/strong>\u00a0BACHARI Nour el islam<\/p>\n\n\n\n<p><strong>Laboratoire d\u2019Oc\u00e9anographie Biologique et Environnement Marin (LOBEM)<\/strong>de la Facult\u00e9 des Sciences Biologiques de l\u2019Universit\u00e9 des Sciences et de la Technologie Houari Boum\u00e9di\u00e8nne (USTHB) d\u2019Alger a \u00e9t\u00e9 cr\u00e9\u00e9 en l\u2019an 2010. Le laboratoire est compos\u00e9 de quatre \u00e9quipes de recherche&nbsp;:<\/p>\n\n\n\n<ul>\n<li><strong>Ecosyst\u00e8mes p\u00e9lagiques&nbsp;<\/strong>&nbsp;: Impact de la variabilit\u00e9 climatique sur les peuplements p\u00e9lagiques (phytoplancton, zooplancton, necton). Cons\u00e9quences sur les stocks p\u00e9lagiques.<\/li>\n\n\n\n<li><strong>Ecosyst\u00e8mes c\u00f4tiers et benthiques<\/strong>&nbsp;: Structure et fonctionnement des \u00e9cosyst\u00e8mes benthique. Connaissance et \u00e9volution des \u00e9cosyst\u00e8mes marins c\u00f4tiers.<\/li>\n\n\n\n<li><strong>Halieutique<\/strong>&nbsp;: Biologie, \u00e9cologie et exploitation de quelques esp\u00e8ces de Crustac\u00e9s D\u00e9capodes, Mollusques C\u00e9phalopodes et Poissons. Evaluation et gestion des stocks.<\/li>\n\n\n\n<li><strong>Oc\u00e9anologie spatiale et t\u00e9l\u00e9d\u00e9tection&nbsp;<\/strong>&nbsp;: Utilisation des donn\u00e9es satellitaires pour le suivi des param\u00e8tres environnementaux. Comparaison avec les mesures in situ. D\u00e9veloppement du S.I.G.<\/li>\n<\/ul>\n\n\n\n<h3>TH\u00c9MATIQUES DE RECHERCHE<\/h3>\n\n\n\n<ul>\n<li>L\u2019abondance, la diversit\u00e9 et la production marine sont sous la d\u00e9pendance de facteurs environnementaux eux-m\u00eames influenc\u00e9s par le changement climatique global. L\u2019oc\u00e9anographie biologique vue sous l\u2019aspect dynamique n\u00e9cessite l\u2019outil, devenu incontournable, de la t\u00e9l\u00e9d\u00e9tection spatiale qui permet le suivi des facteurs environnementaux et leurs r\u00e9percussions sur la dynamique des communaut\u00e9s marines.<\/li>\n\n\n\n<li>Suivre la variabilit\u00e9 du plancton et ses cons\u00e9quences sur la production p\u00e9lagique en y incorporant le necton avec la caract\u00e9risation de l\u2019\u00e9cosyst\u00e8me et des populations acoustiques, leur agr\u00e9gation par m\u00e9thodes acoustiques, d\u00e9finition d\u2019habitats par classification et cartographie.<\/li>\n\n\n\n<li>Le domaine c\u00f4tier est la zone qui subit le plus les variations climatiques et les effets de l\u2019activit\u00e9 humaine. Cette zone est \u00e9galement le r\u00e9cepteur des apports continentaux. Par cons\u00e9quent, la d\u00e9termination de la qualit\u00e9 du milieu et les r\u00e9actions directes et indirectes entre les habitats et les esp\u00e8ces, les populations et les peuplements permettent la connaissance du fonctionnement des \u00e9cosyst\u00e8mes&nbsp;: biologie et \u00e9cologie des ressources marines vivantes, \u00e9valuation et valorisation des esp\u00e8ces ayant un int\u00e9r\u00eat commercial&nbsp;; r\u00e9seau de surveillance pour le suivi de l\u2019\u00e9volution des \u00e9cosyst\u00e8mes.<\/li>\n\n\n\n<li>Compte tenu de l\u2019amenuisement des p\u00eaches mondiales et les faibles capacit\u00e9s de r\u00e9silience des \u00e9cosyst\u00e8mes marins, il est temps de pratiquer une p\u00eache responsable et d\u2019entrevoir des modalit\u00e9s de gestion nouvelle. L\u2019effort de recherche vise \u00e0 obtenir des informations quantitatives sur l\u2019\u00e9volution des ressources exploit\u00e9es et sur les impacts \u00e0 court, moyens et long terme sur les stocks et les captures, et \u00e0 \u00e9laborer des mesures de gestion.<\/li>\n<\/ul>\n\n\n\n<pre class=\"wp-block-code has-blue-color has-text-color has-huge-font-size\"><code><\/code><\/pre>\n","protected":false},"excerpt":{"rendered":"<p>Directeur du laboratoire\u00a0:\u00a0BACHARI Nour el islam Laboratoire d\u2019Oc\u00e9anographie Biologique et Environnement Marin (LOBEM)de la Facult\u00e9 des Sciences Biologiques de l\u2019Universit\u00e9 des Sciences et de la Technologie Houari Boum\u00e9di\u00e8nne (USTHB) d\u2019Alger a \u00e9t\u00e9 cr\u00e9\u00e9 en l\u2019an 2010. Le laboratoire est compos\u00e9 <span class=\"readmore\"><a href=\"https:\/\/lobem.usthb.dz\/index.php\/accueil\/\">Continue Reading<\/a><\/span><\/p>\n","protected":false},"author":1,"featured_media":0,"parent":0,"menu_order":0,"comment_status":"closed","ping_status":"closed","template":"","meta":[],"_links":{"self":[{"href":"https:\/\/lobem.usthb.dz\/index.php\/wp-json\/wp\/v2\/pages\/43"}],"collection":[{"href":"https:\/\/lobem.usthb.dz\/index.php\/wp-json\/wp\/v2\/pages"}],"about":[{"href":"https:\/\/lobem.usthb.dz\/index.php\/wp-json\/wp\/v2\/types\/page"}],"author":[{"embeddable":true,"href":"https:\/\/lobem.usthb.dz\/index.php\/wp-json\/wp\/v2\/users\/1"}],"replies":[{"embeddable":true,"href":"https:\/\/lobem.usthb.dz\/index.php\/wp-json\/wp\/v2\/comments?post=43"}],"version-history":[{"count":6,"href":"https:\/\/lobem.usthb.dz\/index.php\/wp-json\/wp\/v2\/pages\/43\/revisions"}],"predecessor-version":[{"id":254,"href":"https:\/\/lobem.usthb.dz\/index.php\/wp-json\/wp\/v2\/pages\/43\/revisions\/254"}],"wp:attachment":[{"href":"https:\/\/lobem.usthb.dz\/index.php\/wp-json\/wp\/v2\/media?parent=43"}],"curies":[{"name":"wp","href":"https:\/\/api.w.org\/{rel}","templated":true}]}}