{"id":217,"date":"2023-07-11T13:20:26","date_gmt":"2023-07-11T13:20:26","guid":{"rendered":"http:\/\/193.194.89.177\/lobem_wp\/?page_id=217"},"modified":"2023-07-11T13:20:27","modified_gmt":"2023-07-11T13:20:27","slug":"encadrement-de-magister-4","status":"publish","type":"page","link":"https:\/\/lobem.usthb.dz\/index.php\/encadrement-de-magister-4\/","title":{"rendered":"Encadrement de Magister"},"content":{"rendered":"\n<p><\/p>\n\n\n\n<h1>&nbsp;<\/h1>\n\n\n\n<ol>\n<li>Brahimi Sihem&nbsp;: 2011. Biologie et \u00e9cologie d\u2019un mollusque bivalve pectinid\u00e9, Chlamys varia (Linn\u00e9, 1758) de la r\u00e9gion est d\u2019Alger. Facult\u00e9 des Sciences Biologiques (FSB)&nbsp;; Universit\u00e9 des Sciences et de la Technologie Houari Boumedi\u00e8ne (USTHB) Alger. Directeur de th\u00e8se&nbsp;: Rebzani Zahaf<\/li>\n\n\n\n<li>Zerrouki R.&nbsp;: Contribution \u00e0 l\u2019\u00e9tude de la dynamique de population de mollusques bivalves Mytillus galloprovincialis (Lmk) sur une structure d\u2019\u00e9levage conchylicole \u00e0 Surcouf-Ain Taya (W. d\u2019Alger). Soutenance en 2012. Promoteur Rebzani Zahaf<\/li>\n\n\n\n<li>Kabrane Amine. Dynamique des peuplements macrophytiques&nbsp;: relation macrophytes-qualit\u00e9 des eaux. Soutenance en Juin 2012. Promoteur Seridi<\/li>\n\n\n\n<li>Khiari Ouiza. Connaissance et dynamique des peuplements algaux de l\u2019infralittoral superficiel de substrat dur. Soutenance pr\u00e9vue en 2013. Promoteur Seridi<\/li>\n<\/ol>\n","protected":false},"excerpt":{"rendered":"<p>&nbsp;<\/p>\n","protected":false},"author":1,"featured_media":0,"parent":0,"menu_order":0,"comment_status":"closed","ping_status":"closed","template":"","meta":[],"_links":{"self":[{"href":"https:\/\/lobem.usthb.dz\/index.php\/wp-json\/wp\/v2\/pages\/217"}],"collection":[{"href":"https:\/\/lobem.usthb.dz\/index.php\/wp-json\/wp\/v2\/pages"}],"about":[{"href":"https:\/\/lobem.usthb.dz\/index.php\/wp-json\/wp\/v2\/types\/page"}],"author":[{"embeddable":true,"href":"https:\/\/lobem.usthb.dz\/index.php\/wp-json\/wp\/v2\/users\/1"}],"replies":[{"embeddable":true,"href":"https:\/\/lobem.usthb.dz\/index.php\/wp-json\/wp\/v2\/comments?post=217"}],"version-history":[{"count":1,"href":"https:\/\/lobem.usthb.dz\/index.php\/wp-json\/wp\/v2\/pages\/217\/revisions"}],"predecessor-version":[{"id":219,"href":"https:\/\/lobem.usthb.dz\/index.php\/wp-json\/wp\/v2\/pages\/217\/revisions\/219"}],"wp:attachment":[{"href":"https:\/\/lobem.usthb.dz\/index.php\/wp-json\/wp\/v2\/media?parent=217"}],"curies":[{"name":"wp","href":"https:\/\/api.w.org\/{rel}","templated":true}]}}