{"id":213,"date":"2023-07-11T13:18:55","date_gmt":"2023-07-11T13:18:55","guid":{"rendered":"http:\/\/193.194.89.177\/lobem_wp\/?page_id=213"},"modified":"2023-07-11T13:18:57","modified_gmt":"2023-07-11T13:18:57","slug":"encadrement-de-master-4","status":"publish","type":"page","link":"https:\/\/lobem.usthb.dz\/index.php\/encadrement-de-master-4\/","title":{"rendered":"Encadrement de Master"},"content":{"rendered":"\n<p><\/p>\n\n\n\n<h1>&nbsp;<\/h1>\n\n\n\n<ol>\n<li>Sellam L. N., Tounsi D.&nbsp;: \u00c9tude de la faune associ\u00e9e aux Cystoseires&nbsp;: Identification, biodiversit\u00e9 associ\u00e9e et protection. Promoteur&nbsp;: Rebzani Zahaf., Benali.<\/li>\n\n\n\n<li>Atmania R., Lachi S.&nbsp;: \u00c9tude des bioceinoses remarquables de l\u2019\u00e9tage m\u00e9diolittoral dans la r\u00e9gion de Kouali (Wilaya de Tipaza) et de T\u00e9n\u00e8s (Wilaya de Chlef)&nbsp;: Identification, caract\u00e9risation faune et flore associ\u00e9s et protection. Promoteur&nbsp;: Rebzani Zahaf., Karali-Otsmane.<\/li>\n\n\n\n<li>Abada A. et Chibane K. Structuration du peuplement phytobenthique de la r\u00e9gion ouest d\u2019Alger&nbsp;: Bou-Ismail<\/li>\n\n\n\n<li>Bouzandour W. et El Relam R. Etude biologique de Chamelea gallina L., 1758 (Bivalvia) d\u2019un site c\u00f4tier de l\u2019est alg\u00e9rois.<\/li>\n\n\n\n<li>Sai A. et Ahmed M.&nbsp;Quelques aspects bio\u00e9cologiques de la population d\u2019Acanthocardia tuberculata des fonds sableux et valorisation d\u2019un site marin c\u00f4tier de la r\u00e9gion est-alg\u00e9roise<\/li>\n\n\n\n<li>Belhamissi N. et Bencherif M.&nbsp;L. Indices granulom\u00e9triques des s\u00e9diments de la baie de Zemmouri abritant des peuplements de Mollusques Bivalves<\/li>\n\n\n\n<li>Drif I. et Rouane T. Analyse spatio-temporelle du peuplement phytobenthique de la r\u00e9gion ouest d\u2019Alger&nbsp;: Bou-Ismail<\/li>\n\n\n\n<li>Imessounene R., Yezli C. 2012&nbsp;: Etude de la reproduction de la seiche rose femelle Sepia orbignyana (Ferrussac, 1826) de la c\u00f4te alg\u00e9rienne. Promoteur Guedioura et Boukroufa<\/li>\n\n\n\n<li>Yahia Cherif A., Zaber I. 2012&nbsp;: Etude histologique de la gonade femelle chez une esp\u00e8ce de moule. Promoteur Boukroufa<\/li>\n\n\n\n<li>Abdelhadi Wahida-Amina et Seddaoui Wissem 2012. D\u00e9gradation d\u2019un biotope abritant un gisements \u00e0 Mollusques bivalves. Promoteur Abada Guerroui<\/li>\n\n\n\n<li>Amira Soumia et Hamel Widad 2012. Contribution \u00e0 l\u2019\u00e9tude du r\u00e9gime alimentaire de Sarpa salpa (Linneaus, 1758) (T\u00e9l\u00e9ost\u00e9en, Sparid\u00e9s) de la r\u00e9gion d\u2019Alger. Promoteur Seridi<\/li>\n\n\n\n<li>Bahi Y. et Sifi B. 2012. Etude biologique de Chamelea gallina L., 1758 (Bivalvia) de la c\u00f4te alg\u00e9roise. Promoteur Messili<\/li>\n\n\n\n<li>Bouziani S., Hocini S., 2011. Contribution \u00e0 l\u2019\u00e9tude de l\u2019influence des param\u00e8tres du milieu sur la croissance de Mytillus galloprovincialis (Lamarck, 1819) en \u00e9levage extensif \u00e0 Ain Chorb. (Surcouf). Directeur de th\u00e8se&nbsp;: Rebzani &#8211; Zahaf<\/li>\n\n\n\n<li>Sahnoun S., Tounsi A., 2011. Les bioc\u00e9noses marines des substrats durs et\/ou meubles de la r\u00e9gion de Tipaza. Directeur de th\u00e8se&nbsp;: Rebzani &#8211; Zahaf<\/li>\n\n\n\n<li>Beriane R., Sekkai S. 2011. Etude histochimique de la gonade femelle chez la moule Perna perna. Promoteur Boukroufa<\/li>\n\n\n\n<li>Chala A., Guarnaout H. 2011. Qualit\u00e9 de l\u2019eau d\u2019\u00e9levage de la ferme conchylicole d\u2019Ain Chorb (Ain Taya). Promoteur Rebzani Zahaf<\/li>\n\n\n\n<li>Chedad I., Tchicha M.&nbsp;2011. Etude histochimique de la glande digestive chez la moule Perna perna. Promoteur Boukroufa<\/li>\n\n\n\n<li>Doula M., Sayah F. Z. 2011. Effet du je\u00fbne sur la glande digestive chez la moule Perna perna. Promoteur Boukroufa<\/li>\n\n\n\n<li>El Taani M., Zouaoui K. 2011. Analyse des param\u00e8tres physiques et chimiques d\u2019une ferme conchylicole du site de Ain Chorb (Ain Taya). Promoteur Rebzani Zahaf<\/li>\n\n\n\n<li>Guellal A. 2011. Effet du je\u00fbne sur la gonade femelle chez la moule Perna perna. Promoteur Boukroufa<\/li>\n\n\n\n<li>Kecili A., Mebarki N. C., Zentar N. A., 2011. Etude du peuplement macrobenthique de la region d\u2019El Kala et impact du r\u00e9chauffement climatique sur les esp\u00e8ces marines observes en M\u00e9diterran\u00e9e. Promoteur Rebzani Zahaf<\/li>\n\n\n\n<li>Kouici Z., Rabet K. 2011. Etude des diff\u00e9rents groupes zoologiques du macrobenthos alg\u00e9rois (Ain B\u00e9nian). Promoteur Rebzani Zahaf<\/li>\n\n\n\n<li>Mohamed Abdou S., Tounsi F., 2011. Etude de la macrofaune benthique du substrat meuble de la region d\u2019El Kala (W. El Tarf) et de Beni Saf (Wilaya de Ain T\u00e9mouchent). Promoteur Rebzani Zahaf<\/li>\n\n\n\n<li>BELKACEMI Samia et RACHEDI Yamina .Variation saisonni\u00e8re du peuplement phytobenthique de la plage de Boumerd\u00e8s. Promoteur&nbsp;: SERIDI H<br>23\/06\/2014<\/li>\n\n\n\n<li>YAHIA CHERIF Asma et ZOUAOUI Khadidja<br>Titre&nbsp;: Etude de la dynamique s\u00e9dimentaire des d\u00e9p\u00f4ts superficiels de la premi\u00e8re plage de Boumerd\u00e8s (Est alg\u00e9rois). Soutenance Juin 2014. Promoteur&nbsp;: ABADA-GUERROUI (2014)<\/li>\n\n\n\n<li>SAHED AICHA et SELLAL MERIEM<br>Titre&nbsp;: Etude de la diversit\u00e9 du macrophytobenthos de substrat dur de la r\u00e9gion alg\u00e9roise&nbsp;: Promotrice&nbsp;: SERIDI Halima 19\/06\/2016<\/li>\n\n\n\n<li>BOUNDJOUM N., BOUIBA A., 2014. Biologie et \u00e9cologie des Crustac\u00e9s Cirrip\u00e8des du genre Pollicipes (Leach, 1817) dans la r\u00e9gion est d\u2019Alger. Promoteur&nbsp;: C. REBZANI \u2013 ZAHAF et M.&nbsp;BENALI.<\/li>\n\n\n\n<li>MERABET Y., RACHEDI F., 2014&nbsp;: Etude du tube digestif et du r\u00e9gime alimentaire chez Sepia orbignyana (Ferrussac in d\u2019Orbibny, 1826) de la c\u00f4te alg\u00e9rienne. Promoteur&nbsp;: BOUKROUFA F. et GUEDIOURA A.<\/li>\n\n\n\n<li>BACHETARZI R., BENABDI M., DOUIOU L., 2015. \u00c9valuation bio\u00e9cologique du m\u00e9gabenthos et de la faune ichtyologique de l\u2019ile Aguelli. Promoteur&nbsp;: C. REBZANI \u2013 ZAHAF.<\/li>\n\n\n\n<li>ALI L., BOUGUERRA S. 2015. \u00c9tude du tractus digestif chez Sepia orbignyana (Ferrusac in d\u2019Orbigny, 1826) de la c\u00f4te alg\u00e9rienne. Promoteur F. BOUKROUFA et A. GUEDIOURRA<\/li>\n\n\n\n<li>TOUBAL I. 2015. Exploitation bio\u00e9cologique des platiers rocheux des \u00e9tagements superficiels de la corniche des wilayas de B\u00e9jaia et Jijel. Promoteur&nbsp;: C. REBZANI \u2013 ZAHAF&nbsp;; A. KARALI-OTSMANE.<\/li>\n\n\n\n<li><strong>MAALEM A., ET MENDIL M. B., 2018.<\/strong>&nbsp;Caract\u00e9risation bio\u00e9cologique de la biodiversit\u00e9 marine de l\u2019\u00eele des pisans (wilaya de Bejaia). Promoteur&nbsp;: REBZANI \u2013 ZAHAF C.&nbsp; et BACHETARZI R.<\/li>\n\n\n\n<li><strong>SATOR N., 2018.&nbsp;<\/strong>Caract\u00e9ristiques bio\u00e9cologiques d\u2019un espace marin (port d\u2019alger). Promoteur&nbsp;: REBZANI \u2013 ZAHAF C.&nbsp; et BACHETARZI R.<\/li>\n\n\n\n<li><strong>MAALEM A. et MENDIL M. B., 2018.<\/strong>&nbsp;Caract\u00e9risation bio\u00e9cologique de la biodiversit\u00e9 marine de l&#8217;\u00eele des Pisans.&nbsp;Promoteur&nbsp;: C. REBZANI \u2013 ZAHAF et R. BACHETARZI.<\/li>\n\n\n\n<li><strong>KHOUNI D., TOUMI I. 2019<\/strong>. Caract\u00e9risation et \u00e9volution de la biodiversit\u00e9 de la r\u00e9gion de Tipaza.&nbsp; Promoteur&nbsp;: SELLAM L. N. et REBZANI \u2013 ZAHAF C.&nbsp;<\/li>\n<\/ol>\n","protected":false},"excerpt":{"rendered":"<p>&nbsp;<\/p>\n","protected":false},"author":1,"featured_media":0,"parent":0,"menu_order":0,"comment_status":"closed","ping_status":"closed","template":"","meta":[],"_links":{"self":[{"href":"https:\/\/lobem.usthb.dz\/index.php\/wp-json\/wp\/v2\/pages\/213"}],"collection":[{"href":"https:\/\/lobem.usthb.dz\/index.php\/wp-json\/wp\/v2\/pages"}],"about":[{"href":"https:\/\/lobem.usthb.dz\/index.php\/wp-json\/wp\/v2\/types\/page"}],"author":[{"embeddable":true,"href":"https:\/\/lobem.usthb.dz\/index.php\/wp-json\/wp\/v2\/users\/1"}],"replies":[{"embeddable":true,"href":"https:\/\/lobem.usthb.dz\/index.php\/wp-json\/wp\/v2\/comments?post=213"}],"version-history":[{"count":1,"href":"https:\/\/lobem.usthb.dz\/index.php\/wp-json\/wp\/v2\/pages\/213\/revisions"}],"predecessor-version":[{"id":215,"href":"https:\/\/lobem.usthb.dz\/index.php\/wp-json\/wp\/v2\/pages\/213\/revisions\/215"}],"wp:attachment":[{"href":"https:\/\/lobem.usthb.dz\/index.php\/wp-json\/wp\/v2\/media?parent=213"}],"curies":[{"name":"wp","href":"https:\/\/api.w.org\/{rel}","templated":true}]}}