{"id":208,"date":"2023-07-11T13:14:26","date_gmt":"2023-07-11T13:14:26","guid":{"rendered":"http:\/\/193.194.89.177\/lobem_wp\/?page_id=208"},"modified":"2023-07-11T13:14:28","modified_gmt":"2023-07-11T13:14:28","slug":"encadrement-de-licence-4","status":"publish","type":"page","link":"https:\/\/lobem.usthb.dz\/index.php\/encadrement-de-licence-4\/","title":{"rendered":"Encadrement de Licence"},"content":{"rendered":"\n<p><\/p>\n\n\n\n<h1>&nbsp;<\/h1>\n\n\n\n<ol>\n<li>Yahia Cherif A., Zaber I.&nbsp;: \u00c9tude histologique de la gonade femelle chez une esp\u00e8ce de moule. Promoteur&nbsp;: Boukroufa<\/li>\n\n\n\n<li>Reddad A., Hadjoudj N.&nbsp;: \u00c9tude de la structure de la gonade m\u00e2le chez un invert\u00e9br\u00e9 marin par des techniques histologiques. Promoteur&nbsp;: Boukroufa<\/li>\n\n\n\n<li>Bouguerra S., Ali L.&nbsp;: \u00c9tude de la structure de la gonade femelle chez un invert\u00e9br\u00e9 marin par des techniques histologiques. Promoteur&nbsp;: Boukroufa<\/li>\n\n\n\n<li>Benlahcene et Berrabah. Application des indices de diversit\u00e9 pour la caract\u00e9risation de la flore marine<\/li>\n\n\n\n<li>Bensari B. et Bahbah L. Identification d\u2019un peuplement macrobenthique d\u2019un site c\u00f4tier de l\u2019est alg\u00e9rois<\/li>\n\n\n\n<li>Abassi S. et Boudi S. Contribution \u00e0 l\u2019\u00e9tude granulom\u00e9trique des d\u00e9p\u00f4ts de la baie d\u2019El Djamila<\/li>\n\n\n\n<li>Bouraoui I. et Izouaouen S.&nbsp;: Etablissement d\u2019un indice de condition adapt\u00e9e \u00e0 Chamelea gallina L., 1758. Promoteur&nbsp;: Messili<\/li>\n\n\n\n<li>Chedad I., Tchicha M.&nbsp;2011. Etude histochimique de la glande digestive chez la moule Perna perna. Promoteur Boukroufa<\/li>\n\n\n\n<li>Beriane R., Sekkai S. 2011. Etude histochimique de la gonade femelle chez la moule Perna perna. Promoteur Boukroufa<\/li>\n\n\n\n<li>GUEROUAH Sonia et LARDJ Louiza<br>Titre&nbsp;: Application des indices de diversit\u00e9s sur le peuplement algal de la r\u00e9gion d\u2019Alger. Promoteur&nbsp;: SERIDI H<\/li>\n\n\n\n<li>ATTAFI Fethia et HAMMICHE Rahma<br>Titre&nbsp;: Etude qualitative du peuplement algal de la r\u00e9gion d\u2019Alger. Promoteur&nbsp;: SERIDI H<\/li>\n\n\n\n<li>KALI Simla et SAAD Mohamed<br>Titre&nbsp;: Contribution \u00e0 l\u2019\u00e9tude granulom\u00e9trique des d\u00e9p\u00f4ts superficiels de la premi\u00e8re plage de Boumerd\u00e8s&nbsp;: application du tamisage par voie s\u00e8che. Promoteur&nbsp;: ABADA-GUERROUI H<\/li>\n\n\n\n<li>ABDELLAOUI Halima et LAOUIRENE Linda<br>Titre&nbsp;: Contribution \u00e0 l\u2019\u00e9tude granulom\u00e9trique des d\u00e9p\u00f4ts superficiels de la premi\u00e8re plage de Boumerd\u00e8s&nbsp;: application du tamisage par voie humide. Promoteur&nbsp;: ABADA-GUERROUI H<\/li>\n\n\n\n<li>BENAMAR Adiba et ZITOUNI Im\u00e8ne<br>Titre&nbsp;: Esp\u00e8ces phytobenthiques du littoral alg\u00e9rien .Promotrice&nbsp;: SERIDI Halima<\/li>\n\n\n\n<li>ALIK Rabiaa et AIMOUR Djahida<br>Titre&nbsp;: Etude de la zonation du phytobenthos de la r\u00e9gion alg\u00e9roise.&nbsp;<br>Promotrice&nbsp;: SERIDI Halima<\/li>\n\n\n\n<li>BAKHTI A., BENYOUB W. 2014&nbsp;: Etude structurale de l\u2019intestin chez Sepia Orbignyana. Promoteur&nbsp;: BOUKROUFA F et GUEDIOURA A.<\/li>\n\n\n\n<li>BELBAKI I., NAMAR A., 2014. Etude des bioc\u00e9noses remarquables de l\u2019\u00e9tage m\u00e9diolittoral \u00ab&nbsp;\u00e9valuation \u00e9cologique de la qualit\u00e9 des trottoirs \u00e0 vermets&nbsp;\u00bb dans la r\u00e9gion de Kouali et Ain Tagourait (W. Tipaza). Promoteur&nbsp;: C. REBZANI \u2013 ZAHAF et A. KARALI OTSMANE.<\/li>\n\n\n\n<li>MOKHTARI S., SMAIL., 2014. Aspect de la reproduction des Crustac\u00e9s Cirrip\u00e8des de l\u2019esp\u00e8ce Pollicipes pollicipes (Gmelin, 1790). Promoteur&nbsp;: C. REBZANI \u2013 ZAHAF et M.&nbsp;BENALI.<\/li>\n\n\n\n<li>MOKDAD H., ZENATI R. 2014&nbsp;: Etude structurale de l\u2019oesophage chez Sepia Orbignyana. Promoteur&nbsp;: BOUKROUFA F et GUEDIOURA A.<\/li>\n\n\n\n<li>RERBAL A., BOUDISSA S. 2014&nbsp;: Etude structurale de la glande digestive chez Sepia<br>Orbignyana. Promoteur&nbsp;: BOUKROUFA F et GUEDIOURA A.<\/li>\n\n\n\n<li>BOUDJEMAA K., DERRADJ M., SEMMAR Z. 2015. Faune et flore associ\u00e9e aux \u00e9cosyst\u00e8mes remarquables en Alg\u00e9rie. Promoteur&nbsp;: C. REBZANI \u2013 ZAHAF et A. KARALI-OTSMANE.<\/li>\n\n\n\n<li>BERHAIL F.Z., MIHOUBI S. 2015. \u00c9tude de la croissance chez la seiche ros\u00e9e Sepia Orbignyana (Ferrusac, 1826 in d\u2019Orbigny, 1826) (Mollusca&nbsp;; Cephalopoda). Promoteur A. GUEDIOURRA<\/li>\n<\/ol>\n","protected":false},"excerpt":{"rendered":"<p>&nbsp;<\/p>\n","protected":false},"author":1,"featured_media":0,"parent":0,"menu_order":0,"comment_status":"closed","ping_status":"closed","template":"","meta":[],"_links":{"self":[{"href":"https:\/\/lobem.usthb.dz\/index.php\/wp-json\/wp\/v2\/pages\/208"}],"collection":[{"href":"https:\/\/lobem.usthb.dz\/index.php\/wp-json\/wp\/v2\/pages"}],"about":[{"href":"https:\/\/lobem.usthb.dz\/index.php\/wp-json\/wp\/v2\/types\/page"}],"author":[{"embeddable":true,"href":"https:\/\/lobem.usthb.dz\/index.php\/wp-json\/wp\/v2\/users\/1"}],"replies":[{"embeddable":true,"href":"https:\/\/lobem.usthb.dz\/index.php\/wp-json\/wp\/v2\/comments?post=208"}],"version-history":[{"count":1,"href":"https:\/\/lobem.usthb.dz\/index.php\/wp-json\/wp\/v2\/pages\/208\/revisions"}],"predecessor-version":[{"id":210,"href":"https:\/\/lobem.usthb.dz\/index.php\/wp-json\/wp\/v2\/pages\/208\/revisions\/210"}],"wp:attachment":[{"href":"https:\/\/lobem.usthb.dz\/index.php\/wp-json\/wp\/v2\/media?parent=208"}],"curies":[{"name":"wp","href":"https:\/\/api.w.org\/{rel}","templated":true}]}}