{"id":204,"date":"2023-07-11T13:12:40","date_gmt":"2023-07-11T13:12:40","guid":{"rendered":"http:\/\/193.194.89.177\/lobem_wp\/?page_id=204"},"modified":"2023-07-11T13:12:41","modified_gmt":"2023-07-11T13:12:41","slug":"communications-nationales-4","status":"publish","type":"page","link":"https:\/\/lobem.usthb.dz\/index.php\/communications-nationales-4\/","title":{"rendered":"Communications nationales"},"content":{"rendered":"\n<p><\/p>\n\n\n\n<ol>\n<li><strong>SELLAM L. N., REBZANI-ZAHAF C., 2018.<\/strong>&nbsp;R\u00e9vision taxonomique du genre&nbsp;<em>Cystoseira<\/em>. 1er&nbsp; Journ\u00e9es \u00e9cologie et environnement (FSB\/USTHB). Alger-Alg\u00e9rie. Communication orale<\/li>\n\n\n\n<li><strong>DILMI S., REBZANI-ZAHAF C., 2018.&nbsp;<\/strong>\u00c9tude du benthos (faune et flore) des sites aquacoles de la c\u00f4te alg\u00e9rienne. 1er Journ\u00e9es \u00e9cologie et environnement (FSB\/USTHB). Alger-Alg\u00e9rie. poster<\/li>\n\n\n\n<li><strong>SELLAM L. N., REBZANI-ZAHAF C., 2018.<\/strong>&nbsp;R\u00e9vision taxonomique du genre&nbsp;<em>Cystoseira<\/em>. 1er&nbsp; Journ\u00e9es \u00e9cologie et environnement (FSB\/USTHB). Alger-Alg\u00e9rie. Communication orale.<\/li>\n\n\n\n<li><strong>DILMI S., REBZANI-ZAHAF C., 2018.&nbsp;<\/strong>Etude du benthos (faune et flore) des sites aquacoles de la c\u00f4te alg\u00e9rienne. 1er&nbsp; Journ\u00e9es \u00e9cologie et environnement (FSB\/USTHB). Alger-Alg\u00e9rie. poster<\/li>\n\n\n\n<li><strong>GUEDIOURA A., BOUKROUFA F., BOUDISSA S., OUAKLI Z. &amp;REBZANI-ZAHAF C<\/strong>.&nbsp;<strong>2018.<\/strong>&nbsp;Effet du sexe et des stades de maturit\u00e9 sexuelle sur la composition biochimique&nbsp;chez&nbsp;<em>Sepia orbignyana<\/em>&nbsp;en fonction de la maturit\u00e9 sexuelle. S\u00e9minaire Nationale de Biochimie et Doctoriales de Biologie et Sant\u00e9, 19-20 Juin 2018, FSNV, USDB1&nbsp;; Proceeding Book page 9.<\/li>\n\n\n\n<li>Boukroufa F., Guedioura A., 2011. Etude de la composition en glycog\u00e8ne et lipides totaux de la glande digestive et de la gonade femelle chez une esp\u00e8ce de moule Perna perna (Linnaeus 1758). Journ\u00e9es USTHB, Avril 2011<\/li>\n\n\n\n<li><strong>BELHAMISSI&nbsp; N., REBZANI &nbsp;Zahaf C., 2012<\/strong>. Biodiversit\u00e9 marine. 40\u00e8me anniversaire de l\u2019USTHB. 22-26 avril 2012. FSB\/USTHB.<\/li>\n\n\n\n<li><strong>ABADA H.<\/strong>&nbsp;Participation \u00e0 la \u00ab&nbsp;Journ\u00e9e internationale de la diversit\u00e9 biologique&nbsp;: Biodiversit\u00e9 marine&nbsp;\u00bb le 22 mai 2012 \u00e0 l\u2019Ecole Nationale des Sciences de la Mer et de l\u2019Am\u00e9nagement du Littoral avec pr\u00e9sentation d\u2019une communication orale intitul\u00e9e&nbsp;: \u00ab&nbsp;Facteurs granulom\u00e9triques, accumulation de la mati\u00e8re organique et des polluants m\u00e9talliques dans les s\u00e9diments de la baie de Bou-Isma\u00efl&nbsp;\u00bb<\/li>\n\n\n\n<li><strong>BOUKROUFA F., GUEDIOUR A., 2012.<\/strong>&nbsp;Etude de la composition en glycog\u00e8ne, lipides totaux et prot\u00e9ines de la glande digestive et de la gonade femelle chez une esp\u00e8ce de moule Perna perna. Journ\u00e9es de l\u2019USTHB. Avril 2012.<\/li>\n\n\n\n<li><strong>GUEDIOUR A., BOUKROUFA F., REBZANI &nbsp;Zahaf C., 2013<\/strong>. Ovogen\u00e8se chez la seiche rose Sepia orbignyana de la c\u00f4te alg\u00e9rienne. Journ\u00e9es de l\u2019USTHB. Avril 2013. FSB\/USTHB.<\/li>\n<\/ol>\n","protected":false},"excerpt":{"rendered":"","protected":false},"author":1,"featured_media":0,"parent":0,"menu_order":0,"comment_status":"closed","ping_status":"closed","template":"","meta":[],"_links":{"self":[{"href":"https:\/\/lobem.usthb.dz\/index.php\/wp-json\/wp\/v2\/pages\/204"}],"collection":[{"href":"https:\/\/lobem.usthb.dz\/index.php\/wp-json\/wp\/v2\/pages"}],"about":[{"href":"https:\/\/lobem.usthb.dz\/index.php\/wp-json\/wp\/v2\/types\/page"}],"author":[{"embeddable":true,"href":"https:\/\/lobem.usthb.dz\/index.php\/wp-json\/wp\/v2\/users\/1"}],"replies":[{"embeddable":true,"href":"https:\/\/lobem.usthb.dz\/index.php\/wp-json\/wp\/v2\/comments?post=204"}],"version-history":[{"count":1,"href":"https:\/\/lobem.usthb.dz\/index.php\/wp-json\/wp\/v2\/pages\/204\/revisions"}],"predecessor-version":[{"id":206,"href":"https:\/\/lobem.usthb.dz\/index.php\/wp-json\/wp\/v2\/pages\/204\/revisions\/206"}],"wp:attachment":[{"href":"https:\/\/lobem.usthb.dz\/index.php\/wp-json\/wp\/v2\/media?parent=204"}],"curies":[{"name":"wp","href":"https:\/\/api.w.org\/{rel}","templated":true}]}}