{"id":200,"date":"2023-07-11T13:10:32","date_gmt":"2023-07-11T13:10:32","guid":{"rendered":"http:\/\/193.194.89.177\/lobem_wp\/?page_id=200"},"modified":"2023-07-11T13:10:36","modified_gmt":"2023-07-11T13:10:36","slug":"communications-internationales-4","status":"publish","type":"page","link":"https:\/\/lobem.usthb.dz\/index.php\/communications-internationales-4\/","title":{"rendered":"Communications internationales"},"content":{"rendered":"\n<p><\/p>\n\n\n\n<ol>\n<li><strong>BACHETARZI R. ET REBZANI-ZAHAF C.,<\/strong>&nbsp;<strong>2019<\/strong>.&nbsp;14\u00e8me Colloque de l\u2019Association Fran\u00e7aise d\u2019Halieutique. Communication affich\u00e9e intitul\u00e9e : \u00ab Composition et structure du peuplement ichtyologique du centre alg\u00e9rois \u00bb. Caen 26-28 juin 2019.<\/li>\n\n\n\n<li><strong>DILMI S., REBZANI-ZAHAF C., 2018.&nbsp;<\/strong>\u00c9tude bio\u00e9cologique des \u00e9tagements de l\u2019Est alg\u00e9rois de la zone de Boudouaou El Bahri. 6<sup>\u00e9me<\/sup>&nbsp;Congr\u00e8s Franco-Tunisien de Zoologie, 6<sup>\u00e9me<\/sup>&nbsp;Congr\u00e8s Franco- Maghr\u00e9bin de Zoologie 119<sup>\u00e9me<\/sup>&nbsp;Journ\u00e9e annuelles de la SZF, Maison de la Tunisie- Paris 13-France 21- 23 novembre 2018.<\/li>\n\n\n\n<li><strong>SELLAM L. N., BENALI M.&nbsp;REBZANI ZAHAF C., 2015<\/strong>. Evaluation bio\u00e9cologique de la qualit\u00e9 du milieu marin \u00e0 travers la faune associ\u00e9e du genre Cystoseira. 41\u00e8me anniversaire de l\u2019USTHB Journ\u00e9es scientifiques de la FSB, 19-23 avril 2015. Proceeding p 65.<\/li>\n\n\n\n<li><strong>MERIGOT B., REBZANI ZAHAF C., GARTNER J. C., 2015<\/strong>&nbsp;Relevance of statistical analyses to monitor environmental andanthropogenic perturbations on the diversity of communities&nbsp;: application on polychaetes in the harbour of Alger. 6-9 September 2015 | London, UK.<\/li>\n\n\n\n<li><strong>GUEDIOURA A., BOUKROUFA F., BOURHAIL F.Z, MIHOUBI S., ALI L., BOUGUERA S. &amp; REBZANI-ZAHAF C. 2015<\/strong>. D\u00e9termination des param\u00e8tres de la croissance de la population de Sepia orbignyana par la m\u00e9thode de Bhattacharya (Cephalopoda&nbsp;: Sepiidae) de la c\u00f4te Alg\u00e9rienne. 16 \u00e8mes Journ\u00e9es Tunisiennes des Sciences de la Mer &#8211; Zarzis &#8211; Tunisie&nbsp;: 19-23 D\u00e9cembre 2015. Proceeding p 72.<\/li>\n\n\n\n<li><strong>BOUIBA A., BOUNEDJOUM N., REBZANI ZAHAF C., 2015<\/strong>. Le genre Pollicip\u00e8s (Leach, 1817), Crustac\u00e9s, Cirrip\u00e8des, dans la r\u00e9gion Est d\u2019Alger (Alg\u00e9rie) 116\u00e8mes journ\u00e9es annuelles de la SZF, 16 au 20 septembre 2015. Proceeding p 74.<\/li>\n\n\n\n<li><strong>KARALI-OTSMANE A., REBZANI &#8211; ZAHAF C. 2014.<\/strong>&nbsp;The diet Estimation of the state of vitality of vermitids reefs in Tipaza (Algeria). Congr\u00e8s international sur les Estuaires et Aires Marines C\u00f4ti\u00e8res prot\u00e9g\u00e9es, ECPA 2014, Izmir-Turquie, 04-06 Novembre 2014. Proceeding p.134.<\/li>\n\n\n\n<li><strong>SELLAM L. N., BENALI M., REBZANI &#8211; ZAHAF C. 2014<\/strong>. Biological and ecological evaluation of water quality through faune assemblages within Cystoseira facies. Congr\u00e8s international sur les Estuaires et Aires Marines C\u00f4ti\u00e8res prot\u00e9g\u00e9es, ECPA 2014, Izmir-Turquie, 04-06 Novembre 2014. Proceeding p.17.<\/li>\n\n\n\n<li><strong>GUEDIOURA A., BOUKROUFA F., MERABET Y., RACHEDI F., REBZANI-ZAHAF C. 2014<\/strong>. The diet study of Sepia orbignyana (Ferussac in D\u2019orbigny, 1826) from algerian coast&nbsp;: first overviews. Congr\u00e8s international sur les Estuaires et Aires Marines C\u00f4ti\u00e8res prot\u00e9g\u00e9es, ECPA 2014, Izmir-Turquie, 04-06 Novembre 2014. Proceeding p.161<\/li>\n\n\n\n<li><strong>SELLAM L. N., BENALI M., REBZANI &#8211; ZAHAF C. 2014<\/strong>. Faune associ\u00e9e \u00e0 Cystoseira stricta Tipaza (Alg\u00e9rie). Vuln\u00e9rabilit\u00e9 et r\u00e9silience des \u00e9cosyst\u00e8mes continentaux et marins. Journ\u00e9e Internationales de Limnologie et d\u2019Oc\u00e9anographie jilo-2014.sciences conf.org, 21-23 mai 2014. Le Pharo, Marseille France. Proceeding 17.<\/li>\n\n\n\n<li><strong>SELLAM L. N., BENALI M.&nbsp;REBZANI ZAHAF C., 2013<\/strong>. Approche \u00e9cologique des communaut\u00e9s de Cystoseires&nbsp;: faune associ\u00e9e. Journ\u00e9es de l\u2019USTHB. 22-25 Avril 2014. Proceeding 101.<\/li>\n\n\n\n<li><strong>GUEDIOURA A., BOUKROUFA F., BERIANE R., SEKKAI S., REBZANI-ZAHAF C. 2014<\/strong>. Etude de la spermatogen\u00e8se chez la seiche rose Sepia orbignyana (Ferrusac IN Orbigny, 1826) de la cote alg\u00e9rienne. Journ\u00e9es de l\u2019USTHB. 20-24 Avril 2014. Proceeding 101.<\/li>\n\n\n\n<li><strong>REBZANI &#8211; ZAHAF C., 2014<\/strong>. Approche \u00e9cologique de la biodiversit\u00e9 marine. . Journ\u00e9es de l\u2019USTHB. 20-24 Avril 2014. Proceeding 101.<\/li>\n\n\n\n<li><strong>REBZANI ZAHAF C., SELLAM L. N., TOUNSI D., BENALI M., 2014<\/strong>. Faune associ\u00e9e \u00e0 Cystoseira stricta Tipaza (Alg\u00e9rie). Journ\u00e9e Internationale de Limnologie et d\u2019Oc\u00e9anographie JILO 2014, Marseille France. Procceding p. 14.<\/li>\n\n\n\n<li><strong>SERIDI Halima Et BAHBAH &nbsp;Lamia&nbsp;<\/strong>.Repartition Spatiale Des Macro Algues Sur La Cote Algeroise 10eme Congres Maghrebin Des Scienes De La Mer 08-10 d\u00e9cembre 2016 Fes Maroc<\/li>\n\n\n\n<li><strong>BENFARES REDHOUANE1, 2, SERIDI HALIMA2 &amp; KORD AFFAF 1<\/strong><br>Contribution a l\u2019etude de l\u2019activite antimicrobienne des substances actives de deux algues<br>brunes&nbsp;: cystoseira stricta et dictyopteris membranacea JIB 2015_ A.T.Biotech Djerba tunisie<\/li>\n\n\n\n<li><strong>SERIDI H. AMIRA S. et HAMEL W<\/strong>. Comportement alimentaire de Salpa sarpa (Linnaeus,1758) (T\u00e9\u00e9l\u00e9ost\u00e9ens ( Saridae) de la baie d\u2019Alger.116\u00e8me Journ\u00e9es Annuelles de la Soci\u00e9t\u00e9 Zoologique de France \/ Soci\u00e9t\u00e9 Linn\u00e9enne de Bordeaux . Bordeaux, 16-19 septembre 2015.France<\/li>\n\n\n\n<li><strong>CHABANE K. ABADA A. et SERIDI H<\/strong>. Structuration des macroalgues benthiques de substrat rocheux du m\u00e9diolittoral de la baie de Bou-Ismail (Alg\u00e9rie)<br>ATS-MER. IX\u00e8me Congr\u00e8s Maghr\u00e9bin des Sciences de la Mer. 20-23d\u00e9cmbre 2014. Sousse,Tunisie.<\/li>\n\n\n\n<li><strong>SERIDI H., ROUANE T., DRIF I.,<\/strong>&nbsp;Le peuplement algal de la baie de Bou Ismail&nbsp;: Diversit\u00e9 et structuration. ATS-MER. IX\u00e8me Congr\u00e8s Maghr\u00e9bin des Sciences de la Mer. 20-23d\u00e9cmbre 2014. Sousse,Tunisie.<\/li>\n\n\n\n<li><strong>SERIDI H<\/strong>. Les macroalgues comme indice de qualit\u00e9 pour l\u2019\u00e9valuation de l\u2019\u00e9tat \u00e9cologique de la c\u00f4te alg\u00e9rienne. Symposiums sur la conservation des habitats marins cl\u00e9s m\u00e9diterran\u00e9ens. Portoroz (Slov\u00e9nie)&nbsp;; 27-30 Octobre 2014.<\/li>\n\n\n\n<li><strong>CHABANE K., ABADA A. et SERIDI H., 2014<\/strong>&nbsp;; Structuration des macrophytes benthiques de substrat rocheux du m\u00e9diolittoral de la baie de Bou Ismail. Journ\u00e9es Internationales de Limnologie er d\u2019Oc\u00e9anographie.(JILO-2014) Marseille. 21-23 mai2014.<\/li>\n\n\n\n<li><strong>SERIDI H., DRIF I., ROUANE T<\/strong>. Caract\u00e9risation de la flore algale en relation avec les activit\u00e9s anthropiques dans la r\u00e9gion d\u2019Alger. 2\u00e8me congr\u00e8s International de la biodiversit\u00e9 V\u00e9g\u00e9tale Marrakech 27-29 mars 2014.<\/li>\n\n\n\n<li><strong>Rebzani Zahaf C., 2011<\/strong>. Sant\u00e9, \u00e9cologie et urbanisme. 1er Congr\u00e8s M\u00e9diterran\u00e9en, Univ. Badji Mokhtar Annaba, Biodiversit\u00e9 Animale et Ecologie de la Sant\u00e9. 15 au 18 octobre 2011. Proceeding. p. 70, 1\u00e8re \u00e9dition 2011<\/li>\n\n\n\n<li><strong>Rebzani Zahaf C., 2011<\/strong>. La gestion d\u00e9chets en Alg\u00e9rie&nbsp;: quelques exemples. R\u00e9seau Euro-Mediterran\u00e9n (12\u00e8me Assises Jeunes M\u00e9diterran\u00e9e).<\/li>\n\n\n\n<li><strong>Rebzani Zahaf C., 2011<\/strong>. Signalisation des Trottoirs \u00e0 Vermets et d\u2019Oculina patagonica dans la r\u00e9gion est alg\u00e9rienne (Parc National d\u2019El Kala. Soci\u00e9t\u00e9 Zoologie de France. 13-16 septembre 2011. Nice, France.<\/li>\n\n\n\n<li><strong>Seridi H., Taounza R., Amira S<\/strong>., Hamel W., 2012. Etude pr\u00e9liminaire sur le comportement trophique de Sarpa salpa. 3\u00e8me Congr\u00e8s Franco-Maghr\u00e9bin de Zoologie et d\u2019Ichtyologie 6 -10 Novembre 2012 &#8211; Marrakech \u2013 Maroc<\/li>\n\n\n\n<li><strong>SERIDI H., 2012<\/strong>. Etat des connaissances sur la diversit\u00e9 des algues macrophytes de la c\u00f4te alg\u00e9rienne. 3\u00e8me Congr\u00e8s Franco-Maghr\u00e9bin de Zoologie et d\u2019Ichtyologie 6 -10 Novembre 2012 &#8211; Marrakech \u2013 Maroc<\/li>\n\n\n\n<li><strong>BOUKROUFA F., GUEDIOURA &nbsp;A., BENDJELLOUL M., 2012<\/strong>. Effet du je\u00fbne sur la glande digestive chez la moule Perna perna de la c\u00f4te alg\u00e9roise&nbsp;: variabilit\u00e9 de la structure des tubules digestifs. 3\u00e8me Congr\u00e8s Franco-Maghr\u00e9bin de Zoologie et d\u2019Ichtyologie 6 -10 Novembre 2012 &#8211; Marrakech \u2013 Maroc<\/li>\n\n\n\n<li><strong>REBZANI Zahaf &nbsp;C., BRAHIMI &nbsp;S., 2012<\/strong>. Etude qualitative et quantitative de la faune associ\u00e9es aux pochons d\u2019\u00e9levage de Chlamys varia (Linnaeus, 1758) de la ferme conchylicole d\u2019Ain Tagourait (Tipaza)&nbsp;\u00bb. 3\u00e8mes Congr\u00e8s de Zoologie et d\u2019Ichtyologie, 6 \u2013 10 novembre 2012, Marrakech (Maroc).<\/li>\n\n\n\n<li><strong>MESLEM&nbsp; HAOUI&nbsp; N., BOUREHAL&nbsp; N., BOUSLIMANE D., REBZANI &nbsp;Zahaf &nbsp;C., 2012.<\/strong>&nbsp;Performances de croissance de l\u2019huitre creuse Crassostrea gigas \u00e0 Ain Tagourait, Alg\u00e9rie. 3\u00e8mes Congr\u00e8s de Zoologie et d\u2019Ichtyologie, 6 \u2013 10 novembre 2012, Marrakech (Maroc).<\/li>\n\n\n\n<li><strong>MERIGOT &nbsp;B., REBZANI Zahaf &nbsp;C., GAERTNER &nbsp;J. C., 2012<\/strong>. Pertinence d\u2019une analyse de donn\u00e9es r\u00e9pandue pour l\u2019\u00e9tude des perturbations environnementales et anthropiques sur les communaut\u00e9s&nbsp;: application aux polych\u00e8tes du port d\u2019Alger&nbsp;\u00bb. 3\u00e8mes Congr\u00e8s de Zoologie et d\u2019Ichtyologie, 6 \u2013 10 novembre 2012, Marrakech (Maroc).<\/li>\n\n\n\n<li><strong>GUEDIOURA&nbsp; A., BOUKROUFA F., IMESSOUNEN R., YEZLI &nbsp;C., REBZANI &nbsp;Zahaf &nbsp;C., 2012.<\/strong>&nbsp;Quelques donn\u00e9es sur l\u2019aspect biologique de la seiche rose Sepia orbignyana de la cote alg\u00e9rienne. 3\u00e8mes Congr\u00e8s de Zoologie et d\u2019Ichtyologie, 6 \u2013 10 novembre 2012, Marrakech (Maroc).<\/li>\n\n\n\n<li><strong>BRAHIMI S., REBZANI Zahaf &nbsp;C., 2012<\/strong>. Maturit\u00e9 sexuelle d\u2019un mollusque bivalve \u00ab&nbsp;Pectinid\u00e9s&nbsp;\u00bb Chlamys varia (Linnaeus, 1758) mis en \u00e9levage en milieu extensif dans une ferme conchylicoles d\u2019Ain Tagourait (W. Tipaza). 3\u00e8mes Congr\u00e8s de Zoologie et d\u2019Ichtyologie, 6 \u2013 10 novembre 2012, Marrakech (Maroc).<\/li>\n\n\n\n<li><strong>BACHOUCHE &nbsp;S., HOUMA F., BELKASSA R., AMROUCHE&nbsp; L., REBZANI &nbsp;Zahaf &nbsp;C., 2012<\/strong>. Contribution \u00e0 l\u2019\u00e9valuation de la pollution du port d\u2019Alger par le biais des indicateurs biologiques. 3\u00e8mes Congr\u00e8s de Zoologie et d\u2019Ichtyologie, 6 \u2013 10 novembre 2012, Marrakech (Maroc).<\/li>\n\n\n\n<li><strong>BENFARES&nbsp; R., BELHASNET K., SERIDI H., Kord A. And Kourdali S. 2013<\/strong>. Contribution to the activity antimicrobial study of the actives substances in three types of brow algae. 4th International Workshop on Industrial Biotechnology. Tlemcen, Algeria, April, 10-11 2013<\/li>\n\n\n\n<li><strong>GUEDIOURA A., BOUKHROUFA F., BERIANE R., SEKKAI&nbsp; S. et REBZANI Zahaf &nbsp;C., 2013<\/strong>. Quelques propri\u00e9t\u00e9s de reproduction et de la maturit\u00e9 sexuelle Chez Sepia orbignyana (Ferrusac in Orbigny, 1826) de la c\u00f4te alg\u00e9rienne. XVe Journ\u00e9es Tunisiennes des Sciences de la Mer et 3\u00e8me Rencontre &#8211; Tuniso &#8211; Fran\u00e7aise d\u2019Ichtyologie MAHDIA&nbsp;: 14\u201317 d\u00e9cembre 2013.<\/li>\n\n\n\n<li><strong>BOUKHROUFA F., GUEDIOURA A., DOULA M.&nbsp;et SAYAH F. Z., 2013.<\/strong>&nbsp;Effet du je\u00fbne sur la glande digestive de la moule Perna perna&nbsp;: aspect structural. XVe Journ\u00e9es Tunisiennes des Sciences de la Mer et 3\u00e8me Rencontre &#8211; Tuniso &#8211; Fran\u00e7aise d\u2019Ichtyologie Mahdia&nbsp;: 14\u201317 d\u00e9cembre 2013.<\/li>\n<\/ol>\n","protected":false},"excerpt":{"rendered":"","protected":false},"author":1,"featured_media":0,"parent":0,"menu_order":0,"comment_status":"closed","ping_status":"closed","template":"","meta":[],"_links":{"self":[{"href":"https:\/\/lobem.usthb.dz\/index.php\/wp-json\/wp\/v2\/pages\/200"}],"collection":[{"href":"https:\/\/lobem.usthb.dz\/index.php\/wp-json\/wp\/v2\/pages"}],"about":[{"href":"https:\/\/lobem.usthb.dz\/index.php\/wp-json\/wp\/v2\/types\/page"}],"author":[{"embeddable":true,"href":"https:\/\/lobem.usthb.dz\/index.php\/wp-json\/wp\/v2\/users\/1"}],"replies":[{"embeddable":true,"href":"https:\/\/lobem.usthb.dz\/index.php\/wp-json\/wp\/v2\/comments?post=200"}],"version-history":[{"count":1,"href":"https:\/\/lobem.usthb.dz\/index.php\/wp-json\/wp\/v2\/pages\/200\/revisions"}],"predecessor-version":[{"id":202,"href":"https:\/\/lobem.usthb.dz\/index.php\/wp-json\/wp\/v2\/pages\/200\/revisions\/202"}],"wp:attachment":[{"href":"https:\/\/lobem.usthb.dz\/index.php\/wp-json\/wp\/v2\/media?parent=200"}],"curies":[{"name":"wp","href":"https:\/\/api.w.org\/{rel}","templated":true}]}}