{"id":191,"date":"2023-07-11T13:06:50","date_gmt":"2023-07-11T13:06:50","guid":{"rendered":"http:\/\/193.194.89.177\/lobem_wp\/?page_id=191"},"modified":"2023-07-11T13:06:51","modified_gmt":"2023-07-11T13:06:51","slug":"publications-internationales-4","status":"publish","type":"page","link":"https:\/\/lobem.usthb.dz\/index.php\/publications-internationales-4\/","title":{"rendered":"Publications internationales"},"content":{"rendered":"\n<p><\/p>\n\n\n\n<h1>&nbsp;<\/h1>\n\n\n\n<ol>\n<li>BACHETARZI R., DILMI S., URIZ M. J., V\u00c1ZQUEZ-LUIS M., DEUDERO S. and&nbsp;<strong>REBZANI-ZAHAF C.<\/strong>, 2019.&nbsp;The non-indigenous and invasive species Paraleucilla magna Klautau, Monteiro &amp; Borojevic, 2004 (Porifera: Calcarea) in the Algerian coast (Southwestern of Mediterranean Sea)<\/li>\n\n\n\n<li>BENALI M.&nbsp;;&nbsp;<strong>REBZANI-ZAHAF C<\/strong>., 2019.&nbsp;First insights on the distribution of the narrow endemic Sargassaceae Cystoseira sedoides (Desfontaines) Aghardh along the algerian coast and characterization of the associated macroinvertebrate communities.&nbsp;Cah. Biol. Mar. (2019)60&nbsp;:489-506. DOI&nbsp;:10.21411\/CBM.A.CC7476B5<sub>.<\/sub><\/li>\n\n\n\n<li>AOUISSI M., SELLAM L. N., BOUDOURESQUE C. F., BLANFUNE A., DERBAL F., FRIHI H., PERRET-BOUDOURESQUE M.,&nbsp;<strong>REBZANI-ZAHAF C.<\/strong>, VERLAQUE M., THIBAUT T., 2018.&nbsp;Insights into the species diversity of the genus&nbsp;Sargassum&nbsp;(Phaeophyceae) in the Mediterranean Sea, with a focus on a previously unnoticed taxon from Algeria. Mediterranean Marine Science, 0, 48-57. doi:http:\/\/dx.doi.org\/10.12681\/mms.14079. IF = 2.19.<\/li>\n\n\n\n<li>Lamouti S., Rebzani C., Bachari N., 2011. R\u00e9partition de deux esp\u00e8ces introduites \u00e0 caract\u00e8re invasif dans la r\u00e9gion centre de la c\u00f4te alg\u00e9roise&nbsp;: Caulerpa racemosa et Occulina patagonica. DOI&nbsp;: 10.5150\/cmcm2011.075. Conf\u00e9rence M\u00e9diterran\u00e9enne C\u00f4ti\u00e8re et Maritime, Edition 2, Tanger, Maroc (2011) Coastal and Maritime Mediterranean Conference. Pp361-366.&nbsp;<a href=\"http:\/\/www.paralia.fr\/\">http:\/\/www.paralia.fr<\/a>&nbsp;\u2013 Available online.<\/li>\n<\/ol>\n","protected":false},"excerpt":{"rendered":"<p>&nbsp;<\/p>\n","protected":false},"author":1,"featured_media":0,"parent":0,"menu_order":0,"comment_status":"closed","ping_status":"closed","template":"","meta":[],"_links":{"self":[{"href":"https:\/\/lobem.usthb.dz\/index.php\/wp-json\/wp\/v2\/pages\/191"}],"collection":[{"href":"https:\/\/lobem.usthb.dz\/index.php\/wp-json\/wp\/v2\/pages"}],"about":[{"href":"https:\/\/lobem.usthb.dz\/index.php\/wp-json\/wp\/v2\/types\/page"}],"author":[{"embeddable":true,"href":"https:\/\/lobem.usthb.dz\/index.php\/wp-json\/wp\/v2\/users\/1"}],"replies":[{"embeddable":true,"href":"https:\/\/lobem.usthb.dz\/index.php\/wp-json\/wp\/v2\/comments?post=191"}],"version-history":[{"count":1,"href":"https:\/\/lobem.usthb.dz\/index.php\/wp-json\/wp\/v2\/pages\/191\/revisions"}],"predecessor-version":[{"id":193,"href":"https:\/\/lobem.usthb.dz\/index.php\/wp-json\/wp\/v2\/pages\/191\/revisions\/193"}],"wp:attachment":[{"href":"https:\/\/lobem.usthb.dz\/index.php\/wp-json\/wp\/v2\/media?parent=191"}],"curies":[{"name":"wp","href":"https:\/\/api.w.org\/{rel}","templated":true}]}}