{"id":188,"date":"2023-07-11T13:06:01","date_gmt":"2023-07-11T13:06:01","guid":{"rendered":"http:\/\/193.194.89.177\/lobem_wp\/?page_id=188"},"modified":"2023-07-11T13:22:04","modified_gmt":"2023-07-11T13:22:04","slug":"ecosystemes-cotiers-et-benthiques","status":"publish","type":"page","link":"https:\/\/lobem.usthb.dz\/index.php\/ecosystemes-cotiers-et-benthiques\/","title":{"rendered":"Ecosyst\u00e8mes c\u00f4tiers et benthiques"},"content":{"rendered":"\n<p><\/p>\n\n\n\n<h1>&nbsp;<\/h1>\n\n\n\n<h3>Structure et fonctionnement des \u00e9cosyst\u00e8mes benthique. Connaissance et \u00e9volution des \u00e9cosyst\u00e8mes marins c\u00f4tiers.<\/h3>\n\n\n\n<figure class=\"wp-block-table\"><table><tbody><tr><td>Nom Pr\u00e9nom<\/td><td>Grade Actuel<\/td><td>Sp\u00e9cialit\u00e9<\/td><td>Adresse<\/td><td>Fonction<\/td><\/tr><tr><\/tr><tr><td>REBZANI ZAHAF Chafika<\/td><td>Prof, DR<\/td><td>Oc\u00e9anologie<\/td><td>crebzani@yahoo.fr<\/td><td>Chef<\/td><\/tr><tr><\/tr><tr><td>SERIDI Halima<\/td><td>MCA, MR<\/td><td>Oc\u00e9anologie<\/td><td>hseridi_dz@yahoo.fr<\/td><td>Chef<\/td><\/tr><tr><\/tr><tr><td>ABADA GUERROUI Halima<\/td><td>MAA, CR<\/td><td>Oc\u00e9anologie<\/td><td>halima.guerroui@gmail.com<\/td><td>Membre<\/td><\/tr><tr><\/tr><tr><td>BOUKROUFA Fay\u00e7al<\/td><td>MAA, CR<\/td><td>Oc\u00e9anologie<\/td><td>faybouk@yahoo.fr<\/td><td>Membre<\/td><\/tr><tr><\/tr><tr><td>GUEDIOURA Abdelmoum\u00e8ne<\/td><td>MAA, CR<\/td><td>Oc\u00e9anologie<\/td><td>amguedioura@yahoo.fr<\/td><td>Membre<\/td><\/tr><tr><\/tr><tr><td>MESSILI Anissa<\/td><td>MAA, CR<\/td><td>Oc\u00e9anologie<\/td><td>amessili@usthb.dz<\/td><td>Membre<\/td><\/tr><tr><\/tr><tr><\/tr><\/tbody><\/table><\/figure>\n\n\n\n<h2>Articles de cette rubrique<\/h2>\n\n\n\n<h3><a href=\"http:\/\/193.194.89.177\/lobem_wp\/index.php\/publications-internationales-4\/\">Publications Internationales<\/a><\/h3>\n\n\n\n<h3><a href=\"http:\/\/193.194.89.177\/lobem_wp\/index.php\/publications-nationales-4\/\">Publications Nationales<\/a><\/h3>\n\n\n\n<h3><a href=\"http:\/\/193.194.89.177\/lobem_wp\/index.php\/communications-internationales-4\/\">Communications Internationales<\/a><\/h3>\n\n\n\n<h3><a href=\"http:\/\/193.194.89.177\/lobem_wp\/index.php\/communications-nationales-4\/\">Communications Nationales<\/a><\/h3>\n\n\n\n<h3><a href=\"http:\/\/193.194.89.177\/lobem_wp\/index.php\/encadrement-de-licence-4\/\">Encadrement de Licence<\/a><\/h3>\n\n\n\n<h3><a href=\"http:\/\/193.194.89.177\/lobem_wp\/index.php\/encadrement-de-master-4\/\">Encadrement de Master<\/a><\/h3>\n\n\n\n<h3><a href=\"http:\/\/193.194.89.177\/lobem_wp\/index.php\/encadrement-de-magister-4\/\">Encadrement de Magister<\/a><\/h3>\n\n\n\n<h3><a href=\"http:\/\/193.194.89.177\/lobem_wp\/index.php\/encadrement-de-doctorat-4\/\">Encadrement de Doctorat<\/a><\/h3>\n","protected":false},"excerpt":{"rendered":"<p>&nbsp; Structure et fonctionnement des \u00e9cosyst\u00e8mes benthique. Connaissance et \u00e9volution des \u00e9cosyst\u00e8mes marins c\u00f4tiers. Nom Pr\u00e9nom Grade Actuel Sp\u00e9cialit\u00e9 Adresse Fonction REBZANI ZAHAF Chafika Prof, DR Oc\u00e9anologie crebzani@yahoo.fr Chef SERIDI Halima MCA, MR Oc\u00e9anologie hseridi_dz@yahoo.fr Chef ABADA GUERROUI Halima MAA, <span class=\"readmore\"><a href=\"https:\/\/lobem.usthb.dz\/index.php\/ecosystemes-cotiers-et-benthiques\/\">Continue Reading<\/a><\/span><\/p>\n","protected":false},"author":1,"featured_media":0,"parent":0,"menu_order":0,"comment_status":"closed","ping_status":"closed","template":"","meta":[],"_links":{"self":[{"href":"https:\/\/lobem.usthb.dz\/index.php\/wp-json\/wp\/v2\/pages\/188"}],"collection":[{"href":"https:\/\/lobem.usthb.dz\/index.php\/wp-json\/wp\/v2\/pages"}],"about":[{"href":"https:\/\/lobem.usthb.dz\/index.php\/wp-json\/wp\/v2\/types\/page"}],"author":[{"embeddable":true,"href":"https:\/\/lobem.usthb.dz\/index.php\/wp-json\/wp\/v2\/users\/1"}],"replies":[{"embeddable":true,"href":"https:\/\/lobem.usthb.dz\/index.php\/wp-json\/wp\/v2\/comments?post=188"}],"version-history":[{"count":11,"href":"https:\/\/lobem.usthb.dz\/index.php\/wp-json\/wp\/v2\/pages\/188\/revisions"}],"predecessor-version":[{"id":224,"href":"https:\/\/lobem.usthb.dz\/index.php\/wp-json\/wp\/v2\/pages\/188\/revisions\/224"}],"wp:attachment":[{"href":"https:\/\/lobem.usthb.dz\/index.php\/wp-json\/wp\/v2\/media?parent=188"}],"curies":[{"name":"wp","href":"https:\/\/api.w.org\/{rel}","templated":true}]}}