{"id":184,"date":"2023-07-11T12:58:53","date_gmt":"2023-07-11T12:58:53","guid":{"rendered":"http:\/\/193.194.89.177\/lobem_wp\/?page_id=184"},"modified":"2023-07-13T10:58:53","modified_gmt":"2023-07-13T10:58:53","slug":"encadrement-de-doctorat-3","status":"publish","type":"page","link":"https:\/\/lobem.usthb.dz\/index.php\/encadrement-de-doctorat-3\/","title":{"rendered":"<strong>Encadrement de Doctorat<\/strong>"},"content":{"rendered":"\n<p><\/p>\n\n\n\n<hr class=\"wp-block-separator has-alpha-channel-opacity\"\/>\n\n\n\n<hr class=\"wp-block-separator has-alpha-channel-opacity\"\/>\n\n\n\n<ol type=\"1\">\n<li>Nacef Lamri. Variable Physiques Oc\u00e9aniques et leurs liens avec le climat de l\u2019Alg\u00e9rie. Soutenu le 08\/07\/2012 \u00e0 la F.S.B, U.S.T.H.B. Promoteur Bachari<\/li>\n\n\n\n<li>Mokhtaria Merad. Reconstitution des radiations solaires au sol a partir des donn\u00e9es multi sources. Universit\u00e9 Amara Telidji Laghouat 08\/05\/2013 D\u00e9partement Electronique. Promoteur Bachari<\/li>\n\n\n\n<li>Rezzagui Abdelhak. D\u00e9veloppement d\u2019une m\u00e9thodologie pour l\u2019exploitation des images MSG pour le suivi des param\u00e8tres physiques du sol et la pr\u00e9vision m\u00e9t\u00e9orologique. 30\/06\/2013 D\u00e9partement physique U.S.T.Oran. Promoteur Bachari<\/li>\n<\/ol>\n\n\n\n<p><\/p>\n","protected":false},"excerpt":{"rendered":"","protected":false},"author":1,"featured_media":0,"parent":0,"menu_order":0,"comment_status":"closed","ping_status":"closed","template":"","meta":[],"_links":{"self":[{"href":"https:\/\/lobem.usthb.dz\/index.php\/wp-json\/wp\/v2\/pages\/184"}],"collection":[{"href":"https:\/\/lobem.usthb.dz\/index.php\/wp-json\/wp\/v2\/pages"}],"about":[{"href":"https:\/\/lobem.usthb.dz\/index.php\/wp-json\/wp\/v2\/types\/page"}],"author":[{"embeddable":true,"href":"https:\/\/lobem.usthb.dz\/index.php\/wp-json\/wp\/v2\/users\/1"}],"replies":[{"embeddable":true,"href":"https:\/\/lobem.usthb.dz\/index.php\/wp-json\/wp\/v2\/comments?post=184"}],"version-history":[{"count":2,"href":"https:\/\/lobem.usthb.dz\/index.php\/wp-json\/wp\/v2\/pages\/184\/revisions"}],"predecessor-version":[{"id":229,"href":"https:\/\/lobem.usthb.dz\/index.php\/wp-json\/wp\/v2\/pages\/184\/revisions\/229"}],"wp:attachment":[{"href":"https:\/\/lobem.usthb.dz\/index.php\/wp-json\/wp\/v2\/media?parent=184"}],"curies":[{"name":"wp","href":"https:\/\/api.w.org\/{rel}","templated":true}]}}