{"id":163,"date":"2023-07-11T12:45:44","date_gmt":"2023-07-11T12:45:44","guid":{"rendered":"http:\/\/193.194.89.177\/lobem_wp\/?page_id=163"},"modified":"2023-07-11T12:45:45","modified_gmt":"2023-07-11T12:45:45","slug":"publications-nationales-3","status":"publish","type":"page","link":"https:\/\/lobem.usthb.dz\/index.php\/publications-nationales-3\/","title":{"rendered":"Publications nationales"},"content":{"rendered":"\n<p><\/p>\n\n\n\n<h1>&nbsp;<\/h1>\n\n\n\n<ol>\n<li>S.Lamouti ET n.Bachari 2011&nbsp;; R\u00e9partition de deux esp\u00e8ces introduites a caract\u00e8re invasif dans la r\u00e9gion centre de la c\u00f4te Alg\u00e9rienne CAULERA RACEMOSA ET OCULINA PATAGONICA. Biodiversit\u00e9 des c\u00f4tes Alg\u00e9riennes CNRDB 2011pp 69-72&nbsp;<a href=\"http:\/\/www.cndrb.dz\/bulletin\">http:\/\/www.cndrb.dz\/bulletin<\/a><\/li>\n\n\n\n<li>A. Razagui, K. Bouchouicha and N.E.I. Bachari (2011)&nbsp;; Cloud type identification algorithm to simulate MSG infrared radiance using the Radiative Transfer Model RTTOV and ALADIN forecasting output<\/li>\n\n\n\n<li>K. Bouchouicha and N.I. Bachari (2012)&nbsp;; Simulation of a clear sky satellite image in water vapor and infrared satellite M.S.G channel\u2019s. Revue des Energies Renouvelables Vol.15 N\u00b04 (2012) 671 \u2013 679<\/li>\n<\/ol>\n","protected":false},"excerpt":{"rendered":"<p>&nbsp;<\/p>\n","protected":false},"author":1,"featured_media":0,"parent":0,"menu_order":0,"comment_status":"closed","ping_status":"closed","template":"","meta":[],"_links":{"self":[{"href":"https:\/\/lobem.usthb.dz\/index.php\/wp-json\/wp\/v2\/pages\/163"}],"collection":[{"href":"https:\/\/lobem.usthb.dz\/index.php\/wp-json\/wp\/v2\/pages"}],"about":[{"href":"https:\/\/lobem.usthb.dz\/index.php\/wp-json\/wp\/v2\/types\/page"}],"author":[{"embeddable":true,"href":"https:\/\/lobem.usthb.dz\/index.php\/wp-json\/wp\/v2\/users\/1"}],"replies":[{"embeddable":true,"href":"https:\/\/lobem.usthb.dz\/index.php\/wp-json\/wp\/v2\/comments?post=163"}],"version-history":[{"count":1,"href":"https:\/\/lobem.usthb.dz\/index.php\/wp-json\/wp\/v2\/pages\/163\/revisions"}],"predecessor-version":[{"id":165,"href":"https:\/\/lobem.usthb.dz\/index.php\/wp-json\/wp\/v2\/pages\/163\/revisions\/165"}],"wp:attachment":[{"href":"https:\/\/lobem.usthb.dz\/index.php\/wp-json\/wp\/v2\/media?parent=163"}],"curies":[{"name":"wp","href":"https:\/\/api.w.org\/{rel}","templated":true}]}}