{"id":159,"date":"2023-07-11T12:44:02","date_gmt":"2023-07-11T12:44:02","guid":{"rendered":"http:\/\/193.194.89.177\/lobem_wp\/?page_id=159"},"modified":"2023-07-11T12:44:04","modified_gmt":"2023-07-11T12:44:04","slug":"publications-internationales-3","status":"publish","type":"page","link":"https:\/\/lobem.usthb.dz\/index.php\/publications-internationales-3\/","title":{"rendered":"Publications internationales"},"content":{"rendered":"\n<p><\/p>\n\n\n\n<h1>&nbsp;<\/h1>\n\n\n\n<ol>\n<li>Abdelhak. Razagui and Nour El Islam Bachari (2013)&nbsp;: \u201cALADIN and WRF evaluation using satellite imagery\u201d International Journal of Remote Sensing 34:12,pp&nbsp;: 4304-4319<a href=\"http:\/\/dx.doi.org\/10.1080\/01431161.2013.775534\">http:\/\/dx.doi.org\/10.1080\/01431161.2013.775534<\/a><\/li>\n\n\n\n<li>Fouzia Houma and Nour El Islam Bachari Solar Radiation Modeling and Simulation of Multispectral Satellite Data. in the book &#8220;Atmospheric Model Applications&#8221; edited by Ismail Yucel, ISBN 978-953-51-0488-9, InTech, April 4, 2012<\/li>\n\n\n\n<li>Lamri Nacef et Nour el islam Bachari&nbsp;: Influence des flux de chaleur latente et sensible \u00e0 l\u2019interface air\u2010mer en M\u00e9diterran\u00e9e sur la pluviom\u00e9trie et la temp\u00e9rature dans le nord de l\u2019Alg\u00e9rie Journal Atmosphere-Ocean 2012 Volume 52, pp 1-18<\/li>\n\n\n\n<li>Houma F., Bachari N. E. I., Bachouche S., Kassar A., Belkessa R., 2011. Contribution \u00e0 l\u2019\u00e9valuation de la pollution des eaux marines sur la c\u00f4te Ouest d\u2019Alger en utilisant l\u2019imagerie satellitale&nbsp;;<a href=\"http:\/\/www.paralia.fr\/\">http:\/\/www.paralia.fr<\/a>&nbsp;DOI:10.5150\/cmcm.2011.071 pp 339-344<\/li>\n\n\n\n<li>Z. Nougrara, A. Benyettou, A. Abdellaoui, N.I. Bachari 2011. An Approach for an Extracted Road Network and its Nodes from Satellite Imagery and a Model of Integration of Obtained Results in a geographical information system GIS. Australian Journal of Basic and Applied Sciences 5(11) pp 1831-1837<\/li>\n\n\n\n<li>N. E. I. Bachari, A. Abdellaoui, F. Houma. Mod\u00e9lisation des donn\u00e9es multisources pour l\u2019\u00e9tude de la pollution de la baie d\u2019Alger \u00e0 base d\u2019un syst\u00e8me d\u2019information g\u00e9ographique. Conf\u00e9rence M\u00e9diterran\u00e9enne C\u00f4ti\u00e8re et Maritime Edition 2, Tanger, Maroc (2011) Coastal and Maritime Mediterranean Conference Disponible en ligne \u2013&nbsp;<a href=\"http:\/\/www.paralia.fr\/\">http:\/\/www.paralia.fr<\/a>&nbsp;\u2013 Available online pp 283-288<\/li>\n\n\n\n<li>A. Eleftheriou, N. E. I. Bachari. New Mediterranean Biodiversity Records (December 2011) Mediterranean Marine Science Medit. Mar. Sci., 12\/2, 2011, 491-508&nbsp;<a href=\"http:\/\/www.medit-mar-sc.net\/\">http:\/\/www.medit-mar-sc.net<\/a><\/li>\n\n\n\n<li>M.&nbsp;Mesri, A. Cheknane, N. Bachari, I. Rougab (2011)&nbsp;: Estimation du rayonnement mensuel global par jour par deux approches m\u00e9t\u00e9orologiques en Alg\u00e9rie&nbsp;: Canadian Journal of Physics 89(12)&nbsp;: 1215-1218, 10.1139\/p11-117.&nbsp;<a href=\"http:\/\/www.nrcresearchpress.com\/loi\/cjp\">www.nrcresearchpress.com\/loi\/cjp<\/a><\/li>\n<\/ol>\n","protected":false},"excerpt":{"rendered":"<p>&nbsp;<\/p>\n","protected":false},"author":1,"featured_media":0,"parent":0,"menu_order":0,"comment_status":"closed","ping_status":"closed","template":"","meta":[],"_links":{"self":[{"href":"https:\/\/lobem.usthb.dz\/index.php\/wp-json\/wp\/v2\/pages\/159"}],"collection":[{"href":"https:\/\/lobem.usthb.dz\/index.php\/wp-json\/wp\/v2\/pages"}],"about":[{"href":"https:\/\/lobem.usthb.dz\/index.php\/wp-json\/wp\/v2\/types\/page"}],"author":[{"embeddable":true,"href":"https:\/\/lobem.usthb.dz\/index.php\/wp-json\/wp\/v2\/users\/1"}],"replies":[{"embeddable":true,"href":"https:\/\/lobem.usthb.dz\/index.php\/wp-json\/wp\/v2\/comments?post=159"}],"version-history":[{"count":1,"href":"https:\/\/lobem.usthb.dz\/index.php\/wp-json\/wp\/v2\/pages\/159\/revisions"}],"predecessor-version":[{"id":161,"href":"https:\/\/lobem.usthb.dz\/index.php\/wp-json\/wp\/v2\/pages\/159\/revisions\/161"}],"wp:attachment":[{"href":"https:\/\/lobem.usthb.dz\/index.php\/wp-json\/wp\/v2\/media?parent=159"}],"curies":[{"name":"wp","href":"https:\/\/api.w.org\/{rel}","templated":true}]}}