{"id":156,"date":"2023-07-11T12:43:22","date_gmt":"2023-07-11T12:43:22","guid":{"rendered":"http:\/\/193.194.89.177\/lobem_wp\/?page_id=156"},"modified":"2023-07-11T12:59:33","modified_gmt":"2023-07-11T12:59:33","slug":"oceanologie-spatiale-et-teledetection","status":"publish","type":"page","link":"https:\/\/lobem.usthb.dz\/index.php\/oceanologie-spatiale-et-teledetection\/","title":{"rendered":"Oc\u00e9anologie spatiale et t\u00e9l\u00e9d\u00e9tection"},"content":{"rendered":"\n<h1><\/h1>\n\n\n\n<h3>Utilisation des donn\u00e9es satellitaires pour le suivi des param\u00e8tres environnementaux. Comparaison avec les mesures in situ. D\u00e9veloppement du S.I.G.<\/h3>\n\n\n\n<figure class=\"wp-block-table\"><table><tbody><tr><td>&nbsp;<\/td><td>Nom Pr\u00e9nom<\/td><td>Grade Actuel<\/td><td>Sp\u00e9cialit\u00e9<\/td><td>Adresse<\/td><td>Fonction<\/td><\/tr><tr><td>BACHARI Nour El Islam<\/td><td>Prof, DR<\/td><td>T\u00e9l\u00e9detection<\/td><td>bachari10@yahoo.fr<\/td><td>Chef<\/td><\/tr><tr><td>MEZIANI Houria<\/td><td>MAA, CR<\/td><td>Biologie Marine<\/td><td>h_meziani@yahoo.fr<\/td><td>Membre<\/td><\/tr><tr><td>ZERDANI Mohamed Lamine<\/td><td>MAA, CR<\/td><td>Biologie Marine<\/td><td>zerdanilamine@yahoo.fr<\/td><td>Membre<\/td><\/tr><tr><td>BOUDJADJA Lahc\u00e8ne<\/td><td>MAA, CR<\/td><td>Informatique<\/td><td>boudjadja_usthb@yahoo.fr<\/td><td>Membre<\/td><\/tr><tr><td>ZAGH Naima<\/td><td>MAA, CR<\/td><td>Pollution<\/td><td>khat-dz<\/td><td>Membre<\/td><\/tr><tr><td>NACEF Lamri<\/td><td>MAB, AR<\/td><td>Oc\u00e9anologie<\/td><td>nacef_l@yahoo.fr<\/td><td>Membre<\/td><\/tr><\/tbody><\/table><\/figure>\n\n\n\n<h2>Articles de cette rubrique<\/h2>\n\n\n\n<h3><a href=\"http:\/\/193.194.89.177\/lobem_wp\/index.php\/publications-internationales-3\/\">Publications Internationales<\/a><\/h3>\n\n\n\n<h3><a href=\"http:\/\/193.194.89.177\/lobem_wp\/index.php\/publications-nationales-3\/\">Publications Nationales<\/a><\/h3>\n\n\n\n<h3><a href=\"http:\/\/193.194.89.177\/lobem_wp\/index.php\/communications-internationales\/\">Communications Internationales<\/a><\/h3>\n\n\n\n<h3><a href=\"https:\/\/lobem.usthb.dz\/node\/34\">Co<\/a><a href=\"http:\/\/193.194.89.177\/lobem_wp\/index.php\/communications-nationales-3\/\">mmunications Nationales<\/a><\/h3>\n\n\n\n<h3><a href=\"https:\/\/lobem.usthb.dz\/node\/35\">Encadrement de Licence<\/a><\/h3>\n\n\n\n<h3><a href=\"http:\/\/193.194.89.177\/lobem_wp\/index.php\/encadrement-de-master-3\/\">Encadrement de Master<\/a><\/h3>\n\n\n\n<h3><a href=\"http:\/\/193.194.89.177\/lobem_wp\/index.php\/encadrement-de-magister-3\/\">Encadrement de Magister<\/a><\/h3>\n\n\n\n<h3><a href=\"http:\/\/193.194.89.177\/lobem_wp\/index.php\/encadrement-de-doctorat-3\/\">Encadrement de Doctorat<\/a><\/h3>\n","protected":false},"excerpt":{"rendered":"<p>Utilisation des donn\u00e9es satellitaires pour le suivi des param\u00e8tres environnementaux. Comparaison avec les mesures in situ. D\u00e9veloppement du S.I.G. &nbsp; Nom Pr\u00e9nom Grade Actuel Sp\u00e9cialit\u00e9 Adresse Fonction BACHARI Nour El Islam Prof, DR T\u00e9l\u00e9detection bachari10@yahoo.fr Chef MEZIANI Houria MAA, CR <span class=\"readmore\"><a href=\"https:\/\/lobem.usthb.dz\/index.php\/oceanologie-spatiale-et-teledetection\/\">Continue Reading<\/a><\/span><\/p>\n","protected":false},"author":1,"featured_media":0,"parent":0,"menu_order":0,"comment_status":"closed","ping_status":"closed","template":"","meta":[],"_links":{"self":[{"href":"https:\/\/lobem.usthb.dz\/index.php\/wp-json\/wp\/v2\/pages\/156"}],"collection":[{"href":"https:\/\/lobem.usthb.dz\/index.php\/wp-json\/wp\/v2\/pages"}],"about":[{"href":"https:\/\/lobem.usthb.dz\/index.php\/wp-json\/wp\/v2\/types\/page"}],"author":[{"embeddable":true,"href":"https:\/\/lobem.usthb.dz\/index.php\/wp-json\/wp\/v2\/users\/1"}],"replies":[{"embeddable":true,"href":"https:\/\/lobem.usthb.dz\/index.php\/wp-json\/wp\/v2\/comments?post=156"}],"version-history":[{"count":9,"href":"https:\/\/lobem.usthb.dz\/index.php\/wp-json\/wp\/v2\/pages\/156\/revisions"}],"predecessor-version":[{"id":187,"href":"https:\/\/lobem.usthb.dz\/index.php\/wp-json\/wp\/v2\/pages\/156\/revisions\/187"}],"wp:attachment":[{"href":"https:\/\/lobem.usthb.dz\/index.php\/wp-json\/wp\/v2\/media?parent=156"}],"curies":[{"name":"wp","href":"https:\/\/api.w.org\/{rel}","templated":true}]}}