{"id":144,"date":"2023-07-11T11:38:57","date_gmt":"2023-07-11T11:38:57","guid":{"rendered":"http:\/\/193.194.89.177\/lobem_wp\/?page_id=144"},"modified":"2023-07-11T11:38:58","modified_gmt":"2023-07-11T11:38:58","slug":"encadrement-de-doctorat-2","status":"publish","type":"page","link":"https:\/\/lobem.usthb.dz\/index.php\/encadrement-de-doctorat-2\/","title":{"rendered":"Encadrement de Doctorat"},"content":{"rendered":"\n<p><\/p>\n\n\n\n<ol>\n<li>Touahria T. Structure biologique et dynamique des cha\u00eenes trophiques p\u00e9lagiques dans la r\u00e9gion Centre du basin alg\u00e9rien. Travaux en cours. Promoteur Seridji<\/li>\n\n\n\n<li>Haouchine M.&nbsp;Etude des petits p\u00e9lagiques le long des c\u00f4tes alg\u00e9riennes&nbsp;: Biomasse et biodiversit\u00e9. Travaux en cours. Promoteur Seridji<\/li>\n\n\n\n<li>Ettsouri M.&nbsp;Etude des peuplements de l\u2019ichtyoplancton de la c\u00f4te alg\u00e9rienne. Travaux en cours. Promoteur Seridji<\/li>\n\n\n\n<li>Illoul H. Les dinoflagell\u00e9s des c\u00f4tes alg\u00e9riennes&nbsp;: aspects taxonomique et \u00e9cologique&nbsp;; recherche et identification des esp\u00e8ces potentiellement toxiques. Travaux en cours. Promoteur Seridji<\/li>\n\n\n\n<li>Sid Ali R. Variabilit\u00e9 saisonni\u00e8re du microzooplancton (Dinoflagell\u00e9s et Cili\u00e9s) des r\u00e9gions centre et ouest. Travaux en cours. Promoteur Seridji<\/li>\n\n\n\n<li>Makhlouf Ahlem&nbsp;: sujet&nbsp;: Variabilit\u00e9 saisonni\u00e8re des peuplements phytoplanctoniques des r\u00e9gions centre et ouest. Travaux en cours. Promoteur Seridji<\/li>\n\n\n\n<li>Khames Gholam Ellah Y. Variabilit\u00e9 saisonni\u00e8re et distribution spatiotemporelle des peuplements zooplanctoniques des c\u00f4tes alg\u00e9riennes. Travaux en cours. Promoteur Hafferssas<\/li>\n\n\n\n<li>Chaoudi Y. La faune m\u00e9sozooplanctonique des c\u00f4tes alg\u00e9riennes&nbsp;: biodiversit\u00e9, distribution quantitative, composition trophique et interaction avec le milieu. Travaux en cours. Promoteur Hafferssas<\/li>\n\n\n\n<li>ILLOUL H. (2014)&nbsp;: Les dinoflagell\u00e9s des c\u00f4tes alg\u00e9riennes&nbsp;: aspects taxonomique et \u00e9cologique&nbsp;: recherche et identification des esp\u00e8ces potentiellement toxiques. (Directeur de Th\u00e8se Pr SERIDJI R.)<\/li>\n\n\n\n<li>KHERCHOUCHE ALDJIA (Directeur de Th\u00e8se&nbsp;: Pr HAFFERSSAS A.)&nbsp;: Peuplements de M\u00e9duses des c\u00f4tes alg\u00e9riennes&nbsp;: Biodiversit\u00e9, Distribution quantitative et Interactions au sein du r\u00e9seau trophique p\u00e9lagique<\/li>\n\n\n\n<li>KHAMES YACINE (Directeur de Th\u00e8se&nbsp;: Pr HAFFERSSAS A.)&nbsp;: Variabilit\u00e9 saisonni\u00e8re et distribution spatiotemporelle des peuplements zooplanctoniques des c\u00f4tes alg\u00e9riennes.<\/li>\n\n\n\n<li>CHAOUADI MUSTAPHA (Directeur de Th\u00e8se&nbsp;: Pr HAFFERSSAS A.)&nbsp;: La faune m\u00e9sozooplanctonique des c\u00f4tes alg\u00e9riennes&nbsp;: biodiversit\u00e9, distribution quantitative, composition trophique et interaction avec le milieu.<\/li>\n\n\n\n<li>MELLAK LYLIA (Directeur de Th\u00e8se&nbsp;: Pr HAFFERSSAS A.)&nbsp;: Etude de la composante de la cha\u00eene trophique relative \u00e0 la c\u00f4te alg\u00e9roise&nbsp;: approche mol\u00e9culaire et mod\u00e9lisation des flux trophiques.<\/li>\n\n\n\n<li>SIDI ALI REDHA (Directeur de Th\u00e8se&nbsp;: Pr SERIDJI R.)&nbsp;: Variabilit\u00e9 saisonni\u00e8re du microzooplancton (Dinoflagell\u00e9s et Cili\u00e9s) des r\u00e9gions centre et ouest.<\/li>\n\n\n\n<li>MAKHLOUF AHLEM (Directeur de Th\u00e8se&nbsp;: Pr SERIDJI R.)&nbsp;: Variabilit\u00e9 saisonni\u00e8re des peuplements phytoplanctoniques des r\u00e9gions centre et ouest.<\/li>\n<\/ol>\n","protected":false},"excerpt":{"rendered":"","protected":false},"author":1,"featured_media":0,"parent":0,"menu_order":0,"comment_status":"closed","ping_status":"closed","template":"","meta":[],"_links":{"self":[{"href":"https:\/\/lobem.usthb.dz\/index.php\/wp-json\/wp\/v2\/pages\/144"}],"collection":[{"href":"https:\/\/lobem.usthb.dz\/index.php\/wp-json\/wp\/v2\/pages"}],"about":[{"href":"https:\/\/lobem.usthb.dz\/index.php\/wp-json\/wp\/v2\/types\/page"}],"author":[{"embeddable":true,"href":"https:\/\/lobem.usthb.dz\/index.php\/wp-json\/wp\/v2\/users\/1"}],"replies":[{"embeddable":true,"href":"https:\/\/lobem.usthb.dz\/index.php\/wp-json\/wp\/v2\/comments?post=144"}],"version-history":[{"count":1,"href":"https:\/\/lobem.usthb.dz\/index.php\/wp-json\/wp\/v2\/pages\/144\/revisions"}],"predecessor-version":[{"id":146,"href":"https:\/\/lobem.usthb.dz\/index.php\/wp-json\/wp\/v2\/pages\/144\/revisions\/146"}],"wp:attachment":[{"href":"https:\/\/lobem.usthb.dz\/index.php\/wp-json\/wp\/v2\/media?parent=144"}],"curies":[{"name":"wp","href":"https:\/\/api.w.org\/{rel}","templated":true}]}}