{"id":139,"date":"2023-07-11T11:36:31","date_gmt":"2023-07-11T11:36:31","guid":{"rendered":"http:\/\/193.194.89.177\/lobem_wp\/?page_id=139"},"modified":"2023-07-11T11:36:32","modified_gmt":"2023-07-11T11:36:32","slug":"encadrement-de-magister-2","status":"publish","type":"page","link":"https:\/\/lobem.usthb.dz\/index.php\/encadrement-de-magister-2\/","title":{"rendered":"Encadrement de Magister"},"content":{"rendered":"\n<p><\/p>\n\n\n\n<ol>\n<li>Kherchouche A. Peuplements de Medusae des c\u00f4tes alg\u00e9riennes&nbsp;: Biodiversit\u00e9, composition et interaction avec les composantes de la cha\u00eene trophique p\u00e9lagique. Promoteur HAFFERSSAS<\/li>\n<\/ol>\n","protected":false},"excerpt":{"rendered":"","protected":false},"author":1,"featured_media":0,"parent":0,"menu_order":0,"comment_status":"closed","ping_status":"closed","template":"","meta":[],"_links":{"self":[{"href":"https:\/\/lobem.usthb.dz\/index.php\/wp-json\/wp\/v2\/pages\/139"}],"collection":[{"href":"https:\/\/lobem.usthb.dz\/index.php\/wp-json\/wp\/v2\/pages"}],"about":[{"href":"https:\/\/lobem.usthb.dz\/index.php\/wp-json\/wp\/v2\/types\/page"}],"author":[{"embeddable":true,"href":"https:\/\/lobem.usthb.dz\/index.php\/wp-json\/wp\/v2\/users\/1"}],"replies":[{"embeddable":true,"href":"https:\/\/lobem.usthb.dz\/index.php\/wp-json\/wp\/v2\/comments?post=139"}],"version-history":[{"count":1,"href":"https:\/\/lobem.usthb.dz\/index.php\/wp-json\/wp\/v2\/pages\/139\/revisions"}],"predecessor-version":[{"id":141,"href":"https:\/\/lobem.usthb.dz\/index.php\/wp-json\/wp\/v2\/pages\/139\/revisions\/141"}],"wp:attachment":[{"href":"https:\/\/lobem.usthb.dz\/index.php\/wp-json\/wp\/v2\/media?parent=139"}],"curies":[{"name":"wp","href":"https:\/\/api.w.org\/{rel}","templated":true}]}}