{"id":135,"date":"2023-07-11T11:35:06","date_gmt":"2023-07-11T11:35:06","guid":{"rendered":"http:\/\/193.194.89.177\/lobem_wp\/?page_id=135"},"modified":"2023-07-11T11:35:07","modified_gmt":"2023-07-11T11:35:07","slug":"encadrement-de-master-2","status":"publish","type":"page","link":"https:\/\/lobem.usthb.dz\/index.php\/encadrement-de-master-2\/","title":{"rendered":"Encadrement de Master"},"content":{"rendered":"\n<p><\/p>\n\n\n\n<h1>&nbsp;<\/h1>\n\n\n\n<p>ABDELLAOUI H. &amp; LAOUIREME L. (2016)&nbsp;: Zooplancton des c\u00f4tes Centre (2\u00b0E \u2013 3\u00b0E) et Est (4\u00b0E \u2013 6\u00b0E) alg\u00e9riennes&nbsp;: Biodiversit\u00e9, Composition et Comportement Trophique. M\u00e9moire de Master en Protection &amp; Gestion de l\u2019Environnement Marin, Facult\u00e9 des Sciences Biologiques, USTHB, Alger.<\/p>\n\n\n\n<hr class=\"wp-block-separator has-alpha-channel-opacity\"\/>\n\n\n\n<p>CHEHRI Z. &amp; GHAZI I. (2014)&nbsp;: Zooplancton des c\u00f4tes centres alg\u00e9riennes (cas de la r\u00e9gion de Sidi Fredj)&nbsp;: Biodiversit\u00e9, Composition et Comportement alimentaire. M\u00e9moire de Master en Oc\u00e9anographie C\u00f4ti\u00e8re et Environnement Marin, Facult\u00e9 des Sciences Biologiques, USTHB, Alger.<\/p>\n\n\n\n<hr class=\"wp-block-separator has-alpha-channel-opacity\"\/>\n\n\n\n<p>CHALA A. &amp; GHARNAOUT H. (2013)&nbsp;: Caract\u00e9ristiques quantitatives et qualitatives des peuplements macrozooplanctoniques des \u00eeles Habibas (Mer Alboran Est). M\u00e9moire de Master en Protection et Gestion de l\u2019Environnement Marin, Facult\u00e9 des Sciences Biologiques, USTHB, Alger.<\/p>\n\n\n\n<hr class=\"wp-block-separator has-alpha-channel-opacity\"\/>\n\n\n\n<p>BELKHALFA I. (2013)&nbsp;: Faune m\u00e9sozooplanctonique de la Mer Alboran Est (\u00eeles Habibas)&nbsp;: Biodiversit\u00e9 et Composition quantitative. M\u00e9moire de Master en Protection et Gestion de l\u2019Environnement Marin, Facult\u00e9 des Sciences Biologiques, USTHB, Alger.<\/p>\n\n\n\n<ol>\n<li>Sekkai S. &amp; Moongo H.T. Peuplements des dinophysae \u00e9pi-benthiques de la c\u00f4te alg\u00e9roise, 2012-2013<\/li>\n\n\n\n<li>Benkhalfa I. R\u00e9partition et distribution des peuplements du macroplancton g\u00e9latineux autour des \u00eeles Habibas (Mer Alboran Est), 2012-2013<\/li>\n\n\n\n<li>Garnaout H. &amp; Chala A. Biodiversit\u00e9 des peuplements m\u00e9sozooplanctoniques autour des \u00eeles Habibas (Mer Alboran Est), 2012-2013<\/li>\n\n\n\n<li>Khelef Mouna et Rami Im\u00e9ne&nbsp;: sujet&nbsp;: Contribution \u00e0 l\u2019\u00e9tude des peuplements mesozooplanctoniques (copepodes) des c\u00f4tes ouest alg\u00e9riennes&nbsp;: Biodiversit\u00e9, composition et comportement alimantaire. Promoteur&nbsp;: Hafferssas<\/li>\n\n\n\n<li>Mangoo Helena &amp; Kheniche Souhila&nbsp;: sujet&nbsp;: Analyse qualitative et quantitative des Dinoflag\u00e9ll\u00e9s \u00e9piphytes des macro algue \u00e0 Ain Tagourait (baie de Bou Ismail) durant la p\u00e9riode estivale 2012. Promoteur&nbsp;: Touahria<\/li>\n\n\n\n<li>Bouich B. Inventaires des peuplements zooplanctoniques le long des c\u00f4tes centre et ouest alg\u00e9riennes&nbsp;: r\u00e9partition et composition. 2012<\/li>\n\n\n\n<li>Guerch Youcef et Kerkeb Hanaa&nbsp;: sujet&nbsp;: Contribution \u00e0 l\u2019\u00e9tude des peuplements macrozooplanctoniques de la c\u00f4te alg\u00e9rienne (secteur occidental et central) entre 1\u00b0W et 3\u00b0E. Promoteur&nbsp;: Hafferssas<\/li>\n\n\n\n<li>Chaouadi M.&nbsp;&amp; Doufene I. Contribution \u00e0 l\u2019\u00e9tude de la faune macrozooplanctonique des c\u00f4tes alg\u00e9riennes&nbsp;: Biodiversit\u00e9, composition et comportement alimentaire. 2011. Promoteur&nbsp;: Hafferssas<\/li>\n\n\n\n<li>Alim A. &amp; Fegas F. Contribution \u00e0 l\u2019\u00e9tude qualitative et quantitative des Dinoflagell\u00e9s \u00e9piphytes de Corallina elongata dans la r\u00e9gion centre d\u2019Alger. 2011<\/li>\n\n\n\n<li>Ogabi L. &amp; Sakhri S. Contribution \u00e0 l\u2019\u00e9tude du biovolume et biomasse des Diatom\u00e9es et des Tintinnides dans le port d\u2019Alger et le port de Sidi Fredj. 2011<\/li>\n<\/ol>\n","protected":false},"excerpt":{"rendered":"<p>&nbsp; ABDELLAOUI H. &amp; LAOUIREME L. (2016)&nbsp;: Zooplancton des c\u00f4tes Centre (2\u00b0E \u2013 3\u00b0E) et Est (4\u00b0E \u2013 6\u00b0E) alg\u00e9riennes&nbsp;: Biodiversit\u00e9, Composition et Comportement Trophique. M\u00e9moire de Master en Protection &amp; Gestion de l\u2019Environnement Marin, Facult\u00e9 des Sciences Biologiques, USTHB, <span class=\"readmore\"><a href=\"https:\/\/lobem.usthb.dz\/index.php\/encadrement-de-master-2\/\">Continue Reading<\/a><\/span><\/p>\n","protected":false},"author":1,"featured_media":0,"parent":0,"menu_order":0,"comment_status":"closed","ping_status":"closed","template":"","meta":[],"_links":{"self":[{"href":"https:\/\/lobem.usthb.dz\/index.php\/wp-json\/wp\/v2\/pages\/135"}],"collection":[{"href":"https:\/\/lobem.usthb.dz\/index.php\/wp-json\/wp\/v2\/pages"}],"about":[{"href":"https:\/\/lobem.usthb.dz\/index.php\/wp-json\/wp\/v2\/types\/page"}],"author":[{"embeddable":true,"href":"https:\/\/lobem.usthb.dz\/index.php\/wp-json\/wp\/v2\/users\/1"}],"replies":[{"embeddable":true,"href":"https:\/\/lobem.usthb.dz\/index.php\/wp-json\/wp\/v2\/comments?post=135"}],"version-history":[{"count":1,"href":"https:\/\/lobem.usthb.dz\/index.php\/wp-json\/wp\/v2\/pages\/135\/revisions"}],"predecessor-version":[{"id":137,"href":"https:\/\/lobem.usthb.dz\/index.php\/wp-json\/wp\/v2\/pages\/135\/revisions\/137"}],"wp:attachment":[{"href":"https:\/\/lobem.usthb.dz\/index.php\/wp-json\/wp\/v2\/media?parent=135"}],"curies":[{"name":"wp","href":"https:\/\/api.w.org\/{rel}","templated":true}]}}