{"id":131,"date":"2023-07-11T11:33:44","date_gmt":"2023-07-11T11:33:44","guid":{"rendered":"http:\/\/193.194.89.177\/lobem_wp\/?page_id=131"},"modified":"2023-07-11T11:33:45","modified_gmt":"2023-07-11T11:33:45","slug":"encadrement-de-licence-3","status":"publish","type":"page","link":"https:\/\/lobem.usthb.dz\/index.php\/encadrement-de-licence-3\/","title":{"rendered":"Encadrement de Licence"},"content":{"rendered":"\n<p><\/p>\n\n\n\n<p>1. Benalia Khadidja Ismahane et Bengana Khaled. Contribution \u00e0 l\u2019\u00e9tude des peuplements de m\u00e9duses sur les c\u00f4tes alg\u00e9riennes.<\/p>\n","protected":false},"excerpt":{"rendered":"<p>1. Benalia Khadidja Ismahane et Bengana Khaled. Contribution \u00e0 l\u2019\u00e9tude des peuplements de m\u00e9duses sur les c\u00f4tes alg\u00e9riennes.<\/p>\n","protected":false},"author":1,"featured_media":0,"parent":0,"menu_order":0,"comment_status":"closed","ping_status":"closed","template":"","meta":[],"_links":{"self":[{"href":"https:\/\/lobem.usthb.dz\/index.php\/wp-json\/wp\/v2\/pages\/131"}],"collection":[{"href":"https:\/\/lobem.usthb.dz\/index.php\/wp-json\/wp\/v2\/pages"}],"about":[{"href":"https:\/\/lobem.usthb.dz\/index.php\/wp-json\/wp\/v2\/types\/page"}],"author":[{"embeddable":true,"href":"https:\/\/lobem.usthb.dz\/index.php\/wp-json\/wp\/v2\/users\/1"}],"replies":[{"embeddable":true,"href":"https:\/\/lobem.usthb.dz\/index.php\/wp-json\/wp\/v2\/comments?post=131"}],"version-history":[{"count":1,"href":"https:\/\/lobem.usthb.dz\/index.php\/wp-json\/wp\/v2\/pages\/131\/revisions"}],"predecessor-version":[{"id":133,"href":"https:\/\/lobem.usthb.dz\/index.php\/wp-json\/wp\/v2\/pages\/131\/revisions\/133"}],"wp:attachment":[{"href":"https:\/\/lobem.usthb.dz\/index.php\/wp-json\/wp\/v2\/media?parent=131"}],"curies":[{"name":"wp","href":"https:\/\/api.w.org\/{rel}","templated":true}]}}