{"id":127,"date":"2023-07-11T11:31:45","date_gmt":"2023-07-11T11:31:45","guid":{"rendered":"http:\/\/193.194.89.177\/lobem_wp\/?page_id=127"},"modified":"2023-07-11T11:31:46","modified_gmt":"2023-07-11T11:31:46","slug":"communications-nationales-2","status":"publish","type":"page","link":"https:\/\/lobem.usthb.dz\/index.php\/communications-nationales-2\/","title":{"rendered":"Communications nationales"},"content":{"rendered":"\n<p><\/p>\n\n\n\n<h1>&nbsp;<\/h1>\n\n\n\n<ol>\n<li>Touahria T., 2012. Etat des connaissances sur les peuplements phytoplanctoniques de la c\u00f4te alg\u00e9rienne Atelier indicateur de suivi et d\u2019\u00e9valuation de la biodiversit\u00e9 Marine. Minist\u00e8re de l\u2019Environnement et de l\u2019Am\u00e9nagement du territoire, Alger, 28-29 Novembre 2012<\/li>\n\n\n\n<li>Hafferssas A., 2012. Mod\u00e9lisation des relations Proies \u2013 Pr\u00e9dateurs au sein de la cha\u00eene trophique p\u00e9lagique. 3\u00e8me Journ\u00e9es du r\u00e9seau RASMER, 6-7 Juin 2012<\/li>\n\n\n\n<li>Hafferssas A., 2012. Etat des connaissances sur les peuplements zooplanctoniques de la c\u00f4te alg\u00e9rienne Atelier indicateur de suivi et d\u2019\u00e9valuation de la biodiversit\u00e9 Marine. Minist\u00e8re de l\u2019Environnement et de l\u2019Am\u00e9nagement du territoire, Alger, 28-29 Novembre 2012<\/li>\n\n\n\n<li>Hafferssas A.&nbsp;: Etat de la biodiversit\u00e9 des peuplements zooplanctoniques des c\u00f4tes alg\u00e9riennes. Journ\u00e9es nationales sur la biodiversit\u00e9 marine, h\u00f4tel El Marsa,(Sidi Fredj, Alger) 22-05 2012<\/li>\n\n\n\n<li>Touahria T.&nbsp;: Le phytoplancton de l\u2019\u00e9cosyst\u00e8me marin c\u00f4tier des eaux marines alg\u00e9riennes. Journ\u00e9es nationale sur la biodiversit\u00e9 marine, h\u00f4tel El Marsa, (Sidi Fredj, Alger) 22-05 2012<\/li>\n\n\n\n<li>HAFFERSSAS A. (2016)&nbsp;: Les virus planctoniques (virioplancton)&nbsp;: r\u00f4le dans les \u00e9cosyst\u00e8mes marins et effets des changements climatiques. 42\u00e8me Anniversaire de la Cr\u00e9ation de l\u2019USTHB, Alger. 24 \u2013 28 Avril<\/li>\n\n\n\n<li>HAFFERSSAS A. (2015)&nbsp;: Esp\u00e8ces Envahissantes au sein des \u00e9cosyst\u00e8mes M\u00e9diterran\u00e9ens&nbsp;: effets sur la biodiversit\u00e9 et relation avec les changements climatiques. 41\u00e8me Anniversaire de la Cr\u00e9ation de l\u2019USTHB, Alger. 19 \u2013 23 Avril.<\/li>\n\n\n\n<li>KHERCHOUCHE A. &amp; HAFFERSSAS A. (2014)&nbsp;: Biodiversit\u00e9 des M\u00e9duses de la c\u00f4te alg\u00e9roise. Premi\u00e8res Journ\u00e9es Nationales des Sciences de la Mer et de l\u2019Aquaculture. Mostaganem (Alg\u00e9rie). 22 \u2013 23 Octobre.<\/li>\n\n\n\n<li>KHERCHOUCHE A., KHAMES G.E.Y. &amp; HAFFERSSAS A. (2014)&nbsp;: Le zooplancton G\u00e9latineux&nbsp;; Composition, r\u00f4le trophique et impact environnemental. 40\u00e8me Anniversaire de la Cr\u00e9ation de l\u2019USTHB. Alger (Alg\u00e9rie). 20 \u2013 24 Avril.<\/li>\n\n\n\n<li>KHERCHOUCHE A. &amp; HAFFERSSAS A. (2013)&nbsp;: Les peuplements de Medusae des c\u00f4tes alg\u00e9riennes. 39\u00e8me Anniversaire de la Cr\u00e9ation de l\u2019USTHB. Alger (Alg\u00e9rie). 21 \u2013 25 Avril.<\/li>\n\n\n\n<li>KHAMES G.E.Y. &amp; HAFFERSSAS A. (2013)&nbsp;: Car\u00e9ct\u00e9ristiques des communaut\u00e9s macrozooplanctoniques des \u00eeles Habibas. 39\u00e8me Anniversaire de la Cr\u00e9ation de l\u2019USTHB. Alger (Alg\u00e9rie). 21 \u2013 25 Avril.<\/li>\n\n\n\n<li>CHAOUADI M.&nbsp;&amp; HAFFERSSAS A. (2013)&nbsp;: Premier inventaire taxonomique de la faune des cop\u00e9podes au sein des \u00eeles Habibas (Mer Alboran). 39\u00e8me Anniversaire de la Cr\u00e9ation de l\u2019USTHB. Alger (Alg\u00e9rie). 21 \u2013 25 Avril.<\/li>\n\n\n\n<li>TOUAHRIA T. &amp; SERIDJI R. (2013). R\u00e9sultats pr\u00e9liminaires sur l\u2019\u00e9cologie des dinoflagell\u00e9s \u00e9piphytes de macro algues dans la r\u00e9gion ouest d\u2019Alger de la p\u00e9riode estivale 2012. 39\u00e8me Anniversaire de la Cr\u00e9ation de l\u2019USTHB. Alger (Alg\u00e9rie). 21 \u2013 25 Avril.<\/li>\n<\/ol>\n","protected":false},"excerpt":{"rendered":"<p>&nbsp;<\/p>\n","protected":false},"author":1,"featured_media":0,"parent":0,"menu_order":0,"comment_status":"closed","ping_status":"closed","template":"","meta":[],"_links":{"self":[{"href":"https:\/\/lobem.usthb.dz\/index.php\/wp-json\/wp\/v2\/pages\/127"}],"collection":[{"href":"https:\/\/lobem.usthb.dz\/index.php\/wp-json\/wp\/v2\/pages"}],"about":[{"href":"https:\/\/lobem.usthb.dz\/index.php\/wp-json\/wp\/v2\/types\/page"}],"author":[{"embeddable":true,"href":"https:\/\/lobem.usthb.dz\/index.php\/wp-json\/wp\/v2\/users\/1"}],"replies":[{"embeddable":true,"href":"https:\/\/lobem.usthb.dz\/index.php\/wp-json\/wp\/v2\/comments?post=127"}],"version-history":[{"count":1,"href":"https:\/\/lobem.usthb.dz\/index.php\/wp-json\/wp\/v2\/pages\/127\/revisions"}],"predecessor-version":[{"id":129,"href":"https:\/\/lobem.usthb.dz\/index.php\/wp-json\/wp\/v2\/pages\/127\/revisions\/129"}],"wp:attachment":[{"href":"https:\/\/lobem.usthb.dz\/index.php\/wp-json\/wp\/v2\/media?parent=127"}],"curies":[{"name":"wp","href":"https:\/\/api.w.org\/{rel}","templated":true}]}}