{"id":123,"date":"2023-07-11T11:30:03","date_gmt":"2023-07-11T11:30:03","guid":{"rendered":"http:\/\/193.194.89.177\/lobem_wp\/?page_id=123"},"modified":"2023-07-11T11:30:04","modified_gmt":"2023-07-11T11:30:04","slug":"communications-internationales-2","status":"publish","type":"page","link":"https:\/\/lobem.usthb.dz\/index.php\/communications-internationales-2\/","title":{"rendered":"Communications internationales"},"content":{"rendered":"\n<p><\/p>\n\n\n\n<ol>\n<li>Hafferssas A.&nbsp;: Caracr\u00e9risation des cha\u00eenes trophiques \u00e9pip\u00e9lagiques des c\u00f4tes alg\u00e9riennes et r\u00f4le des communaut\u00e9s zooplanctoniques. 11 eme forum de l\u2019association fran\u00e7aise d\u2019halieutique. 17-23 juin 2013, Bordeaux, France.<\/li>\n\n\n\n<li>Touahria T., Berrazouane S &amp; Seridji R.&nbsp;: Composition et biomasse des Tintinnides (Ciliophora&nbsp;: Oligotriches) dans la r\u00e9gion centre et ouest d\u2019Alger, 40\u00e8me Congr\u00e8s de la CIESM, novembre 2013 Marseille.<\/li>\n\n\n\n<li>Touahria T &amp; Seridji R.&nbsp;: Development of the Epiphytic Dinoflagellates Ostreopsis cf. ovata in the Algiers Bay (southwestern mediterranean Sea)&nbsp;; 40\u00e8me Congr\u00e8s de la CIESM, novembre 2013, Marseille.<\/li>\n\n\n\n<li>Hafferssas A.&nbsp;: Peuplement macrozooplanctonique des \u00eeles Habibas (mer d\u2019Alboran)&nbsp;: biodiversit\u00e9 et composition. 40\u00e8me Congr\u00e8s de la CIESM, novembre 2013, Marseille<\/li>\n\n\n\n<li>Hafferssas A. et Seridji R., 2012. Distribution du zooplancton g\u00e9latineux le long des c\u00f4tes alg\u00e9riennes et effet sur la chaine trophique p\u00e9lagique. 3\u00e8me Congr\u00e8s Franco Maghr\u00e9bin de Zoologie et d\u2019Ichtyologie &#8211; Marrakech 2012<\/li>\n\n\n\n<li>Seridji R ., Firad B., 2012. Abondance et variabilit\u00e9 saisonni\u00e8re des cili\u00e9s et des dinoflagell\u00e9s de la c\u00f4te ouest alg\u00e9roise3\u00e8me Congr\u00e8s Franco Maghr\u00e9bin de Zoologie et d\u2019Ichtyologie &#8211; Marrakech 2012<\/li>\n\n\n\n<li>Ettsouri M., Seridji R., 2012. Les \u0153ufs des poissons t\u00e9l\u00e9ost\u00e9ens de la c\u00f4te Alg\u00e9roise. 3\u00e8me Congr\u00e8s Franco Maghr\u00e9bin de Zoologie et d\u2019Ichtyologie &#8211; Marrakech 2012<\/li>\n\n\n\n<li>Hafferssas A. et Seridji R., 2012. The macrozooplankton related to hydrological features of Algerian basin Balwois Conference on Water, Climate and Environnement. 2012 Mac\u00e9donie<\/li>\n\n\n\n<li>Boubechiche Z., Touahria T., Loubar M., 2012. Caract\u00e9risation des sites \u00e0 potentialit\u00e9 aquacole dans la baie de Bou-Ismail&nbsp;: param\u00e8tres physico-chimiques et peuplement planctonique3\u00e8me Congr\u00e8s Franco Maghr\u00e9bin de Zoologie et d\u2019Ichtyologie &#8211; Marrakech 2012<\/li>\n\n\n\n<li>Touahria T., 2012. Contribution \u00e0 l\u2019analyse qualitative des Tintinides de la baie d\u2019Alger (Juillet 2008) et de la r\u00e9gion de B\u00e9jaia (Hiver, 2008). 2\u00e8me congr\u00e8s Franco-Maghr\u00e9bin de Zoologie et 4\u00e8me journ\u00e9es Franco-Tunisiennes de Zoologie, du 4 au 9 Novembre 2010, Zarzis Tunisie.<\/li>\n\n\n\n<li>Berrazouane S., Touahria T., 2012. Composition et biomasse des Tintinnides (Ciliophora&nbsp;: Oligotrichea) dans la r\u00e9gion centre et ouest d\u2019Alger Congr\u00e8s Franco Maghr\u00e9bin de Zoologie et d\u2019Ichtyologie<\/li>\n\n\n\n<li>Hafferssas A.&nbsp;: R\u00e9partition de la faune zooplanctonique des copepodes autour des isles habibas (Alg\u00e9rie). 15emes journ\u00e9es tunisiennes des sciences de la mer&nbsp;; 18\/12\/2012 Mahdia Tunisie<\/li>\n\n\n\n<li>Hafferssas A. et Seridji R., 2011. R\u00e9partition de la biodiversit\u00e9 et des abondances des peuplements macrozooplanctoniques le long des c\u00f4tes alg\u00e9riennes&nbsp;: effets sur la succession \u00e9cologique et sur la r\u00e9gulation des flux de la mati\u00e8re organique13\u00e8me Journ\u00e9es tunisiennes des sciences de la mer et les 2\u00e8me rencontres Tuniso-Fran\u00e7aises d\u2019ichtyologie, Mahdia (Tunisie) 2011<\/li>\n\n\n\n<li>Touahria T., Seridji R., 2011. Monotoring of the potentially toxic genera Ostreopsis, Coolia and Prorocentrum (Dinophyceae) in the Bou Ismail Bay (Algerian coast) Colloque de la Soci\u00e9t\u00e9 Phycologique de France &amp; International Conference on Ostreopsis Development2011 Villefranche sur Mer (France)<\/li>\n\n\n\n<li>TOUAHRIA T. &amp; SERIDJI R. (2015). Composition et Biomasse des Tintinnid\u00e9s dans la baie d\u2019Alger et dans la seule aire prot\u00e9g\u00e9e des c\u00f4tes alg\u00e9riennes&nbsp;: les \u00eeles Habibas. 5\u00e8me journ\u00e9es franco-tunisiennes de zoologie.<\/li>\n\n\n\n<li>KHARCHOUCHE A., KHAMES G.E.Y. &amp; HAFFERSSAS A. (2014)&nbsp;: Zooplancton g\u00e9latineux des c\u00f4tes alg\u00e9riennes (Centre et Ouest). 9\u00e8me Congr\u00e8s Maghr\u00e9bin des Sciences de la Mer. Sousse (Tunisie). 21\u2013 24 D\u00e9cembre.<\/li>\n\n\n\n<li>HAFFERSSAS A. (2014)&nbsp;: Macrozooplankton fauna and Trophic interaction along the Algerian coasts. International Congress Estuaries and Coastal Protected Areas. Izmir (Turkey). 04 \u2013 06 November.<\/li>\n\n\n\n<li>TOUAHRIA T. &amp; SERIDJI R. (2014). Composition et biomasse des Tintinnides dans la r\u00e9gion centre et ouest d\u2019Alger. 40\u00e8me Congr\u00e8s de la Commission Internationale pour l\u2019Exploration Scientifique de la Mer M\u00e9diterran\u00e9e.<\/li>\n\n\n\n<li>HAFFERSSAS A. (2013)&nbsp;: Peuplements macrozooplanctoniques des \u00eeles Habibas (Mer Alboran)&nbsp;: Biodiversit\u00e9 et composition. 40\u00e8me Congr\u00e8s de la Commission Internationale pour l\u2019Exploration Scientifique de la M\u00e9diterran\u00e9e. Marseille (France). 28 Octobre \u2013 01 Novembre.<\/li>\n\n\n\n<li>HAFFERSSAS A. (2013)&nbsp;: la Faune des Cop\u00e9podes des \u00eeles Habibas (Mer d\u2019Alboran Est) est elle influenc\u00e9e par le front Alm\u00e9ria-Oran&nbsp;? 15\u00e8me Journ\u00e9es Tunisiennes des Sciences de la Mer &amp; 3\u00e8me Rencontre Tuniso-Fran\u00e7aises d\u2019Ichtyologie. Mahdia (Tunisie). 14 \u2013 17 D\u00e9cembre.<\/li>\n\n\n\n<li>HAFFERSSAS A. &amp; KHAMES G.E.Y. (2013)&nbsp;: Faune zooplanctonique des \u00eeles Habibas&nbsp;: biodiversit\u00e9 et r\u00e9partition saisonni\u00e8re. 3\u00e8me Colloque International sur la Biodiversit\u00e9 et Ecosyst\u00e8mes littoraux (Bel 03). Oran (Alg\u00e9rie). 26 \u2013 28 Novembre.<\/li>\n\n\n\n<li>KHARCHOUCHE A. &amp; HAFFERSSAS A. (2013)&nbsp;: R\u00e9partition des peuplements de Medusae des c\u00f4tes Alg\u00e9riennes et relations avec les param\u00e8tres du milieu. 4\u00e8me Congr\u00e8s International des Populations et des Communaut\u00e9s Animales. Taghit (Alg\u00e9rie). 19 \u2013 21 Novembre.<\/li>\n\n\n\n<li>KHAMES G.E.Y. &amp; HAFFERSSAS A. (2013)&nbsp;: R\u00e9partition des peuplements du zooplancton g\u00e9latineux des c\u00f4tes alg\u00e9riennes. 4\u00e8me Congr\u00e8s International des Populations et des Communaut\u00e9s Animales. Taghit (Alg\u00e9rie). 19 \u2013 21 Novembre.<\/li>\n\n\n\n<li>HAFFERSSAS A. &amp; KHARCHOUCHE A. (2013)&nbsp;: Peuplements des Medusae des c\u00f4tes alg\u00e9riennes&nbsp;: biodiversit\u00e9 et r\u00e9partition saisonni\u00e8re. 3\u00e8me Colloque International sur la Biodiversit\u00e9 et Ecosyst\u00e8mes littoraux (Bel 03). Oran (Alg\u00e9rie). 26 \u2013 28 Novembre.<\/li>\n\n\n\n<li>HAFFERSSAS A. (2013)&nbsp;: Caract\u00e9risation de la chaine trophique \u00e9pip\u00e9lagique des c\u00f4tes alg\u00e9riennes et r\u00f4le des communaut\u00e9s zooplanctoniques. Forum International de l\u2019Association Francaise d\u2019Ichtyologie. Bordeaux (France). 19 \u2013 21 Juin.&nbsp;<a href=\"http:\/\/halieutique.agrocampus-ouest.fr\/afh\/forum11\/Posters\/hafferssas.pdf\">http:\/\/halieutique.agrocampus-ouest.fr\/afh\/forum11\/Posters\/hafferssas.pdf<\/a>.<\/li>\n<\/ol>\n","protected":false},"excerpt":{"rendered":"","protected":false},"author":1,"featured_media":0,"parent":0,"menu_order":0,"comment_status":"closed","ping_status":"closed","template":"","meta":[],"_links":{"self":[{"href":"https:\/\/lobem.usthb.dz\/index.php\/wp-json\/wp\/v2\/pages\/123"}],"collection":[{"href":"https:\/\/lobem.usthb.dz\/index.php\/wp-json\/wp\/v2\/pages"}],"about":[{"href":"https:\/\/lobem.usthb.dz\/index.php\/wp-json\/wp\/v2\/types\/page"}],"author":[{"embeddable":true,"href":"https:\/\/lobem.usthb.dz\/index.php\/wp-json\/wp\/v2\/users\/1"}],"replies":[{"embeddable":true,"href":"https:\/\/lobem.usthb.dz\/index.php\/wp-json\/wp\/v2\/comments?post=123"}],"version-history":[{"count":1,"href":"https:\/\/lobem.usthb.dz\/index.php\/wp-json\/wp\/v2\/pages\/123\/revisions"}],"predecessor-version":[{"id":125,"href":"https:\/\/lobem.usthb.dz\/index.php\/wp-json\/wp\/v2\/pages\/123\/revisions\/125"}],"wp:attachment":[{"href":"https:\/\/lobem.usthb.dz\/index.php\/wp-json\/wp\/v2\/media?parent=123"}],"curies":[{"name":"wp","href":"https:\/\/api.w.org\/{rel}","templated":true}]}}