{"id":119,"date":"2023-07-11T11:28:25","date_gmt":"2023-07-11T11:28:25","guid":{"rendered":"http:\/\/193.194.89.177\/lobem_wp\/?page_id=119"},"modified":"2023-07-11T11:28:26","modified_gmt":"2023-07-11T11:28:26","slug":"publications-nationales-2","status":"publish","type":"page","link":"https:\/\/lobem.usthb.dz\/index.php\/publications-nationales-2\/","title":{"rendered":"Publications nationales"},"content":{"rendered":"\n<p><\/p>\n\n\n\n<h1>&nbsp;<\/h1>\n\n\n\n<hr class=\"wp-block-separator has-alpha-channel-opacity\"\/>\n\n\n\n<ol>\n<li>Hafferssas A., 2011. R\u00e9partition et composition des peuplements de cop\u00e9podes le long des c\u00f4tes alg\u00e9riennes Bulletin Sp\u00e9cial du Centre National du D\u00e9veloppement des Ressources Biologiques (CNRDB), Alger<\/li>\n\n\n\n<li>Touahria T., 2011. Note sur le genre Ceratium dans la r\u00e9gion centre du bassin alg\u00e9rien Bulletin Sp\u00e9cial du Centre National du D\u00e9veloppement des Ressources Biologiques (CNRDB), Alger.<\/li>\n<\/ol>\n","protected":false},"excerpt":{"rendered":"<p>&nbsp;<\/p>\n","protected":false},"author":1,"featured_media":0,"parent":0,"menu_order":0,"comment_status":"closed","ping_status":"closed","template":"","meta":[],"_links":{"self":[{"href":"https:\/\/lobem.usthb.dz\/index.php\/wp-json\/wp\/v2\/pages\/119"}],"collection":[{"href":"https:\/\/lobem.usthb.dz\/index.php\/wp-json\/wp\/v2\/pages"}],"about":[{"href":"https:\/\/lobem.usthb.dz\/index.php\/wp-json\/wp\/v2\/types\/page"}],"author":[{"embeddable":true,"href":"https:\/\/lobem.usthb.dz\/index.php\/wp-json\/wp\/v2\/users\/1"}],"replies":[{"embeddable":true,"href":"https:\/\/lobem.usthb.dz\/index.php\/wp-json\/wp\/v2\/comments?post=119"}],"version-history":[{"count":1,"href":"https:\/\/lobem.usthb.dz\/index.php\/wp-json\/wp\/v2\/pages\/119\/revisions"}],"predecessor-version":[{"id":121,"href":"https:\/\/lobem.usthb.dz\/index.php\/wp-json\/wp\/v2\/pages\/119\/revisions\/121"}],"wp:attachment":[{"href":"https:\/\/lobem.usthb.dz\/index.php\/wp-json\/wp\/v2\/media?parent=119"}],"curies":[{"name":"wp","href":"https:\/\/api.w.org\/{rel}","templated":true}]}}