{"id":110,"date":"2023-07-11T11:21:19","date_gmt":"2023-07-11T11:21:19","guid":{"rendered":"http:\/\/193.194.89.177\/lobem_wp\/?page_id=110"},"modified":"2023-07-11T11:39:34","modified_gmt":"2023-07-11T11:39:34","slug":"ecosystemes-pelagiques","status":"publish","type":"page","link":"https:\/\/lobem.usthb.dz\/index.php\/ecosystemes-pelagiques\/","title":{"rendered":"Ecosyst\u00e8mes p\u00e9lagiques"},"content":{"rendered":"\n<p><\/p>\n\n\n\n<h3>Impact de la variabilit\u00e9 climatique sur les peuplements p\u00e9lagiques (phytoplancton, zooplancton, necton). Cons\u00e9quences sur les stocks p\u00e9lagiques.<\/h3>\n\n\n\n<p>Nom Pr\u00e9nomGrade ActuelSp\u00e9cialit\u00e9AdresseFonction<\/p>\n\n\n\n<p>SERIDJI RabiaProf, DRPlanctonologierabiaseridji08@yahoo. frChef<\/p>\n\n\n\n<p>HAFFERSSAS AzizPR, DRPlanctonologieahafferssas@usthb.dzMembre<\/p>\n\n\n\n<p>TOUAHRIA TarikMAA, CRPlanctonologiettouahria@usthb.dzMembre<\/p>\n\n\n\n<h2>Articles de cette rubrique<\/h2>\n\n\n\n<h3><a href=\"http:\/\/193.194.89.177\/lobem_wp\/index.php\/publications-internationales-2\/\">Publications Internationales<\/a><\/h3>\n\n\n\n<h3><a href=\"http:\/\/193.194.89.177\/lobem_wp\/index.php\/publications-nationales-2\/\">Publications Nationales<\/a><\/h3>\n\n\n\n<h3><a href=\"http:\/\/193.194.89.177\/lobem_wp\/index.php\/communications-internationales-2\/\">Communications Internationales<\/a><\/h3>\n\n\n\n<h3><a href=\"http:\/\/193.194.89.177\/lobem_wp\/index.php\/communications-nationales-2\/\">Communications Nationales<\/a><\/h3>\n\n\n\n<h3><a href=\"http:\/\/193.194.89.177\/lobem_wp\/index.php\/encadrement-de-licence-3\/\">Encadrement de Licence<\/a><\/h3>\n\n\n\n<h3><a href=\"http:\/\/193.194.89.177\/lobem_wp\/index.php\/encadrement-de-master-2\/\">Encadrement de Master<\/a><\/h3>\n\n\n\n<h3><a href=\"http:\/\/193.194.89.177\/lobem_wp\/index.php\/encadrement-de-magister-2\/\">Encadrement de Magister<\/a><\/h3>\n\n\n\n<h3><a href=\"http:\/\/193.194.89.177\/lobem_wp\/index.php\/encadrement-de-doctorat-2\/\">Encadrement de Doctorat<\/a><\/h3>\n","protected":false},"excerpt":{"rendered":"<p>Impact de la variabilit\u00e9 climatique sur les peuplements p\u00e9lagiques (phytoplancton, zooplancton, necton). Cons\u00e9quences sur les stocks p\u00e9lagiques. Nom Pr\u00e9nomGrade ActuelSp\u00e9cialit\u00e9AdresseFonction SERIDJI RabiaProf, DRPlanctonologierabiaseridji08@yahoo. frChef HAFFERSSAS AzizPR, DRPlanctonologieahafferssas@usthb.dzMembre TOUAHRIA TarikMAA, CRPlanctonologiettouahria@usthb.dzMembre Articles de cette rubrique Publications Internationales Publications Nationales Communications Internationales <span class=\"readmore\"><a href=\"https:\/\/lobem.usthb.dz\/index.php\/ecosystemes-pelagiques\/\">Continue Reading<\/a><\/span><\/p>\n","protected":false},"author":1,"featured_media":0,"parent":0,"menu_order":0,"comment_status":"closed","ping_status":"closed","template":"","meta":[],"_links":{"self":[{"href":"https:\/\/lobem.usthb.dz\/index.php\/wp-json\/wp\/v2\/pages\/110"}],"collection":[{"href":"https:\/\/lobem.usthb.dz\/index.php\/wp-json\/wp\/v2\/pages"}],"about":[{"href":"https:\/\/lobem.usthb.dz\/index.php\/wp-json\/wp\/v2\/types\/page"}],"author":[{"embeddable":true,"href":"https:\/\/lobem.usthb.dz\/index.php\/wp-json\/wp\/v2\/users\/1"}],"replies":[{"embeddable":true,"href":"https:\/\/lobem.usthb.dz\/index.php\/wp-json\/wp\/v2\/comments?post=110"}],"version-history":[{"count":10,"href":"https:\/\/lobem.usthb.dz\/index.php\/wp-json\/wp\/v2\/pages\/110\/revisions"}],"predecessor-version":[{"id":147,"href":"https:\/\/lobem.usthb.dz\/index.php\/wp-json\/wp\/v2\/pages\/110\/revisions\/147"}],"wp:attachment":[{"href":"https:\/\/lobem.usthb.dz\/index.php\/wp-json\/wp\/v2\/media?parent=110"}],"curies":[{"name":"wp","href":"https:\/\/api.w.org\/{rel}","templated":true}]}}