{"id":100,"date":"2023-07-11T11:06:20","date_gmt":"2023-07-11T11:06:20","guid":{"rendered":"http:\/\/193.194.89.177\/lobem_wp\/?page_id=100"},"modified":"2023-07-11T11:19:01","modified_gmt":"2023-07-11T11:19:01","slug":"encadrement-de-doctorat","status":"publish","type":"page","link":"https:\/\/lobem.usthb.dz\/index.php\/encadrement-de-doctorat\/","title":{"rendered":"Encadrement de Doctorat"},"content":{"rendered":"\n<p><\/p>\n\n\n\n<h3>Chebab B. Ecologie, biologie et exploitation de Mullus surmeletus (Linn\u00e9, 1758) des c\u00f4tes alg\u00e9riennes. Travaux en cours. Promoteur Nouar<\/h3>\n\n\n\n<ol>\n<li>Zeghdoudi H., 2009. Bio \u00e9conomie des p\u00eaches alg\u00e9riennes. Application \u00e0 la p\u00eache chaluti\u00e8re de la r\u00e9gion d\u2019Alger. Travaux en cours, en vue de l\u2019obtention d\u2019une Th\u00e8se de Doctorat en Oc\u00e9anologie. . Promoteur Nouar<\/li>\n\n\n\n<li>Labidi Naciba sur&nbsp;: Scombridae des c\u00f4tes alg\u00e9riennes et \u00e9tude de l\u2019\u00e9cologie, de la biologie et de l\u2019exploitation de Euthynnus alletteratus (Rafinesque, 1810). Travaux en cours. Promoteur Nouar<\/li>\n\n\n\n<li>Kennouche Hanane sur&nbsp;: Ecologie, biologie et exploitation de Sepia officinalis (Linn\u00e9, 1758) des c\u00f4tes alg\u00e9riennes. Travaux en cours. Promoteur Nouar<\/li>\n\n\n\n<li>Ainouche Nawel&nbsp;: Ecologie, biologie et exploitation de Lophius budegassa Spinola, 1807 des c\u00f4tes alg\u00e9riennes. Travaux en cours. Promoteur Nouar<\/li>\n\n\n\n<li>Aissat Faiza&nbsp;: Ecologie, biologie et exploitation de la saupe Sarpa salpa Linnaeus, 1758 dans la r\u00e9gion alg\u00e9roise. Travaux en cours. Promoteur Nouar<\/li>\n\n\n\n<li>Rouidi Samir sur&nbsp;: Ecologie, biologie et exploitation de quatre esp\u00e8ces de Sparid\u00e9s dans la r\u00e9gion de Jijel. Travaux en cours. Promoteur Harchouche<\/li>\n\n\n\n<li>Boufersaoui Samira sur&nbsp;: Biologie et \u00e9valuation des stocks de trois Sparid\u00e9s de la r\u00e9gion centre de l\u2019Alg\u00e9rie&nbsp;: Lithognathus mormyrus (Linnaeus, 1758), Pagrus pagrus (Linnaeus, 1758) et Pagellus acarne (Risso, 1826). Travaux en cours. Promoteur Harchouche<\/li>\n\n\n\n<li>Mokrane Zakia sur&nbsp;: Ecologie, biologie et exploitation des esp\u00e8ces du genre Scorpaena des c\u00f4tes alg\u00e9riennes. Travaux en cours. Promoteur&nbsp;: Zerouali-Khodja F.<\/li>\n\n\n\n<li>Labidi N., 2011. Scombridae des c\u00f4tes alg\u00e9riennes et \u00e9tude de l\u2019\u00e9cologie, de la biologie et de l\u2019exploitation de Euthynnus alletteratus (Rafinesque, 1810)..<\/li>\n\n\n\n<li>Aissat F., 2010. Ecologie, biologie et exploitation de la saupe Sarpa salpa (Linn\u00e9, 1758) dans la r\u00e9gion d\u2019Alger. Ainouche N., 2009. Ecologie, biologie et exploitation d\u2019un poisson T\u00e9l\u00e9ost\u00e9en Lophius budegassa des c\u00f4tes alg\u00e9riennes. Travaux en cours, en vue de l\u2019obtention d\u2019une Th\u00e8se de Doctorat en Oc\u00e9anologie.<\/li>\n\n\n\n<li>Kennouche H., 2009. Ecologie, biologie et exploitation de Mollusque C\u00e9phalopode Sepia officinalis (Linn\u00e9, 1758) des c\u00f4tes alg\u00e9riennes.<\/li>\n\n\n\n<li>Zeghdoudi H., 2008. Bio \u00e9conomie des p\u00eaches alg\u00e9riennes. Application \u00e0 la p\u00eache chaluti\u00e8re de la r\u00e9gion d\u2019Alger.<\/li>\n\n\n\n<li>Amira Soumia sur&nbsp;: La p\u00eache chaluti\u00e8re au port de Bouharoun&nbsp;: Quelques donn\u00e9es sur la biologie et l\u2019exploitation d\u2019une esp\u00e8ce cible, la bogue (Boops boops, Linnaeus 1758) de la c\u00f4te alg\u00e9roise. D\u00e9but des travaux Janvier 2014.<\/li>\n\n\n\n<li>Rouidi Samir sur&nbsp;: Ecologie, biologie et exploitation de quatre esp\u00e8ces de Sparid\u00e9s dans la r\u00e9gion de Jijel. Travaux en cours<\/li>\n\n\n\n<li>Boufersaoui Samira sur&nbsp;: Biologie et \u00e9valuation des stocks de trois Sparid\u00e9s de la r\u00e9gion centre de l\u2019Alg\u00e9rie&nbsp;: Lithognathus mormyrus (Linnaeus, 1758), Pagrus pagrus (Linnaeus, 1758) et Pagellus acarne (Risso, 1826). Travaux en cours.<\/li>\n\n\n\n<li>Alioua Zakia sur&nbsp;: Biologie et dynamique de la population de la mustelle blanche, Phycis blenno\u00efdes (Br\u00fcunich, 1768) de la c\u00f4te alg\u00e9rienne. D\u00e9but des travaux Janvier 2014.<\/li>\n\n\n\n<li>Mokrane Zakia sur&nbsp;: Syst\u00e9matique, \u00e9cologie, biologie et dynamique des populations de rascasses du genre Scorpaena (T\u00e9l\u00e9ost\u00e9en, Scorpaenidae) de la c\u00f4te alg\u00e9roise. Travaux en cours.<\/li>\n<\/ol>\n","protected":false},"excerpt":{"rendered":"<p>Chebab B. Ecologie, biologie et exploitation de Mullus surmeletus (Linn\u00e9, 1758) des c\u00f4tes alg\u00e9riennes. Travaux en cours. Promoteur Nouar<\/p>\n","protected":false},"author":1,"featured_media":0,"parent":0,"menu_order":0,"comment_status":"closed","ping_status":"closed","template":"","meta":[],"_links":{"self":[{"href":"https:\/\/lobem.usthb.dz\/index.php\/wp-json\/wp\/v2\/pages\/100"}],"collection":[{"href":"https:\/\/lobem.usthb.dz\/index.php\/wp-json\/wp\/v2\/pages"}],"about":[{"href":"https:\/\/lobem.usthb.dz\/index.php\/wp-json\/wp\/v2\/types\/page"}],"author":[{"embeddable":true,"href":"https:\/\/lobem.usthb.dz\/index.php\/wp-json\/wp\/v2\/users\/1"}],"replies":[{"embeddable":true,"href":"https:\/\/lobem.usthb.dz\/index.php\/wp-json\/wp\/v2\/comments?post=100"}],"version-history":[{"count":2,"href":"https:\/\/lobem.usthb.dz\/index.php\/wp-json\/wp\/v2\/pages\/100\/revisions"}],"predecessor-version":[{"id":108,"href":"https:\/\/lobem.usthb.dz\/index.php\/wp-json\/wp\/v2\/pages\/100\/revisions\/108"}],"wp:attachment":[{"href":"https:\/\/lobem.usthb.dz\/index.php\/wp-json\/wp\/v2\/media?parent=100"}],"curies":[{"name":"wp","href":"https:\/\/api.w.org\/{rel}","templated":true}]}}